{"id":8753,"date":"2025-03-08T17:18:34","date_gmt":"2025-03-08T17:18:34","guid":{"rendered":"https:\/\/bigfunhobby.com\/butikk\/amerigo-vespucci-1100\/"},"modified":"2026-03-03T12:26:24","modified_gmt":"2026-03-03T10:26:24","slug":"amerigo-vespucci-1100","status":"publish","type":"product","link":"https:\/\/bigfunhobby.com\/da\/butikk\/amerigo-vespucci-1100\/","title":{"rendered":"Amerigo Vespucci 1:100"},"content":{"rendered":"<p>Oplev gl\u00e6den ved at modellere med Amerigo Vespucci 1:100 tr\u00e6skibsmodels\u00e6ttet. S\u00e6ttet er perfekt til b\u00e5de nybegyndere og erfarne entusiaster og indeholder over 600 forskellige dele til timevis af kreativ sjov.<\/p>\n<ul>\n<li>FSC- eller PEFC-certificeret tr\u00e6 af h\u00f8j kvalitet.<\/li>\n<li>H\u00f8jpr\u00e6cisionssk\u00e6ring for nem montering.<\/li>\n<li>Fotografier med messingrelieffer for ekstra detaljer.<\/li>\n<li>Trin-for-trin videoguides og instruktioner p\u00e5 5 forskellige sprog.<\/li>\n<li>HD-billeder, der viser hvert trin i processen.<\/li>\n<li>Dele med m\u00e5l og materialer for nem identifikation.<\/li>\n<li>IP-kort til at identificere delene.<\/li>\n<li>Skalaplaner til n\u00f8jagtig konstruktion.<\/li>\n<li>Livstidsgaranti for kvalitetssikring.<\/li>\n<\/ul>\n<p>Amerigo Vespucci er et ber\u00f8mt sejlskib fra det 20. \u00e5rhundrede, og med dette bygges\u00e6t kan du genopleve historien i dit eget hjem. Alle materialer er af h\u00f8j kvalitet, og den detaljerede vejledning g\u00f8r byggeprocessen til en nem og sjov oplevelse.<\/p>\n<p>Udforsk modelverdenen med dette sp\u00e6ndende skibsmodels\u00e6t i tr\u00e6. K\u00f8b Amerigo Vespucci 1:100 nu, og tr\u00e6d ind i en verden af kreativitet og pr\u00e6cisionsh\u00e5ndv\u00e6rk. Bestil dit s\u00e6t i dag!<\/p>","protected":false},"excerpt":{"rendered":"<p>Amerigo Vespucci 1:100 er et detaljeret skibsmodels\u00e6t i tr\u00e6, perfekt til b\u00e5de begyndere og erfarne modelbyggere, med materialer af h\u00f8j kvalitet og trinvise instruktioner.<\/p>","protected":false},"featured_media":8752,"comment_status":"open","ping_status":"closed","template":"","meta":[],"product_brand":[95],"product_cat":[67],"product_tag":[],"class_list":{"0":"post-8753","1":"product","2":"type-product","3":"status-publish","4":"has-post-thumbnail","6":"product_brand-occre","7":"product_cat-bater-occre","9":"first","10":"instock","11":"taxable","12":"shipping-taxable","13":"purchasable","14":"product-type-simple"},"_links":{"self":[{"href":"https:\/\/bigfunhobby.com\/da\/wp-json\/wp\/v2\/product\/8753","targetHints":{"allow":["GET"]}}],"collection":[{"href":"https:\/\/bigfunhobby.com\/da\/wp-json\/wp\/v2\/product"}],"about":[{"href":"https:\/\/bigfunhobby.com\/da\/wp-json\/wp\/v2\/types\/product"}],"replies":[{"embeddable":true,"href":"https:\/\/bigfunhobby.com\/da\/wp-json\/wp\/v2\/comments?post=8753"}],"wp:featuredmedia":[{"embeddable":true,"href":"https:\/\/bigfunhobby.com\/da\/wp-json\/wp\/v2\/media\/8752"}],"wp:attachment":[{"href":"https:\/\/bigfunhobby.com\/da\/wp-json\/wp\/v2\/media?parent=8753"}],"wp:term":[{"taxonomy":"product_brand","embeddable":true,"href":"https:\/\/bigfunhobby.com\/da\/wp-json\/wp\/v2\/product_brand?post=8753"},{"taxonomy":"product_cat","embeddable":true,"href":"https:\/\/bigfunhobby.com\/da\/wp-json\/wp\/v2\/product_cat?post=8753"},{"taxonomy":"product_tag","embeddable":true,"href":"https:\/\/bigfunhobby.com\/da\/wp-json\/wp\/v2\/product_tag?post=8753"}],"curies":[{"name":"wp","href":"https:\/\/api.w.org\/{rel}","templated":true}]}}