{"id":8759,"date":"2025-03-08T17:18:37","date_gmt":"2025-03-08T17:18:37","guid":{"rendered":"https:\/\/bigfunhobby.com\/butikk\/whaler-essex\/"},"modified":"2026-03-03T12:26:24","modified_gmt":"2026-03-03T10:26:24","slug":"essex-whaler","status":"publish","type":"product","link":"https:\/\/bigfunhobby.com\/da\/butikk\/whaler-essex\/","title":{"rendered":"Whaler Essex"},"content":{"rendered":"<p>\nDette s\u00e6t giver dig mulighed for at skabe din egen model af det ber\u00f8mte hvalfangerskib Whaler Essex. Skibet er kendt for at v\u00e6re inspirationen bag Herman Melvilles klassiske roman Moby Dick. Tag p\u00e5 en historisk rejse, og oplev gl\u00e6den ved at bygge modeller med dette detaljerede s\u00e6t.\n<\/p>\n<p>\nWhaler Essex sejlede ud fra Nantucket i 1819 p\u00e5 et hvalfangsttogt, der kom til at vare to et halvt \u00e5r. Skibet blev angrebet og s\u00e6nket af en stor kaskelothval i november 1820, ca. 2.000 s\u00f8mil fra den sydamerikanske kyst. Af de 21 bes\u00e6tningsmedlemmer overlevede kun 8.\n<\/p>\n<ul>\n<li><b>Produktkategori:<\/b> Bygges\u00e6t til voksne<\/li>\n<li><b>Materialer:<\/b> Dette s\u00e6t er af h\u00f8j kvalitet og giver en autentisk model af Whaler Essex.<\/li>\n<li><b>Historie:<\/b> Essex er ber\u00f8mt for at v\u00e6re det skib, der inspirerede Herman Melville til at skrive Moby Dick, et af litteraturens mesterv\u00e6rker.<\/li>\n<\/ul>\n<p>\nAt bygge modeller er en afslappende og givende hobby, der passer til b\u00e5de begyndere og erfarne entusiaster. Dette s\u00e6t giver en unik mulighed for at dykke ned i en fascinerende del af den maritime historie.\n<\/p>\n<p>\nG\u00e5 ikke glip af chancen for at bygge din egen model af Whaler Essex. Bestil dit s\u00e6t nu, og begynd din rejse ind i hvalfangstens historie.<\/p>","protected":false},"excerpt":{"rendered":"<p>Whaler Essex-bygges\u00e6ttet giver dig mulighed for at bygge en n\u00f8jagtig model af det ber\u00f8mte hvalfangerskib fra det 19. \u00e5rhundrede, som er kendt fra romanen Moby Dick.<\/p>","protected":false},"featured_media":8758,"comment_status":"open","ping_status":"closed","template":"","meta":[],"product_brand":[95],"product_cat":[67],"product_tag":[],"class_list":{"0":"post-8759","1":"product","2":"type-product","3":"status-publish","4":"has-post-thumbnail","6":"product_brand-occre","7":"product_cat-bater-occre","9":"first","10":"instock","11":"taxable","12":"shipping-taxable","13":"purchasable","14":"product-type-simple"},"_links":{"self":[{"href":"https:\/\/bigfunhobby.com\/da\/wp-json\/wp\/v2\/product\/8759","targetHints":{"allow":["GET"]}}],"collection":[{"href":"https:\/\/bigfunhobby.com\/da\/wp-json\/wp\/v2\/product"}],"about":[{"href":"https:\/\/bigfunhobby.com\/da\/wp-json\/wp\/v2\/types\/product"}],"replies":[{"embeddable":true,"href":"https:\/\/bigfunhobby.com\/da\/wp-json\/wp\/v2\/comments?post=8759"}],"wp:featuredmedia":[{"embeddable":true,"href":"https:\/\/bigfunhobby.com\/da\/wp-json\/wp\/v2\/media\/8758"}],"wp:attachment":[{"href":"https:\/\/bigfunhobby.com\/da\/wp-json\/wp\/v2\/media?parent=8759"}],"wp:term":[{"taxonomy":"product_brand","embeddable":true,"href":"https:\/\/bigfunhobby.com\/da\/wp-json\/wp\/v2\/product_brand?post=8759"},{"taxonomy":"product_cat","embeddable":true,"href":"https:\/\/bigfunhobby.com\/da\/wp-json\/wp\/v2\/product_cat?post=8759"},{"taxonomy":"product_tag","embeddable":true,"href":"https:\/\/bigfunhobby.com\/da\/wp-json\/wp\/v2\/product_tag?post=8759"}],"curies":[{"name":"wp","href":"https:\/\/api.w.org\/{rel}","templated":true}]}}