{"id":8763,"date":"2025-03-08T17:18:39","date_gmt":"2025-03-08T17:18:39","guid":{"rendered":"https:\/\/bigfunhobby.com\/butikk\/hms-beagle\/"},"modified":"2026-04-10T16:28:24","modified_gmt":"2026-04-10T14:28:24","slug":"hms-beagle","status":"publish","type":"product","link":"https:\/\/bigfunhobby.com\/da\/butikk\/hms-beagle\/","title":{"rendered":"HMS BEAGLE"},"content":{"rendered":"<p>Oppdag gleden ved modellbygging med HMS Beagle treskipsmodell. Dette er en detaljert byggesett i tre som tar deg med tilbake til 1800-tallet da det ber\u00f8mte forskningsskipet seilte rundt verden med den unge Charles Darwin om bord.<\/p>\n<p>Treskipsmodellen kommer i skala 1\/60, med en bredde p\u00e5 230mm, h\u00f8yde p\u00e5 480mm og lengde p\u00e5 720mm. Byggesettet inkluderer seil, en personlig treplate og grunnleggende konstruksjonsst\u00f8tte.<\/p>\n<ul>\n<li>Trinn for trinn videooppl\u00e6ringer<\/li>\n<li>Instruktioner p\u00e5 5 sprog<\/li>\n<li>Trinn for trinn HD bilder<\/li>\n<li>Delerliste med m\u00e5l og materialer<\/li>\n<li>Kort for identifisering av delene<\/li>\n<li>Skala planer<\/li>\n<li>Livstidsgaranti<\/li>\n<\/ul>\n<p>Historien om HMS Beagle skipet er fascinerende. Skipet er mest kjent for sin forskningsreise ledet av kommand\u00f8r Robert FitzRoy, med den unge Darwin om bord. HMS Beagle ble sj\u00f8satt p\u00e5 Themsen 11. mai 1820 og var det f\u00f8rste skipet som seilte under den nye London Bridge som en del av feiringene for kong George IVs kroning. I l\u00f8pet av sin levetid gjorde HMS Beagle tre store reiser.<\/p>\n<p>For \u00e5 fullf\u00f8re treskipsmodellen HMS Beagle kan det v\u00e6re nyttig med tilleggsutstyr som akrylmaling, arbeidsstativ og LED-lys, som er tilgjengelig for kj\u00f8p separat.<\/p>\n<p>Enten du er en erfaren modellbygger eller en nybegynner, er HMS Beagle treskipsmodell et perfekt prosjekt. Bygg din egen modell og bli en del av historien. Bestill n\u00e5!<\/p>","protected":false},"excerpt":{"rendered":"<p>HMS Beagle er en h\u00f8ykvalitets treskipsmodell i skala 1\/60. Denne byggesett inkluderer b\u00e5de trinnvise instruksjoner og videooppl\u00e6ringer, noe som gj\u00f8r den perfekt for b\u00e5de nybegynnere og erfarne modellbyggere.<\/p>","protected":false},"featured_media":8762,"comment_status":"open","ping_status":"closed","template":"","meta":[],"product_brand":[95],"product_cat":[67],"product_tag":[],"class_list":{"0":"post-8763","1":"product","2":"type-product","3":"status-publish","4":"has-post-thumbnail","6":"product_brand-occre","7":"product_cat-bater-occre","9":"first","10":"outofstock","11":"taxable","12":"shipping-taxable","13":"purchasable","14":"product-type-simple"},"_links":{"self":[{"href":"https:\/\/bigfunhobby.com\/da\/wp-json\/wp\/v2\/product\/8763","targetHints":{"allow":["GET"]}}],"collection":[{"href":"https:\/\/bigfunhobby.com\/da\/wp-json\/wp\/v2\/product"}],"about":[{"href":"https:\/\/bigfunhobby.com\/da\/wp-json\/wp\/v2\/types\/product"}],"replies":[{"embeddable":true,"href":"https:\/\/bigfunhobby.com\/da\/wp-json\/wp\/v2\/comments?post=8763"}],"wp:featuredmedia":[{"embeddable":true,"href":"https:\/\/bigfunhobby.com\/da\/wp-json\/wp\/v2\/media\/8762"}],"wp:attachment":[{"href":"https:\/\/bigfunhobby.com\/da\/wp-json\/wp\/v2\/media?parent=8763"}],"wp:term":[{"taxonomy":"product_brand","embeddable":true,"href":"https:\/\/bigfunhobby.com\/da\/wp-json\/wp\/v2\/product_brand?post=8763"},{"taxonomy":"product_cat","embeddable":true,"href":"https:\/\/bigfunhobby.com\/da\/wp-json\/wp\/v2\/product_cat?post=8763"},{"taxonomy":"product_tag","embeddable":true,"href":"https:\/\/bigfunhobby.com\/da\/wp-json\/wp\/v2\/product_tag?post=8763"}],"curies":[{"name":"wp","href":"https:\/\/api.w.org\/{rel}","templated":true}]}}