{"id":8767,"date":"2025-03-08T17:18:41","date_gmt":"2025-03-08T17:18:41","guid":{"rendered":"https:\/\/bigfunhobby.com\/butikk\/n-s-mercedes\/"},"modified":"2026-03-03T12:26:24","modified_gmt":"2026-03-03T10:26:24","slug":"n-s-mercedes","status":"publish","type":"product","link":"https:\/\/bigfunhobby.com\/da\/butikk\/n-s-mercedes\/","title":{"rendered":"N.S. Mercedes"},"content":{"rendered":"<p>Oplev historien helt t\u00e6t p\u00e5 med s\u00e6ttet '<strong>N.S. Mercedes<\/strong>', en detaljeret tr\u00e6skibsmodel af den ber\u00f8mte spanske fregat fra 1788. Med sine 34 kanoner er dette en skalamodel, der oser af autentiske detaljer og historisk smag.<\/p>\n<p>Udgivelse '<strong>Nuestra Se\u00f1ora de las Mercedes<\/strong>' blev bygget i Havana og blev en del af <strong>Den spanske kongelige fl\u00e5de<\/strong>. I august 1804 st\u00e6vnede det ud fra Montevideo, lastet med guld, s\u00f8lv, kobber, tin, uld, peruviansk bark og kanel. <\/p>\n<p>Den 5. oktober 1804 blev den dramatiske <strong>Slaget ved Kap Santa Maria<\/strong> sted, hvor et projektil fra den engelske fl\u00e5de ramte Santa Barbara, hvilket f\u00f8rte til hendes tragiske og hurtige forlis. I maj 2007 blev vraget af fregatten opdaget i Cadiz-bugten af selskabet <strong>Odysseen<\/strong>. Ved hj\u00e6lp af en undervandsrobot, der arbejdede fra overfladen og p\u00e5 omkring 1.100 meters dybde, lykkedes det at hente Mercedes' sunkne skat op.<\/p>\n<p>Fangsten bestod af 500.000 s\u00f8lv- og guldm\u00f8nter (ottetalsm\u00f8nter og escudos, pr\u00e6get i Lima, Peru i 1803) - den st\u00f8rste sunkne skat, der er blevet fundet til dato. Du kan se nogle af disse skatte i dag p\u00e5 <strong>Det nationale ark\u00e6ologiske museum i Cartagena<\/strong>.<\/p>\n<p>Nu kan du genskabe denne bem\u00e6rkelsesv\u00e6rdige fregat med vores skibsmodels\u00e6t i tr\u00e6. S\u00e6ttet er klar til at blive samlet med dele af h\u00f8j kvalitet, der sikrer en autentisk og detaljeret model. Perfekt til b\u00e5de begyndere og erfarne modelbyggere.<\/p>\n<p>Lad dig betage af historien og detaljerne i 'N.S. Mercedes'. <strong>Bestil dit kit i dag.<\/strong><\/p>","protected":false},"excerpt":{"rendered":"<p>S\u00e6ttet \"N.S. Mercedes\" er en trofast rekonstruktion af den spanske fregat fra 1788, fyldt med historisk smag og detaljer. Perfekt til entusiastiske modelbyggere.<\/p>","protected":false},"featured_media":8766,"comment_status":"open","ping_status":"closed","template":"","meta":[],"product_brand":[95],"product_cat":[67],"product_tag":[],"class_list":{"0":"post-8767","1":"product","2":"type-product","3":"status-publish","4":"has-post-thumbnail","6":"product_brand-occre","7":"product_cat-bater-occre","9":"first","10":"instock","11":"taxable","12":"shipping-taxable","13":"purchasable","14":"product-type-simple"},"_links":{"self":[{"href":"https:\/\/bigfunhobby.com\/da\/wp-json\/wp\/v2\/product\/8767","targetHints":{"allow":["GET"]}}],"collection":[{"href":"https:\/\/bigfunhobby.com\/da\/wp-json\/wp\/v2\/product"}],"about":[{"href":"https:\/\/bigfunhobby.com\/da\/wp-json\/wp\/v2\/types\/product"}],"replies":[{"embeddable":true,"href":"https:\/\/bigfunhobby.com\/da\/wp-json\/wp\/v2\/comments?post=8767"}],"wp:featuredmedia":[{"embeddable":true,"href":"https:\/\/bigfunhobby.com\/da\/wp-json\/wp\/v2\/media\/8766"}],"wp:attachment":[{"href":"https:\/\/bigfunhobby.com\/da\/wp-json\/wp\/v2\/media?parent=8767"}],"wp:term":[{"taxonomy":"product_brand","embeddable":true,"href":"https:\/\/bigfunhobby.com\/da\/wp-json\/wp\/v2\/product_brand?post=8767"},{"taxonomy":"product_cat","embeddable":true,"href":"https:\/\/bigfunhobby.com\/da\/wp-json\/wp\/v2\/product_cat?post=8767"},{"taxonomy":"product_tag","embeddable":true,"href":"https:\/\/bigfunhobby.com\/da\/wp-json\/wp\/v2\/product_tag?post=8767"}],"curies":[{"name":"wp","href":"https:\/\/api.w.org\/{rel}","templated":true}]}}