{"id":8769,"date":"2025-03-08T17:18:42","date_gmt":"2025-03-08T17:18:42","guid":{"rendered":"https:\/\/bigfunhobby.com\/butikk\/buccaneer-pirate-ship\/"},"modified":"2026-03-03T12:26:24","modified_gmt":"2026-03-03T10:26:24","slug":"buccaneer-piratskib","status":"publish","type":"product","link":"https:\/\/bigfunhobby.com\/da\/butikk\/buccaneer-pirate-ship\/","title":{"rendered":"Buccaneer piratskib"},"content":{"rendered":"<p>Tr\u00e6d ind i historiens m\u00f8rke side med vores Buccaneer Pirate Ship, et rigt detaljeret bygges\u00e6t, der tager dig tilbage til piraternes og s\u00f8r\u00f8vernes tid.<\/p>\n<p>I det 17. og 18. \u00e5rhundrede skrev pirater og s\u00f8r\u00f8vere historie med deres fantastiske skatte og store gerninger. Disse frygtede s\u00f8r\u00f8vere, som ofte omtales som \"havets konger\", opererede prim\u00e6rt i Caribien langs handelsruten mellem Amerika og Europa.<\/p>\n<p> Mens pirater plyndrede handelsskibe og angreb kystbyer for at berige sig selv, besk\u00e6ftigede s\u00f8r\u00f8verne sig med smugling, kapring af sm\u00e5 handelsskibe og slavehandel. Vores tr\u00e6skibsmodel repr\u00e6senterer et af de fart\u00f8jer, der kan v\u00e6re blevet brugt til deres ugerninger.<\/p>\n<ul>\n<li>Dette s\u00e6t indeholder en autentisk model af et historisk piratskib<\/li>\n<li>Perfekt til b\u00e5de nye og erfarne modelbyggere<\/li>\n<li>Kr\u00e6ver samling, hvilket giver en engagerende og l\u00e6rerig oplevelse<\/li>\n<\/ul>\n<p>Modelbygning har l\u00e6nge v\u00e6ret en popul\u00e6r hobby blandt voksne, og vores Buccaneer Pirate Ship-s\u00e6t giver en unik mulighed for at udforske en fascinerende del af den maritime historie.<\/p>\n<p>G\u00e5 ikke glip af denne mulighed for at dykke ned i piraternes verden. K\u00f8b Buccaneer Pirate Ship-bygges\u00e6ttet nu, og start din rejse tilbage i tiden!<\/p>","protected":false},"excerpt":{"rendered":"<p>Buccaneer Pirate Ship er et detaljeret bygges\u00e6t af et historisk piratskib. Perfekt til modelbyggere med interesse for maritim historie.<\/p>","protected":false},"featured_media":8768,"comment_status":"open","ping_status":"closed","template":"","meta":[],"product_brand":[95],"product_cat":[67],"product_tag":[],"class_list":{"0":"post-8769","1":"product","2":"type-product","3":"status-publish","4":"has-post-thumbnail","6":"product_brand-occre","7":"product_cat-bater-occre","9":"first","10":"instock","11":"taxable","12":"shipping-taxable","13":"purchasable","14":"product-type-simple"},"_links":{"self":[{"href":"https:\/\/bigfunhobby.com\/da\/wp-json\/wp\/v2\/product\/8769","targetHints":{"allow":["GET"]}}],"collection":[{"href":"https:\/\/bigfunhobby.com\/da\/wp-json\/wp\/v2\/product"}],"about":[{"href":"https:\/\/bigfunhobby.com\/da\/wp-json\/wp\/v2\/types\/product"}],"replies":[{"embeddable":true,"href":"https:\/\/bigfunhobby.com\/da\/wp-json\/wp\/v2\/comments?post=8769"}],"wp:featuredmedia":[{"embeddable":true,"href":"https:\/\/bigfunhobby.com\/da\/wp-json\/wp\/v2\/media\/8768"}],"wp:attachment":[{"href":"https:\/\/bigfunhobby.com\/da\/wp-json\/wp\/v2\/media?parent=8769"}],"wp:term":[{"taxonomy":"product_brand","embeddable":true,"href":"https:\/\/bigfunhobby.com\/da\/wp-json\/wp\/v2\/product_brand?post=8769"},{"taxonomy":"product_cat","embeddable":true,"href":"https:\/\/bigfunhobby.com\/da\/wp-json\/wp\/v2\/product_cat?post=8769"},{"taxonomy":"product_tag","embeddable":true,"href":"https:\/\/bigfunhobby.com\/da\/wp-json\/wp\/v2\/product_tag?post=8769"}],"curies":[{"name":"wp","href":"https:\/\/api.w.org\/{rel}","templated":true}]}}