{"id":8777,"date":"2025-03-08T17:18:47","date_gmt":"2025-03-08T17:18:47","guid":{"rendered":"https:\/\/bigfunhobby.com\/butikk\/14006-bounty\/"},"modified":"2026-03-03T12:26:26","modified_gmt":"2026-03-03T10:26:26","slug":"14006-bounty","status":"publish","type":"product","link":"https:\/\/bigfunhobby.com\/da\/butikk\/14006-bounty\/","title":{"rendered":"14006 - Dus\u00f8r"},"content":{"rendered":"<p>Dra p\u00e5 en reise tilbake til 1700-tallet med v\u00e5r 14006 &#8211; Bounty treskipsmodell. Dette byggesettet gir deg muligheten til \u00e5 fordype deg i verdenen av modellskipshistorie, og n\u00f8yaktig replikere denne praktfulle fregatten ned til minste detalj.<\/p>\n<p>Bygget i 1783 som et lasteskip, ble Bounty kj\u00f8pt av Royal Navy i 1787 for transport av br\u00f8dfrukt fra Tahiti til Karibia. Denne frukten var ment som billig mat for slavene som jobbet i sukkerr\u00f8rplantasjene. Skipet satte seil fra England under kaptein William Bligh og ankom Tahiti senere enn planlagt etter en 10-m\u00e5neders reise. P\u00e5 grunn av denne forsinkelsen, m\u00e5tte de vente i 5 m\u00e5neder f\u00f8r de kunne seile videre til Karibia, det endelige reisem\u00e5let. Under denne reisen var det et mytteri om bord ledet av Fletcher Christian.<\/p>\n<p>Mytteristene beordret kaptein Bligh, sammen med 18 lojale sj\u00f8folk, ombord i skipets lettb\u00e5t og satte dem p\u00e5 sj\u00f8en. Bligh klarte det heroiske stuntet \u00e5 n\u00e5 \u00f8ya Timor etter 41 dager til sj\u00f8s.<\/p>\n<p>V\u00e5r Bounty modellskip er et n\u00f8ye utformet byggesett i tre, utviklet for \u00e5 gi deg en autentisk opplevelse av skipmodellbygging. Hver detalj er laget for \u00e5 v\u00e6re tro mot originalen, og gir deg muligheten til \u00e5 lage en modell som er tro mot det ikoniske skipet. Enten du er en erfaren modellbygger eller en nybegynner, er dette byggesettet en fantastisk m\u00e5te \u00e5 dykke dypere inn i denne fascinerende hobbyen.<\/p>\n<p>Ikke vent lenger, bestill din 14006 &#8211; Bounty treskipsmodell i dag og begynn p\u00e5 din reise inn i den spennende verdenen av modellbygging.<\/p>","protected":false},"excerpt":{"rendered":"<p>Dykk ned i hjertet av modellskipshistorien med 14006 &#8211; Bounty treskipsmodell. Gjenlev dette ikoniske skipets reise fra 1700-tallet, perfekt for b\u00e5de nybegynnere og erfarne modellbyggere.<\/p>","protected":false},"featured_media":8776,"comment_status":"open","ping_status":"closed","template":"","meta":[],"product_brand":[95],"product_cat":[67],"product_tag":[],"class_list":{"0":"post-8777","1":"product","2":"type-product","3":"status-publish","4":"has-post-thumbnail","6":"product_brand-occre","7":"product_cat-bater-occre","9":"first","10":"instock","11":"taxable","12":"shipping-taxable","13":"purchasable","14":"product-type-simple"},"_links":{"self":[{"href":"https:\/\/bigfunhobby.com\/da\/wp-json\/wp\/v2\/product\/8777","targetHints":{"allow":["GET"]}}],"collection":[{"href":"https:\/\/bigfunhobby.com\/da\/wp-json\/wp\/v2\/product"}],"about":[{"href":"https:\/\/bigfunhobby.com\/da\/wp-json\/wp\/v2\/types\/product"}],"replies":[{"embeddable":true,"href":"https:\/\/bigfunhobby.com\/da\/wp-json\/wp\/v2\/comments?post=8777"}],"wp:featuredmedia":[{"embeddable":true,"href":"https:\/\/bigfunhobby.com\/da\/wp-json\/wp\/v2\/media\/8776"}],"wp:attachment":[{"href":"https:\/\/bigfunhobby.com\/da\/wp-json\/wp\/v2\/media?parent=8777"}],"wp:term":[{"taxonomy":"product_brand","embeddable":true,"href":"https:\/\/bigfunhobby.com\/da\/wp-json\/wp\/v2\/product_brand?post=8777"},{"taxonomy":"product_cat","embeddable":true,"href":"https:\/\/bigfunhobby.com\/da\/wp-json\/wp\/v2\/product_cat?post=8777"},{"taxonomy":"product_tag","embeddable":true,"href":"https:\/\/bigfunhobby.com\/da\/wp-json\/wp\/v2\/product_tag?post=8777"}],"curies":[{"name":"wp","href":"https:\/\/api.w.org\/{rel}","templated":true}]}}