{"id":8779,"date":"2025-03-08T17:18:48","date_gmt":"2025-03-08T17:18:48","guid":{"rendered":"https:\/\/bigfunhobby.com\/butikk\/hms-revenge\/"},"modified":"2026-03-03T12:26:26","modified_gmt":"2026-03-03T10:26:26","slug":"hms-revenge","status":"publish","type":"product","link":"https:\/\/bigfunhobby.com\/da\/butikk\/hms-revenge\/","title":{"rendered":"HMS Revenge"},"content":{"rendered":"<p>Dette HMS Revenge byggesettet tilbyr en unik mulighet til \u00e5 bygge en n\u00f8yaktig treskipsmodell av det historiske engelske galleonskipet. Skipet ble bygget av Sir John Hawkins i Deptford i 1577 og har en rekke s\u00e6regne designegenskaper, som en smalere forhold mellom lengden og bredden, mindre for- og akterkastell og lavere fribord for bedre stabilitet for artilleriet.<\/p>\n<p>HMS Revenge deltok under kommando av Sir Francis Drake i flere kjente sj\u00f8slag. Det var en integrert del av Frobisher-ekspedisjonen i 1590 mot den indiske fl\u00e5ten, og ble senere tatt som krigsbytte. En fryktelig storm sank til slutt Revenge p\u00e5 vei til Spania.<\/p>\n<p>Dette byggesettet for voksne gir deg muligheten til \u00e5 gjenoppleve en viktig del av sj\u00f8fartshistorien. Settet er laget med stor oppmerksomhet p\u00e5 detaljer, slik at det ferdige resultatet vil v\u00e6re en troverdig miniatyr av det opprinnelige skipet. Med dette byggesettet kan du forbedre dine ferdigheter innen modellbygging og tilf\u00f8ye en imponerende modell til din samling.<\/p>\n<p>Ikke vent lenger, nyt gleden av \u00e5 bygge din egen HMS Revenge. <strong>K\u00f8b her<\/strong> og start ditt neste modellbyggingsprosjekt i dag!<\/p>","protected":false},"excerpt":{"rendered":"<p>HMS Revenge byggesett er en detaljert modell av det ber\u00f8mte engelske galleonskipet, perfekt for entusiaster av historiske treskipsmodeller.<\/p>","protected":false},"featured_media":8778,"comment_status":"open","ping_status":"closed","template":"","meta":[],"product_brand":[95],"product_cat":[67],"product_tag":[],"class_list":{"0":"post-8779","1":"product","2":"type-product","3":"status-publish","4":"has-post-thumbnail","6":"product_brand-occre","7":"product_cat-bater-occre","9":"first","10":"instock","11":"taxable","12":"shipping-taxable","13":"purchasable","14":"product-type-simple"},"_links":{"self":[{"href":"https:\/\/bigfunhobby.com\/da\/wp-json\/wp\/v2\/product\/8779","targetHints":{"allow":["GET"]}}],"collection":[{"href":"https:\/\/bigfunhobby.com\/da\/wp-json\/wp\/v2\/product"}],"about":[{"href":"https:\/\/bigfunhobby.com\/da\/wp-json\/wp\/v2\/types\/product"}],"replies":[{"embeddable":true,"href":"https:\/\/bigfunhobby.com\/da\/wp-json\/wp\/v2\/comments?post=8779"}],"wp:featuredmedia":[{"embeddable":true,"href":"https:\/\/bigfunhobby.com\/da\/wp-json\/wp\/v2\/media\/8778"}],"wp:attachment":[{"href":"https:\/\/bigfunhobby.com\/da\/wp-json\/wp\/v2\/media?parent=8779"}],"wp:term":[{"taxonomy":"product_brand","embeddable":true,"href":"https:\/\/bigfunhobby.com\/da\/wp-json\/wp\/v2\/product_brand?post=8779"},{"taxonomy":"product_cat","embeddable":true,"href":"https:\/\/bigfunhobby.com\/da\/wp-json\/wp\/v2\/product_cat?post=8779"},{"taxonomy":"product_tag","embeddable":true,"href":"https:\/\/bigfunhobby.com\/da\/wp-json\/wp\/v2\/product_tag?post=8779"}],"curies":[{"name":"wp","href":"https:\/\/api.w.org\/{rel}","templated":true}]}}