{"id":8781,"date":"2025-03-08T17:18:49","date_gmt":"2025-03-08T17:18:49","guid":{"rendered":"https:\/\/bigfunhobby.com\/butikk\/aurora\/"},"modified":"2026-03-19T18:51:38","modified_gmt":"2026-03-19T16:51:38","slug":"aurora","status":"publish","type":"product","link":"https:\/\/bigfunhobby.com\/da\/butikk\/aurora\/","title":{"rendered":"Aurora"},"content":{"rendered":"<p>Dykk ned i verdenen av modellbygging med Aurora, en detaljert treskipsmodell av en brig. Bli med p\u00e5 en historisk reise tilbake til 19. og tidlig 20. \u00e5rhundre, en tid preget av omfattende sj\u00f8transport mellom Spania og deres oversj\u00f8iske kolonier.<\/p>\n<p>Aurora er en str\u00e5lende representasjon av en brig, et seilskip som var mye brukt for reiser til Amerika, takket v\u00e6re dens rigging som ga optimale resultater under forhold med konstant vind. Med dette byggesettet for voksne, kan du skape en autentisk kopi ned til den minste detalj.<\/p>\n<p><strong>Specifikationer:<\/strong><\/p>\n<ul>\n<li>Type: Brig<\/li>\n<li>Materialer: Tr\u00e6<\/li>\n<li>Historisk periode: 19. &#8211; tidlig 20. \u00e5rhundre<\/li>\n<li>For: Nybegynnere og erfarne entusiaster<\/li>\n<\/ul>\n<p>Modellbygging er mer enn bare en hobby, det er en m\u00e5te \u00e5 l\u00e6re p\u00e5, \u00e5 slappe av, og \u00e5 uttrykke kreativitet. Det er en m\u00e5te \u00e5 koble av fra dagens digitale verden og \u00e5 kjenne p\u00e5 tilfredsstillelsen av \u00e5 skape noe med egne hender. Aurora byggesett i tre gir deg denne opplevelsen.<\/p>\n<p>Vi inviterer deg til \u00e5 miste deg selv i dette kreative prosjektet. Sett opp et rom for kreativ fritid der du kan nyte denne utrolige modellbyggingopplevelsen. Aurora treskipsmodell er ikke bare et byggesett, men en reise tilbake i tid.<\/p>\n<p>Er du klar for reisen? <strong>Bestill Aurora treskipsmodell i dag og start ditt modellbyggingeventyr!<\/strong><\/p>","protected":false},"excerpt":{"rendered":"<p>Aurora er en autentisk treskipsmodell av en brig, perfekt for b\u00e5de nybegynnere og erfarne entusiaster. Dette byggesettet tar deg med p\u00e5 en reise tilbake til storhetstiden for sj\u00f8fart mellom Spania og dens oversj\u00f8iske kolonier.<\/p>","protected":false},"featured_media":8780,"comment_status":"open","ping_status":"closed","template":"","meta":[],"product_brand":[95],"product_cat":[67],"product_tag":[],"class_list":{"0":"post-8781","1":"product","2":"type-product","3":"status-publish","4":"has-post-thumbnail","6":"product_brand-occre","7":"product_cat-bater-occre","9":"first","10":"instock","11":"taxable","12":"shipping-taxable","13":"purchasable","14":"product-type-simple"},"_links":{"self":[{"href":"https:\/\/bigfunhobby.com\/da\/wp-json\/wp\/v2\/product\/8781","targetHints":{"allow":["GET"]}}],"collection":[{"href":"https:\/\/bigfunhobby.com\/da\/wp-json\/wp\/v2\/product"}],"about":[{"href":"https:\/\/bigfunhobby.com\/da\/wp-json\/wp\/v2\/types\/product"}],"replies":[{"embeddable":true,"href":"https:\/\/bigfunhobby.com\/da\/wp-json\/wp\/v2\/comments?post=8781"}],"wp:featuredmedia":[{"embeddable":true,"href":"https:\/\/bigfunhobby.com\/da\/wp-json\/wp\/v2\/media\/8780"}],"wp:attachment":[{"href":"https:\/\/bigfunhobby.com\/da\/wp-json\/wp\/v2\/media?parent=8781"}],"wp:term":[{"taxonomy":"product_brand","embeddable":true,"href":"https:\/\/bigfunhobby.com\/da\/wp-json\/wp\/v2\/product_brand?post=8781"},{"taxonomy":"product_cat","embeddable":true,"href":"https:\/\/bigfunhobby.com\/da\/wp-json\/wp\/v2\/product_cat?post=8781"},{"taxonomy":"product_tag","embeddable":true,"href":"https:\/\/bigfunhobby.com\/da\/wp-json\/wp\/v2\/product_tag?post=8781"}],"curies":[{"name":"wp","href":"https:\/\/api.w.org\/{rel}","templated":true}]}}