{"id":8783,"date":"2025-03-08T17:18:50","date_gmt":"2025-03-08T17:18:50","guid":{"rendered":"https:\/\/bigfunhobby.com\/butikk\/aec-bus-b-type\/"},"modified":"2026-03-03T12:26:26","modified_gmt":"2026-03-03T10:26:26","slug":"aec-bus-b-type","status":"publish","type":"product","link":"https:\/\/bigfunhobby.com\/da\/butikk\/aec-bus-b-type\/","title":{"rendered":"AEC Bus B-type"},"content":{"rendered":"<p>Gled deg over mange timer med kreativ underholdning med dette fantastiske byggesettet av <strong>AEC Bus B-type<\/strong>, den f\u00f8rste masseproduserte bussen. Dette er en unik mulighet til \u00e5 bygge en n\u00f8yaktig skalamodell av et historisk kj\u00f8ret\u00f8y som en gang dominerte Londons gater.<\/p>\n<p><strong>AEC B-type busser<\/strong> ble produsert i Walthamstow og erstattet de tidligere X-type bussene. B-type bussen kunne frakte 34 passasjerer, med 16 plasser innend\u00f8rs og 18 p\u00e5 det \u00e5pne \u00f8vre dekket. De f\u00f8rste av disse bussene begynte \u00e5 transportere passasjerer i 1911, og innen 1913 var om lag 2500 av dem i tjeneste.<\/p>\n<p>Modellen ble designet av Frank Searle, som var sjefsingeni\u00f8r ved LGOC. Den hadde en treramme, st\u00e5lhjul, en snegledrift og kjedegirkasse. Den kunne n\u00e5 en toppfart p\u00e5 16 mph, noe som overgikk den lovlige hastighetsgrensen p\u00e5 den tiden p\u00e5 12 mph.<\/p>\n<p>I l\u00f8pet av f\u00f8rste verdenskrig ble totalt 900 <strong>B-type busser<\/strong> brukt til \u00e5 transportere tropper bak frontlinjene. Det keiserlige krigsmuseet har fortsatt en av disse bussene, B 43, kj\u00e6rlig kjent som Ole Bill. Den originale B 340 er fortsatt bevart p\u00e5 London Transport Museum i Covent Garden, og har blitt restaurert.<\/p>\n<p>Sett sammen denne <strong>skalamodellen<\/strong> og ta en reise tilbake til tiden da disse bussene fylte gatene. B\u00e5de nybegynnere og erfarne modellbyggere vil finne glede i \u00e5 bygge dette settet. Bestill ditt AEC Bus B-type byggesett i dag og start ditt nye modellbyggingsprosjekt.<\/p>","protected":false},"excerpt":{"rendered":"<p>Bygg ditt eget AEC Bus B-type byggesett, en n\u00f8yaktig skalamodell av den f\u00f8rste masseproduserte bussen. Passer for b\u00e5de nybegynnere og erfarne modellbyggere.<\/p>","protected":false},"featured_media":8782,"comment_status":"open","ping_status":"closed","template":"","meta":[],"product_brand":[95],"product_cat":[68],"product_tag":[],"class_list":{"0":"post-8783","1":"product","2":"type-product","3":"status-publish","4":"has-post-thumbnail","6":"product_brand-occre","7":"product_cat-togtrikk-occre","9":"first","10":"instock","11":"taxable","12":"shipping-taxable","13":"purchasable","14":"product-type-simple"},"_links":{"self":[{"href":"https:\/\/bigfunhobby.com\/da\/wp-json\/wp\/v2\/product\/8783","targetHints":{"allow":["GET"]}}],"collection":[{"href":"https:\/\/bigfunhobby.com\/da\/wp-json\/wp\/v2\/product"}],"about":[{"href":"https:\/\/bigfunhobby.com\/da\/wp-json\/wp\/v2\/types\/product"}],"replies":[{"embeddable":true,"href":"https:\/\/bigfunhobby.com\/da\/wp-json\/wp\/v2\/comments?post=8783"}],"wp:featuredmedia":[{"embeddable":true,"href":"https:\/\/bigfunhobby.com\/da\/wp-json\/wp\/v2\/media\/8782"}],"wp:attachment":[{"href":"https:\/\/bigfunhobby.com\/da\/wp-json\/wp\/v2\/media?parent=8783"}],"wp:term":[{"taxonomy":"product_brand","embeddable":true,"href":"https:\/\/bigfunhobby.com\/da\/wp-json\/wp\/v2\/product_brand?post=8783"},{"taxonomy":"product_cat","embeddable":true,"href":"https:\/\/bigfunhobby.com\/da\/wp-json\/wp\/v2\/product_cat?post=8783"},{"taxonomy":"product_tag","embeddable":true,"href":"https:\/\/bigfunhobby.com\/da\/wp-json\/wp\/v2\/product_tag?post=8783"}],"curies":[{"name":"wp","href":"https:\/\/api.w.org\/{rel}","templated":true}]}}