{"id":8785,"date":"2025-03-08T17:18:51","date_gmt":"2025-03-08T17:18:51","guid":{"rendered":"https:\/\/bigfunhobby.com\/butikk\/adler-coach\/"},"modified":"2026-03-03T12:26:26","modified_gmt":"2026-03-03T10:26:26","slug":"adler-traener","status":"publish","type":"product","link":"https:\/\/bigfunhobby.com\/da\/butikk\/adler-coach\/","title":{"rendered":"Adler (tr\u00e6ner)"},"content":{"rendered":"<p>Opdag en skat inden for modeljernbaner med Adler-bygges\u00e6ttet. Dette s\u00e6t giver dig mulighed for at genopleve en tid, hvor lande var fulde af s\u00e5danne tog. Uanset om du er nybegynder eller erfaren modelbygger, vil dette s\u00e6t tage dig med p\u00e5 en autentisk rejse tilbage i tiden.<\/p>\n<p>Adler-lokomotivet, der blev fremstillet af Robert Stephenson &amp; Co. i Newcastle, blev transporteret i dele hele vejen til N\u00fcrnberg. Her blev det samlet igen i Johann Wilhelm Spaeths v\u00e6rksteder. Oplev denne historiske rejse gennem detaljerne i vores s\u00e6t.<\/p>\n<p>Adler-lokomotivets vogne blev oprindeligt bygget i tr\u00e6 af lokale v\u00e6rksteder. Vores s\u00e6t giver dig mulighed for at genskabe disse ikoniske vogne i stor detalje.<\/p>\n<p>Tag p\u00e5 en rejse gennem tid og rum ved at bygge en model af dette ber\u00f8mte togs\u00e6t. Dette s\u00e6t f\u00f8rer dig trin for trin gennem processen med at samle en model, der indeholder alle detaljerne fra det originale Adler-lokomotiv.<\/p>\n<p>Vi inviterer dig til at slippe din kreativitet l\u00f8s og nyde stille stunder med dette fantastiske modeljernbane-bygges\u00e6t. Tag et skridt tilbage i tiden, og genoplev jernbanehistorien med Adler-bygges\u00e6ttet. <\/p>\n<p>Vent ikke, start din modelleringsrejse i dag. Se vores udvalg og bestil nu!<\/p>","protected":false},"excerpt":{"rendered":"<p>Genoplev jernbanehistorien med Adler-s\u00e6ttet, en detaljeret model af det ber\u00f8mte Adler-lokomotiv. Perfekt til b\u00e5de begyndere og erfarne modelbyggere.<\/p>","protected":false},"featured_media":8784,"comment_status":"open","ping_status":"closed","template":"","meta":[],"product_brand":[95],"product_cat":[68],"product_tag":[],"class_list":{"0":"post-8785","1":"product","2":"type-product","3":"status-publish","4":"has-post-thumbnail","6":"product_brand-occre","7":"product_cat-togtrikk-occre","9":"first","10":"instock","11":"taxable","12":"shipping-taxable","13":"purchasable","14":"product-type-simple"},"_links":{"self":[{"href":"https:\/\/bigfunhobby.com\/da\/wp-json\/wp\/v2\/product\/8785","targetHints":{"allow":["GET"]}}],"collection":[{"href":"https:\/\/bigfunhobby.com\/da\/wp-json\/wp\/v2\/product"}],"about":[{"href":"https:\/\/bigfunhobby.com\/da\/wp-json\/wp\/v2\/types\/product"}],"replies":[{"embeddable":true,"href":"https:\/\/bigfunhobby.com\/da\/wp-json\/wp\/v2\/comments?post=8785"}],"wp:featuredmedia":[{"embeddable":true,"href":"https:\/\/bigfunhobby.com\/da\/wp-json\/wp\/v2\/media\/8784"}],"wp:attachment":[{"href":"https:\/\/bigfunhobby.com\/da\/wp-json\/wp\/v2\/media?parent=8785"}],"wp:term":[{"taxonomy":"product_brand","embeddable":true,"href":"https:\/\/bigfunhobby.com\/da\/wp-json\/wp\/v2\/product_brand?post=8785"},{"taxonomy":"product_cat","embeddable":true,"href":"https:\/\/bigfunhobby.com\/da\/wp-json\/wp\/v2\/product_cat?post=8785"},{"taxonomy":"product_tag","embeddable":true,"href":"https:\/\/bigfunhobby.com\/da\/wp-json\/wp\/v2\/product_tag?post=8785"}],"curies":[{"name":"wp","href":"https:\/\/api.w.org\/{rel}","templated":true}]}}