{"id":8791,"date":"2025-03-08T17:18:53","date_gmt":"2025-03-08T17:18:53","guid":{"rendered":"https:\/\/bigfunhobby.com\/butikk\/53005-lisboa\/"},"modified":"2026-03-03T12:26:26","modified_gmt":"2026-03-03T10:26:26","slug":"53005-lisboa","status":"publish","type":"product","link":"https:\/\/bigfunhobby.com\/da\/butikk\/53005-lisboa\/","title":{"rendered":"53005 - Lisboa"},"content":{"rendered":"<p>La deg rive med av spenningen og nyt gleden av en tid da disse fantastiske <strong>Sporvogne<\/strong> kj\u00f8rte gjennom v\u00e5re gater. Med v\u00e5rt Lisboa-trikk byggesett kan du gjenoppleve denne perioden og lage en trofast modell av den originale Lisboa-trikken, med alle dens detaljer.<\/p>\n<p>Dette <strong>trikkebyggesettet<\/strong> er en modell av trikkene i 701\/735-serien, bygget av Compa\u00f1\u00eda de Carris de Ferro de Lisboa mellom 1936 og 1940. Disse trikkene ble betraktet som de sikreste i Lisboa, da de hadde et forsterket bremsesystem og ble brukt p\u00e5 linjene som dekket de mest krevende rutene, som 12, 25 eller 28, med stigninger p\u00e5 opptil 12%, som ogs\u00e5 var verdens bratteste skr\u00e5ninger for enkle vedheftstrikkelinjer.<\/p>\n<p>Denne <strong>Sporvogne<\/strong> var utstyrt med fem typer bremser, pneumatisk, mekanisk, elektrisk, elektromagnetisk med sko og mekanisk med sko. Hver <strong>trikk<\/strong> var ogs\u00e5 utstyrt med to kraftige, 45 HK, Metropolitan Vickers elektriske motorer og en Brill 21-E type truck, bygget av Maley &#038; Tauton.<\/p>\n<p>Kroppen er av standard Lisboa-type, basert p\u00e5 amerikanske Brill-design, med den mest bemerkelsesverdige egenskapen som det skarpt buede taket. Denne <strong>Sporvogne<\/strong> opprettholdt sitt originale design frem til 1985-1987, da serien ble omformet og tilpasset for en enkelt sj\u00e5f\u00f8r\/kondukt\u00f8r, pneumatiske d\u00f8rer ble installert sammen med blinkende lys og gatens d\u00f8rer ble forseglet.<\/p>\n<p>\u00c5 montere, trinn for trinn, dette fantastiske <strong>modellbyggesettet<\/strong> av Lisboa-trikken vil gi deg lange og flotte perioder med kreativ fritid, og du kan gjenoppleve en trofast kopi av den originale Lisboa-trikken, med alle dens detaljer.<\/p>\n<p>Om du er en erfaren modellbygger, eller bare begynner, er dette byggesettet perfekt for deg. Ikke bare er det en flott m\u00e5te \u00e5 l\u00e6re p\u00e5, men det er ogs\u00e5 en flott m\u00e5te \u00e5 slappe av p\u00e5 og nyte din fritid. S\u00e5 hvorfor vente? <strong>Bestill Lisboa-trikk byggesettet n\u00e5<\/strong> og begynn din modellbyggingsreise!<\/p>","protected":false},"excerpt":{"rendered":"<p>Gjenopplev historien med byggesettet Lisboa-trikken. En detaljert modell som gir mange timer med kreativ fritid og et flott tillegg til enhver modellsamling.<\/p>","protected":false},"featured_media":8790,"comment_status":"open","ping_status":"closed","template":"","meta":[],"product_brand":[95],"product_cat":[68],"product_tag":[],"class_list":{"0":"post-8791","1":"product","2":"type-product","3":"status-publish","4":"has-post-thumbnail","6":"product_brand-occre","7":"product_cat-togtrikk-occre","9":"first","10":"instock","11":"taxable","12":"shipping-taxable","13":"purchasable","14":"product-type-simple"},"_links":{"self":[{"href":"https:\/\/bigfunhobby.com\/da\/wp-json\/wp\/v2\/product\/8791","targetHints":{"allow":["GET"]}}],"collection":[{"href":"https:\/\/bigfunhobby.com\/da\/wp-json\/wp\/v2\/product"}],"about":[{"href":"https:\/\/bigfunhobby.com\/da\/wp-json\/wp\/v2\/types\/product"}],"replies":[{"embeddable":true,"href":"https:\/\/bigfunhobby.com\/da\/wp-json\/wp\/v2\/comments?post=8791"}],"wp:featuredmedia":[{"embeddable":true,"href":"https:\/\/bigfunhobby.com\/da\/wp-json\/wp\/v2\/media\/8790"}],"wp:attachment":[{"href":"https:\/\/bigfunhobby.com\/da\/wp-json\/wp\/v2\/media?parent=8791"}],"wp:term":[{"taxonomy":"product_brand","embeddable":true,"href":"https:\/\/bigfunhobby.com\/da\/wp-json\/wp\/v2\/product_brand?post=8791"},{"taxonomy":"product_cat","embeddable":true,"href":"https:\/\/bigfunhobby.com\/da\/wp-json\/wp\/v2\/product_cat?post=8791"},{"taxonomy":"product_tag","embeddable":true,"href":"https:\/\/bigfunhobby.com\/da\/wp-json\/wp\/v2\/product_tag?post=8791"}],"curies":[{"name":"wp","href":"https:\/\/api.w.org\/{rel}","templated":true}]}}