{"id":8793,"date":"2025-03-08T17:18:54","date_gmt":"2025-03-08T17:18:54","guid":{"rendered":"https:\/\/bigfunhobby.com\/butikk\/london\/"},"modified":"2026-03-03T12:26:26","modified_gmt":"2026-03-03T10:26:26","slug":"london","status":"publish","type":"product","link":"https:\/\/bigfunhobby.com\/da\/butikk\/london\/","title":{"rendered":"London"},"content":{"rendered":"<p>Nyd mange timers kreativ fritid med denne fantastiske <strong>Bygges\u00e6t<\/strong> af den historiske <strong>Sporvognen i London<\/strong>. S\u00e6ttet giver dig mulighed for at skabe en tro kopi af den originale sporvogn, komplet med alle dens detaljer.<\/p>\n<p>Denne <strong>Sporvogne<\/strong> blev bygget i april 1903 af firmaet Electric Railway and Tramway Carriage Works. Den var en af 100 k\u00f8ret\u00f8jer i B-klassen, som blev bestilt af London County Council. Med nummeret 106 blev sporvognen brugt som passagertransport indtil 1925, hvor den blev ombygget til et snerydningsk\u00f8ret\u00f8j og fik nummeret 022. I dag kan man finde sporvognen p\u00e5 Crich Village National Tramway Museum i Derbyshire, hvor den har k\u00f8rt over 16.000 km med passagerer.<\/p>\n<p>Oprindeligt blev sporvognen drevet af Dick Kerr-motorer, type DK25A, som ydede 25 hk, men de blev i 1927 erstattet af Westinghouse-motorer, type 220, som ydede 42 hk. Sporvognen var oprindeligt udstyret med h\u00e5ndbremser p\u00e5 hjulene og rheostatisk bremsning gennem motorerne. I 1908 blev der monteret magnetiske skinnebremser. Forestil dig de dage, hvor disse vidunderlige sporvogne rullede gennem gaderne.<\/p>\n<p>Lad dig rive med af sp\u00e6ndingen, og nyd f\u00f8lelsen af en tid, hvor disse fantastiske <strong>Sporvogne<\/strong> cirkuleret gennem vores gader. Vores bygges\u00e6t er perfekt til alle, der har en passion for <strong>modelbygning<\/strong> og historie.<\/p>\n<p>Dette s\u00e6t er en god gave til b\u00e5de voksne og b\u00f8rn, der er interesserede i <strong>modelbygning<\/strong> og historie. T\u00f8v ikke, begynd din rejse ind i historien <strong>nu<\/strong>.<\/p>\n<p><strong>Bestil her<\/strong> og oplev gl\u00e6den ved at bygge din egen model af den historiske London-sporvogn.<\/p>","protected":false},"excerpt":{"rendered":"<p>Byg din egen model af den historiske London-sporvogn med vores detaljerede bygges\u00e6t. Perfekt til b\u00e5de begyndere og erfarne modelbyggerentusiaster.<\/p>","protected":false},"featured_media":8792,"comment_status":"open","ping_status":"closed","template":"","meta":[],"product_brand":[95],"product_cat":[68],"product_tag":[],"class_list":{"0":"post-8793","1":"product","2":"type-product","3":"status-publish","4":"has-post-thumbnail","6":"product_brand-occre","7":"product_cat-togtrikk-occre","9":"first","10":"instock","11":"taxable","12":"shipping-taxable","13":"purchasable","14":"product-type-simple"},"_links":{"self":[{"href":"https:\/\/bigfunhobby.com\/da\/wp-json\/wp\/v2\/product\/8793","targetHints":{"allow":["GET"]}}],"collection":[{"href":"https:\/\/bigfunhobby.com\/da\/wp-json\/wp\/v2\/product"}],"about":[{"href":"https:\/\/bigfunhobby.com\/da\/wp-json\/wp\/v2\/types\/product"}],"replies":[{"embeddable":true,"href":"https:\/\/bigfunhobby.com\/da\/wp-json\/wp\/v2\/comments?post=8793"}],"wp:featuredmedia":[{"embeddable":true,"href":"https:\/\/bigfunhobby.com\/da\/wp-json\/wp\/v2\/media\/8792"}],"wp:attachment":[{"href":"https:\/\/bigfunhobby.com\/da\/wp-json\/wp\/v2\/media?parent=8793"}],"wp:term":[{"taxonomy":"product_brand","embeddable":true,"href":"https:\/\/bigfunhobby.com\/da\/wp-json\/wp\/v2\/product_brand?post=8793"},{"taxonomy":"product_cat","embeddable":true,"href":"https:\/\/bigfunhobby.com\/da\/wp-json\/wp\/v2\/product_cat?post=8793"},{"taxonomy":"product_tag","embeddable":true,"href":"https:\/\/bigfunhobby.com\/da\/wp-json\/wp\/v2\/product_tag?post=8793"}],"curies":[{"name":"wp","href":"https:\/\/api.w.org\/{rel}","templated":true}]}}