{"id":8795,"date":"2025-03-08T17:18:55","date_gmt":"2025-03-08T17:18:55","guid":{"rendered":"https:\/\/bigfunhobby.com\/butikk\/san-francisco\/"},"modified":"2026-03-03T12:26:26","modified_gmt":"2026-03-03T10:26:26","slug":"san-francisco","status":"publish","type":"product","link":"https:\/\/bigfunhobby.com\/da\/butikk\/san-francisco\/","title":{"rendered":"San Francisco"},"content":{"rendered":"<p>Dyk ned i modelverdenen med vores San Francisco-bygges\u00e6t. Med dette s\u00e6t kan du bygge en detaljeret kopi af San Franciscos ber\u00f8mte sporvogn, et transportmiddel, der har rullet gennem byens gader i over hundrede \u00e5r. En fantastisk mulighed for at nyde kreative \u00f8jeblikke og genopleve en tid, hvor sporvogne dominerede bybilledet.<\/p>\n<p><strong>Sporvognen i San Francisco<\/strong> er et ikonisk symbol p\u00e5 byen. Den f\u00f8rste sporvogn af denne type blev taget i brug i London, men mange \u00e5r senere, den 2. august 1873, pr\u00e6senterede Andrew S. Hallidie den f\u00f8rste sporvogn i San Francisco, p\u00e5 Clay Street-linjen. Over et \u00e5rhundrede senere er disse charmerende k\u00f8ret\u00f8jer stadig en del af byens daglige liv.<\/p>\n<p>Dette s\u00e6t er en gengivelse af vogn nr. 60 fra California Street-fl\u00e5den, bygget af MUNI (San Francisco Municipal Railway) i 1998 og taget i brug i 2002. Vognen er baseret p\u00e5 det oprindelige design, som blev bygget af John Hammond &amp; Company for California Street Cable Railroad Company i 1906.<\/p>\n<p>Vognen blev rekonstrueret efter jordsk\u00e6lvet og branden i 1906 og har gennemg\u00e5et flere renoveringer siden da, men den har bevaret sine originale s\u00e6der og sit tag. Med dette s\u00e6t kan du bygge en model med alle detaljer fra den originale vogn.<\/p>\n<p>Lad dig rive med af denne kreative hobby, og skab en fantastisk <strong>model af sporvognen<\/strong>. Uanset om du er en erfaren modelbygger eller en nybegynder, vil du nyde processen med at bygge denne detaljerede model. S\u00e5 hvorfor vente? Start din modelbyggerrejse i dag med vores San Francisco-s\u00e6t.<\/p>\n<p><strong>Specifikationer:<\/strong><\/p>\n<ul>\n<li>Produktets navn: San Francisco<\/li>\n<li>Produktkategori: Bygges\u00e6t<\/li>\n<li>Materialer: Tr\u00e6<\/li>\n<\/ul>\n<p>Vent ikke l\u00e6ngere, opdag gl\u00e6den ved at modellere med vores San Francisco-bygges\u00e6t. K\u00f8b her, og start din kreative rejse i dag!<\/p>","protected":false},"excerpt":{"rendered":"<p>Oplev gl\u00e6den ved at bygge modeller med vores San Francisco-s\u00e6t, en detaljeret kopi af San Franciscos ikoniske sporvogn. Perfekt til b\u00e5de begyndere og erfarne entusiaster.<\/p>","protected":false},"featured_media":8794,"comment_status":"open","ping_status":"closed","template":"","meta":[],"product_brand":[95],"product_cat":[68],"product_tag":[],"class_list":{"0":"post-8795","1":"product","2":"type-product","3":"status-publish","4":"has-post-thumbnail","6":"product_brand-occre","7":"product_cat-togtrikk-occre","9":"first","10":"instock","11":"taxable","12":"shipping-taxable","13":"purchasable","14":"product-type-simple"},"_links":{"self":[{"href":"https:\/\/bigfunhobby.com\/da\/wp-json\/wp\/v2\/product\/8795","targetHints":{"allow":["GET"]}}],"collection":[{"href":"https:\/\/bigfunhobby.com\/da\/wp-json\/wp\/v2\/product"}],"about":[{"href":"https:\/\/bigfunhobby.com\/da\/wp-json\/wp\/v2\/types\/product"}],"replies":[{"embeddable":true,"href":"https:\/\/bigfunhobby.com\/da\/wp-json\/wp\/v2\/comments?post=8795"}],"wp:featuredmedia":[{"embeddable":true,"href":"https:\/\/bigfunhobby.com\/da\/wp-json\/wp\/v2\/media\/8794"}],"wp:attachment":[{"href":"https:\/\/bigfunhobby.com\/da\/wp-json\/wp\/v2\/media?parent=8795"}],"wp:term":[{"taxonomy":"product_brand","embeddable":true,"href":"https:\/\/bigfunhobby.com\/da\/wp-json\/wp\/v2\/product_brand?post=8795"},{"taxonomy":"product_cat","embeddable":true,"href":"https:\/\/bigfunhobby.com\/da\/wp-json\/wp\/v2\/product_cat?post=8795"},{"taxonomy":"product_tag","embeddable":true,"href":"https:\/\/bigfunhobby.com\/da\/wp-json\/wp\/v2\/product_tag?post=8795"}],"curies":[{"name":"wp","href":"https:\/\/api.w.org\/{rel}","templated":true}]}}