{"id":8799,"date":"2025-03-08T17:18:57","date_gmt":"2025-03-08T17:18:57","guid":{"rendered":"https:\/\/bigfunhobby.com\/butikk\/la-candelaria\/"},"modified":"2026-03-03T12:26:26","modified_gmt":"2026-03-03T10:26:26","slug":"candelaria","status":"publish","type":"product","link":"https:\/\/bigfunhobby.com\/da\/butikk\/la-candelaria\/","title":{"rendered":"La Candelaria"},"content":{"rendered":"<p>Dyk ned i den sp\u00e6ndende verden af modellering med La Candelaria, en af juvelerne inden for skibsmodellering. Med dette s\u00e6t kan du nyde fantastiske \u00f8jeblikke og genopleve en tid, hvor disse majest\u00e6tiske skibe dominerede havene. <\/p>\n<p> La Candelaria er en middelhavsmodel af et bombefly, p\u00e5 st\u00f8rrelse med en brig, men bredere og med to master. Stormasten er n\u00e6sten i midten med en rund rig, og den lille mesanmast har et gaffelsejl. Mellem stormasten og forskibet finder man mortererne. <\/p>\n<p>Denne model med tre skibe er designet og bygget til at fungere som et flydende batteri under blokader af havne eller under belejringer af s\u00f8forter. <\/p>\n<p>Gengivelsen af modellen er tro mod originalen. Vores s\u00e6t giver dig alle de n\u00f8dvendige elementer til at sikre, at dit modelskib bliver virkeligt, helt ned til den mindste t\u00e6nkelige maritime detalje. <\/p>\n<ul>\n<li> Produktkategori: Bygges\u00e6t i tr\u00e6 <\/li>\n<li> Modeltype: Bombefly <\/li>\n<li> Historisk periode: Middelalderen <\/li>\n<li> Materialer: Tr\u00e6 og forskellige sm\u00e5 dele til detaljer <\/li>\n<\/ul>\n<p>Vi h\u00e5ber, at du vil nyde din k\u00e6rlighed til modelbygning med bombeflyet La Candelaria, et uds\u00f8gt modelskib, der vil give dig mange timers kreativ fritid. <\/p>\n<p>Lad La Candelaria blive en del af din modelsamling. Modelbygning er en berigende hobby, perfekt for b\u00e5de begyndere og erfarne entusiaster. Vent ikke l\u00e6ngere, bestil dit s\u00e6t nu, og begynd din sp\u00e6ndende rejse ind i modelbyggeriets verden.<\/p>","protected":false},"excerpt":{"rendered":"<p>Oplev den fantastiske tr\u00e6skibsmodel La Candelaria, et unikt bygges\u00e6t, der tager dig tilbage til den tid, hvor disse majest\u00e6tiske skibe sejlede p\u00e5 havene.<\/p>","protected":false},"featured_media":8798,"comment_status":"open","ping_status":"closed","template":"","meta":[],"product_brand":[95],"product_cat":[67],"product_tag":[],"class_list":{"0":"post-8799","1":"product","2":"type-product","3":"status-publish","4":"has-post-thumbnail","6":"product_brand-occre","7":"product_cat-bater-occre","9":"first","10":"instock","11":"taxable","12":"shipping-taxable","13":"purchasable","14":"product-type-simple"},"_links":{"self":[{"href":"https:\/\/bigfunhobby.com\/da\/wp-json\/wp\/v2\/product\/8799","targetHints":{"allow":["GET"]}}],"collection":[{"href":"https:\/\/bigfunhobby.com\/da\/wp-json\/wp\/v2\/product"}],"about":[{"href":"https:\/\/bigfunhobby.com\/da\/wp-json\/wp\/v2\/types\/product"}],"replies":[{"embeddable":true,"href":"https:\/\/bigfunhobby.com\/da\/wp-json\/wp\/v2\/comments?post=8799"}],"wp:featuredmedia":[{"embeddable":true,"href":"https:\/\/bigfunhobby.com\/da\/wp-json\/wp\/v2\/media\/8798"}],"wp:attachment":[{"href":"https:\/\/bigfunhobby.com\/da\/wp-json\/wp\/v2\/media?parent=8799"}],"wp:term":[{"taxonomy":"product_brand","embeddable":true,"href":"https:\/\/bigfunhobby.com\/da\/wp-json\/wp\/v2\/product_brand?post=8799"},{"taxonomy":"product_cat","embeddable":true,"href":"https:\/\/bigfunhobby.com\/da\/wp-json\/wp\/v2\/product_cat?post=8799"},{"taxonomy":"product_tag","embeddable":true,"href":"https:\/\/bigfunhobby.com\/da\/wp-json\/wp\/v2\/product_tag?post=8799"}],"curies":[{"name":"wp","href":"https:\/\/api.w.org\/{rel}","templated":true}]}}