{"id":8801,"date":"2025-03-08T17:18:58","date_gmt":"2025-03-08T17:18:58","guid":{"rendered":"https:\/\/bigfunhobby.com\/butikk\/apostol-felipe\/"},"modified":"2026-03-03T12:26:26","modified_gmt":"2026-03-03T10:26:26","slug":"apostol-felipe","status":"publish","type":"product","link":"https:\/\/bigfunhobby.com\/da\/butikk\/apostol-felipe\/","title":{"rendered":"Ap\u00f3stol Felipe"},"content":{"rendered":"<p>Utforsk en av juvelene innen skipsmodellering med Ap\u00f3stol Felipe byggesett. Dette treskipsmodellen gir deg muligheten til \u00e5 nyte fantastiske \u00f8yeblikk og gjenoppleve en tid da disse majestetiske skipene seilte verdenshavene. Reproduksjonen av modellen er tro mot originalen.<\/p>\n<p>Ap\u00f3stol Felipe var en av de seks galeonene bygget av Mart\u00edn de Arana for kong Felipe IV. Den var en del av &#8216;S\u00f8lv Galeonene&#8217;, en type galeon brukt for transport av varer og skatter i &#8216;Kappl\u00f8pet om India&#8217;. Dens f\u00f8rste reise som medlem av galeonfl\u00e5ten ble gjort i 1629, med transport av skatter til Spania.<\/p>\n<p>Det var et admiral fart\u00f8y av Guardian Armada frem til 1633. Det deltok i krigen i Brasil for \u00e5 gjenopprette Pernambuco og transporterte tropper og penger til Flandern, og deltok i slaget ved Dunas.<\/p>\n<p>V\u00e5rt byggesett gir deg alle n\u00f8dvendige elementer for \u00e5 sikre virkeligheten av din modellb\u00e5t, ned til den minste tenkelige sj\u00f8detalj. Vi h\u00e5per at du vil nyte din kj\u00e6rlighet til modellbygging med Galleonen Ap\u00f3stol Felipe, en flott treskipsmodell som vil gi deg lange perioder med kreativ fritid.<\/p>\n<ul>\n<li>Kategori: Treskipsmodell<\/li>\n<li>Materialer: H\u00f8ykvalitets tre og detaljer<\/li>\n<li>Historisk bakgrunn: Spansk galeonsskip<\/li>\n<\/ul>\n<p>Start din modellbyggingsreise med Ap\u00f3stol Felipe og opplev gleden ved \u00e5 bygge en detaljert treskipsmodell. Uansett om du er en erfaren modellbygger eller en nybegynner, vil dette byggesettet gi deg timer med kreativ moro. Ikke vent, bestill ditt Ap\u00f3stol Felipe byggesett n\u00e5 og start byggingen!<\/p>","protected":false},"excerpt":{"rendered":"<p>Dykk inn i modellbyggingsverdenen med treskipsmodellen Ap\u00f3stol Felipe, en detaljert representasjon av et historisk spansk galleonsskip.<\/p>","protected":false},"featured_media":8800,"comment_status":"open","ping_status":"closed","template":"","meta":[],"product_brand":[95],"product_cat":[67],"product_tag":[],"class_list":{"0":"post-8801","1":"product","2":"type-product","3":"status-publish","4":"has-post-thumbnail","6":"product_brand-occre","7":"product_cat-bater-occre","9":"first","10":"instock","11":"taxable","12":"shipping-taxable","13":"purchasable","14":"product-type-simple"},"_links":{"self":[{"href":"https:\/\/bigfunhobby.com\/da\/wp-json\/wp\/v2\/product\/8801","targetHints":{"allow":["GET"]}}],"collection":[{"href":"https:\/\/bigfunhobby.com\/da\/wp-json\/wp\/v2\/product"}],"about":[{"href":"https:\/\/bigfunhobby.com\/da\/wp-json\/wp\/v2\/types\/product"}],"replies":[{"embeddable":true,"href":"https:\/\/bigfunhobby.com\/da\/wp-json\/wp\/v2\/comments?post=8801"}],"wp:featuredmedia":[{"embeddable":true,"href":"https:\/\/bigfunhobby.com\/da\/wp-json\/wp\/v2\/media\/8800"}],"wp:attachment":[{"href":"https:\/\/bigfunhobby.com\/da\/wp-json\/wp\/v2\/media?parent=8801"}],"wp:term":[{"taxonomy":"product_brand","embeddable":true,"href":"https:\/\/bigfunhobby.com\/da\/wp-json\/wp\/v2\/product_brand?post=8801"},{"taxonomy":"product_cat","embeddable":true,"href":"https:\/\/bigfunhobby.com\/da\/wp-json\/wp\/v2\/product_cat?post=8801"},{"taxonomy":"product_tag","embeddable":true,"href":"https:\/\/bigfunhobby.com\/da\/wp-json\/wp\/v2\/product_tag?post=8801"}],"curies":[{"name":"wp","href":"https:\/\/api.w.org\/{rel}","templated":true}]}}