{"id":8803,"date":"2025-03-08T17:18:59","date_gmt":"2025-03-08T17:18:59","guid":{"rendered":"https:\/\/bigfunhobby.com\/butikk\/san-martin\/"},"modified":"2026-03-03T12:26:26","modified_gmt":"2026-03-03T10:26:26","slug":"san-martin","status":"publish","type":"product","link":"https:\/\/bigfunhobby.com\/da\/butikk\/san-martin\/","title":{"rendered":"San Mart\u00edn"},"content":{"rendered":"<p>Dyk ned i skibsmodelleringens verden, og nyd en rejse tilbage i tiden med vores San Mart\u00edn-s\u00e6t. Med dette skibsmodels\u00e6t i tr\u00e6 kan du skabe en tro kopi af det majest\u00e6tiske galeonskib.<\/p>\n<p>San Mart\u00edn-galeonen blev bygget i Portugal og blev spansk ejendom i 1580. Dette historiske skib var den spanske armadas flagskib. Den 22. marts 1588 udfoldede Alonso P\u00e9rez de Guzman, hertug af Medina-Sidonia og admiral for den spanske armada, sin fane p\u00e5 galeonens hovedtop. Dette skib var et af de f\u00e5, der undslap stormene og den engelske fl\u00e5des kanoner.<\/p>\n<p>Se, hvordan du trin for trin kan skabe en model, der er tro mod det originale skib ned til mindste detalje. Vi inviterer dig til at lade dig rive med og indrette omr\u00e5der til kreativ fritid, hvor du kan nyde at bygge denne fantastiske model.<\/p>\n<p><strong>Specifikationer:<\/strong><\/p>\n<ul>\n<li>L\u00e6ngde: 660 mm<\/li>\n<li>Bredde: 260 mm<\/li>\n<li>H\u00f8jde: 550 mm<\/li>\n<\/ul>\n<p>Uanset om du er en erfaren modelbygger eller ny p\u00e5 omr\u00e5det, vil San Mart\u00edn-s\u00e6ttet v\u00e6re en givende udfordring og en god tilf\u00f8jelse til din samling. Vent ikke, opdag gl\u00e6den ved at modellere med dette historiske tr\u00e6skibsmodels\u00e6t. Afgiv din bestilling nu!<\/p>","protected":false},"excerpt":{"rendered":"<p>Udforsk skibsmodelleringens verden med San Mart\u00edn-s\u00e6ttet, en n\u00f8jagtig skalamodel af den historiske galeon, der var flagskib for den spanske armada.<\/p>","protected":false},"featured_media":8802,"comment_status":"open","ping_status":"closed","template":"","meta":[],"product_brand":[95],"product_cat":[67],"product_tag":[],"class_list":{"0":"post-8803","1":"product","2":"type-product","3":"status-publish","4":"has-post-thumbnail","6":"product_brand-occre","7":"product_cat-bater-occre","9":"first","10":"instock","11":"taxable","12":"shipping-taxable","13":"purchasable","14":"product-type-simple"},"_links":{"self":[{"href":"https:\/\/bigfunhobby.com\/da\/wp-json\/wp\/v2\/product\/8803","targetHints":{"allow":["GET"]}}],"collection":[{"href":"https:\/\/bigfunhobby.com\/da\/wp-json\/wp\/v2\/product"}],"about":[{"href":"https:\/\/bigfunhobby.com\/da\/wp-json\/wp\/v2\/types\/product"}],"replies":[{"embeddable":true,"href":"https:\/\/bigfunhobby.com\/da\/wp-json\/wp\/v2\/comments?post=8803"}],"wp:featuredmedia":[{"embeddable":true,"href":"https:\/\/bigfunhobby.com\/da\/wp-json\/wp\/v2\/media\/8802"}],"wp:attachment":[{"href":"https:\/\/bigfunhobby.com\/da\/wp-json\/wp\/v2\/media?parent=8803"}],"wp:term":[{"taxonomy":"product_brand","embeddable":true,"href":"https:\/\/bigfunhobby.com\/da\/wp-json\/wp\/v2\/product_brand?post=8803"},{"taxonomy":"product_cat","embeddable":true,"href":"https:\/\/bigfunhobby.com\/da\/wp-json\/wp\/v2\/product_cat?post=8803"},{"taxonomy":"product_tag","embeddable":true,"href":"https:\/\/bigfunhobby.com\/da\/wp-json\/wp\/v2\/product_tag?post=8803"}],"curies":[{"name":"wp","href":"https:\/\/api.w.org\/{rel}","templated":true}]}}