{"id":8807,"date":"2025-03-08T17:19:02","date_gmt":"2025-03-08T17:19:02","guid":{"rendered":"https:\/\/bigfunhobby.com\/butikk\/montanes\/"},"modified":"2026-03-03T12:26:26","modified_gmt":"2026-03-03T10:26:26","slug":"bjerge","status":"publish","type":"product","link":"https:\/\/bigfunhobby.com\/da\/butikk\/montanes\/","title":{"rendered":"Monta\u00f1\u00e9s"},"content":{"rendered":"<p>Oplev Monta\u00f1\u00e9s, en fantastisk <strong>bygges\u00e6t i tr\u00e6<\/strong>som giver dig mulighed for at genopleve den tid, hvor disse majest\u00e6tiske <strong>skibe<\/strong> sejlede p\u00e5 verdenshavene. S\u00e6ttet er en tro gengivelse af originalen og giver dig mulighed for at dykke dybt ned i <strong>modelbygning<\/strong> og h\u00e5ndv\u00e6rk.<\/p>\n<p>Monta\u00f1\u00e9s repr\u00e6senterer toppen af spansk fl\u00e5dearkitektur i slutningen af det 18. \u00e5rhundrede. Dette skib var p\u00e5 h\u00f8jde med skibe fra alle verdens fl\u00e5der. Figuren p\u00e5 skibet er ikke en kongelig l\u00f8ve, men en 'Monta\u00f1\u00e9s' (bjergmand), som et tegn p\u00e5 taknemmelighed for den \u00f8konomiske st\u00f8tte til byggeriet af skibet fra bjergfolket.<\/p>\n<p>Skibet blev s\u00f8sat i Ferrol den 14. maj 1794 og deltog i flere slag, bl.a. Trafalgar, hvor det havde 76 kanoner og 4 karronader med morterer, som var placeret p\u00e5 agterd\u00e6kket. P\u00e5 en stormfuld dag, den 6. marts 1810, sank hun i Biscayabugten.<\/p>\n<p>Vores <strong>Tre-skibs model<\/strong> kit indeholder alle de n\u00f8dvendige elementer for at sikre, at din <strong>Modelskib<\/strong>helt ned til det mindste t\u00e6nkelige <strong>Fl\u00e5dedetaljer<\/strong>. Med Monta\u00f1\u00e9s kan du opleve lange perioder med kreativ fritid, perfekt for b\u00e5de begyndere og erfarne i <strong>modelbygning<\/strong>.<\/p>\n<p><strong>Specifikationer:<\/strong><\/p>\n<ul>\n<li>Bygges\u00e6t i tr\u00e6<\/li>\n<li>Historisk n\u00f8jagtig gengivelse<\/li>\n<li>Indeholder alle n\u00f8dvendige komponenter til konstruktion<\/li>\n<li>Velegnet til b\u00e5de begyndere og erfarne modelbyggere<\/li>\n<\/ul>\n<p>Fork\u00e6l dig selv med gl\u00e6den ved at modellere, dyk ned i historien, og skab dit eget mesterv\u00e6rk. Udforsk vores udvalg af <strong>s\u00e6t til voksne<\/strong> og book Monta\u00f1\u00e9s i dag.<\/p>","protected":false},"excerpt":{"rendered":"<p>Oplev det ultimative inden for skibsmodellering med Monta\u00f1\u00e9s, en tro kopi af et majest\u00e6tisk spansk skib fra det 18. \u00e5rhundrede.<\/p>","protected":false},"featured_media":8806,"comment_status":"open","ping_status":"closed","template":"","meta":[],"product_brand":[95],"product_cat":[67],"product_tag":[],"class_list":{"0":"post-8807","1":"product","2":"type-product","3":"status-publish","4":"has-post-thumbnail","6":"product_brand-occre","7":"product_cat-bater-occre","9":"first","10":"instock","11":"taxable","12":"shipping-taxable","13":"purchasable","14":"product-type-simple"},"_links":{"self":[{"href":"https:\/\/bigfunhobby.com\/da\/wp-json\/wp\/v2\/product\/8807","targetHints":{"allow":["GET"]}}],"collection":[{"href":"https:\/\/bigfunhobby.com\/da\/wp-json\/wp\/v2\/product"}],"about":[{"href":"https:\/\/bigfunhobby.com\/da\/wp-json\/wp\/v2\/types\/product"}],"replies":[{"embeddable":true,"href":"https:\/\/bigfunhobby.com\/da\/wp-json\/wp\/v2\/comments?post=8807"}],"wp:featuredmedia":[{"embeddable":true,"href":"https:\/\/bigfunhobby.com\/da\/wp-json\/wp\/v2\/media\/8806"}],"wp:attachment":[{"href":"https:\/\/bigfunhobby.com\/da\/wp-json\/wp\/v2\/media?parent=8807"}],"wp:term":[{"taxonomy":"product_brand","embeddable":true,"href":"https:\/\/bigfunhobby.com\/da\/wp-json\/wp\/v2\/product_brand?post=8807"},{"taxonomy":"product_cat","embeddable":true,"href":"https:\/\/bigfunhobby.com\/da\/wp-json\/wp\/v2\/product_cat?post=8807"},{"taxonomy":"product_tag","embeddable":true,"href":"https:\/\/bigfunhobby.com\/da\/wp-json\/wp\/v2\/product_tag?post=8807"}],"curies":[{"name":"wp","href":"https:\/\/api.w.org\/{rel}","templated":true}]}}