{"id":8809,"date":"2025-03-08T17:19:03","date_gmt":"2025-03-08T17:19:03","guid":{"rendered":"https:\/\/bigfunhobby.com\/butikk\/gorch-fock\/"},"modified":"2026-03-03T12:26:26","modified_gmt":"2026-03-03T10:26:26","slug":"gorch-fock","status":"publish","type":"product","link":"https:\/\/bigfunhobby.com\/da\/butikk\/gorch-fock\/","title":{"rendered":"Gorch Fock"},"content":{"rendered":"<p>Dykk ned i modellbyggingens verden med Gorch Fock-byggesettet. Dette treskipsmodellsettet tar deg med p\u00e5 en reise tilbake til sj\u00f8fartens storhetstid.<\/p>\n<p>Gorch Fock er i dag et kadett-treningsskip for den tyske marinen. Skipet ble bygget ved Blohm and Voss-verftet i Hamburg, basert p\u00e5 planene for den forrige versjonen fra 1933. Gorch Fock ble sj\u00f8satt 23. august 1958 og er hjemmeh\u00f8rende i Kiel. Skipet deltar regelmessig i arrangementer organisert av Sail Training Association.<\/p>\n<p>Med dette byggesettet kan du, steg for steg, reprodusere en modell ned til minste detalj, tro mot det originale skipet. Vi inviterer deg til \u00e5 la deg rive med og sette opp et rom for kreativ fritid, der du kan nyte denne fantastiske modellen av et treningsskip.<\/p>\n<ul>\n<li>Produktkategori: Bygges\u00e6t<\/li>\n<li>Materialer: Tr\u00e6<\/li>\n<li>Historisk modell: Ja<\/li>\n<\/ul>\n<p>Enten du er en erfaren modellbygger eller en nybegynner, vil du finne byggingen av Gorch Fock til \u00e5 v\u00e6re en givende og l\u00e6rerik opplevelse. Denne modellen er perfekt for alle som er interessert i modellbygging, sj\u00f8fartshistorie, eller bare leter etter en ny og engasjerende hobby.<\/p>\n<p>Ikke vent lenger, skaff deg Gorch Fock-byggesettet n\u00e5 og begynn p\u00e5 ditt neste modellbyggingsprosjekt!<\/p>\n<p><b>Scale:<\/b>\u00a01:95<br \/>\n<b>Length:<\/b>\u00a0950 mm |\u00a0<b>Width:<\/b>\u00a0259 mm |\u00a0<b>Height:<\/b>\u00a0566 mm<br \/>\n<b>Difficulty:<\/b>\u00a0high<\/p>","protected":false},"excerpt":{"rendered":"<p>Gorch Fock er et imponerende byggesett av et autentisk treningsskip for kadetter i den tyske marinen. Perfekt for alle med interesse for modellbygging og sj\u00f8fartshistorie.<\/p>","protected":false},"featured_media":8808,"comment_status":"open","ping_status":"closed","template":"","meta":[],"product_brand":[95],"product_cat":[67],"product_tag":[],"class_list":{"0":"post-8809","1":"product","2":"type-product","3":"status-publish","4":"has-post-thumbnail","6":"product_brand-occre","7":"product_cat-bater-occre","9":"first","10":"instock","11":"taxable","12":"shipping-taxable","13":"purchasable","14":"product-type-simple"},"_links":{"self":[{"href":"https:\/\/bigfunhobby.com\/da\/wp-json\/wp\/v2\/product\/8809","targetHints":{"allow":["GET"]}}],"collection":[{"href":"https:\/\/bigfunhobby.com\/da\/wp-json\/wp\/v2\/product"}],"about":[{"href":"https:\/\/bigfunhobby.com\/da\/wp-json\/wp\/v2\/types\/product"}],"replies":[{"embeddable":true,"href":"https:\/\/bigfunhobby.com\/da\/wp-json\/wp\/v2\/comments?post=8809"}],"wp:featuredmedia":[{"embeddable":true,"href":"https:\/\/bigfunhobby.com\/da\/wp-json\/wp\/v2\/media\/8808"}],"wp:attachment":[{"href":"https:\/\/bigfunhobby.com\/da\/wp-json\/wp\/v2\/media?parent=8809"}],"wp:term":[{"taxonomy":"product_brand","embeddable":true,"href":"https:\/\/bigfunhobby.com\/da\/wp-json\/wp\/v2\/product_brand?post=8809"},{"taxonomy":"product_cat","embeddable":true,"href":"https:\/\/bigfunhobby.com\/da\/wp-json\/wp\/v2\/product_cat?post=8809"},{"taxonomy":"product_tag","embeddable":true,"href":"https:\/\/bigfunhobby.com\/da\/wp-json\/wp\/v2\/product_tag?post=8809"}],"curies":[{"name":"wp","href":"https:\/\/api.w.org\/{rel}","templated":true}]}}