{"id":8811,"date":"2025-03-08T17:19:04","date_gmt":"2025-03-08T17:19:04","guid":{"rendered":"https:\/\/bigfunhobby.com\/butikk\/sma-trinidad-sect\/"},"modified":"2026-03-03T12:26:26","modified_gmt":"2026-03-03T10:26:26","slug":"sma-trinidad-sekt","status":"publish","type":"product","link":"https:\/\/bigfunhobby.com\/da\/butikk\/sma-trinidad-sect\/","title":{"rendered":"Sma. Trinidad sekt."},"content":{"rendered":"<p>Tag p\u00e5 en rejse tilbage til s\u00f8fartens storhedstid med vores tr\u00e6skibsmodels\u00e6t Sma. Trinidad-sekten. Dette s\u00e6t giver dig en unik mulighed for at rekonstruere en detaljeret tv\u00e6rsnitsmodel af hovedmasten p\u00e5 det m\u00e6gtige krigsskib Sant\u00edsima Trinidad.<\/p>\n<p>Sant\u00edsima Trinidad blev bygget i Havana og s\u00f8sat den 2. marts 1769. Det var det st\u00f8rste krigsskib i det 18. \u00e5rhundrede, udstyret med 130 kanoner. Efter at have deltaget i flere s\u00f8slag i slutningen af det 18. og begyndelsen af det 19. \u00e5rhundrede var det sidst i aktiv tjeneste i slaget ved Trafalgar. Her blev det \u00f8delagt af den engelske fl\u00e5de under kommando af kontreadmiral Cisneros.<\/p>\n<p>Med vores bygges\u00e6t kan du trin for trin genskabe en model, der er tro mod det originale skib ned til mindste detalje. Lad dig rive med, og skab et kreativt frirum, hvor du kan nyde denne fantastiske model af et tr\u00e6skib.<\/p>\n<ul>\n<li>Produktkategori: Bygges\u00e6t til tr\u00e6skibsmodel<\/li>\n<li>Model: Tv\u00e6rsnit af hovedmasten p\u00e5 Sant\u00edsima Trinidad<\/li>\n<li>Historisk korrekt og detaljeret<\/li>\n<li>Perfekt til modelbyggere og historieentusiaster<\/li>\n<\/ul>\n<p>Uanset om du er en erfaren modelbygger eller en nybegynder, der \u00f8nsker at kaste sig ud i denne fascinerende hobby, er Sma. Trinidad sect. det perfekte valg. Vent ikke, bestil dit s\u00e6t i dag, og begynd din rejse tilbage til det 18. \u00e5rhundredes s\u00f8fart!<\/p>","protected":false},"excerpt":{"rendered":"<p>Dyk ned i skibsmodelleringens verden med Sma. Trinidad sect, en detaljeret tv\u00e6rsnitsmodel af hovedmasten p\u00e5 krigsskibet Sant\u00edsima Trinidad. Perfekt til erfarne entusiaster og begyndere, der er p\u00e5 udkig efter et udfordrende projekt.<\/p>","protected":false},"featured_media":8810,"comment_status":"open","ping_status":"closed","template":"","meta":[],"product_brand":[95],"product_cat":[67],"product_tag":[],"class_list":{"0":"post-8811","1":"product","2":"type-product","3":"status-publish","4":"has-post-thumbnail","6":"product_brand-occre","7":"product_cat-bater-occre","9":"first","10":"instock","11":"taxable","12":"shipping-taxable","13":"purchasable","14":"product-type-simple"},"_links":{"self":[{"href":"https:\/\/bigfunhobby.com\/da\/wp-json\/wp\/v2\/product\/8811","targetHints":{"allow":["GET"]}}],"collection":[{"href":"https:\/\/bigfunhobby.com\/da\/wp-json\/wp\/v2\/product"}],"about":[{"href":"https:\/\/bigfunhobby.com\/da\/wp-json\/wp\/v2\/types\/product"}],"replies":[{"embeddable":true,"href":"https:\/\/bigfunhobby.com\/da\/wp-json\/wp\/v2\/comments?post=8811"}],"wp:featuredmedia":[{"embeddable":true,"href":"https:\/\/bigfunhobby.com\/da\/wp-json\/wp\/v2\/media\/8810"}],"wp:attachment":[{"href":"https:\/\/bigfunhobby.com\/da\/wp-json\/wp\/v2\/media?parent=8811"}],"wp:term":[{"taxonomy":"product_brand","embeddable":true,"href":"https:\/\/bigfunhobby.com\/da\/wp-json\/wp\/v2\/product_brand?post=8811"},{"taxonomy":"product_cat","embeddable":true,"href":"https:\/\/bigfunhobby.com\/da\/wp-json\/wp\/v2\/product_cat?post=8811"},{"taxonomy":"product_tag","embeddable":true,"href":"https:\/\/bigfunhobby.com\/da\/wp-json\/wp\/v2\/product_tag?post=8811"}],"curies":[{"name":"wp","href":"https:\/\/api.w.org\/{rel}","templated":true}]}}