{"id":8813,"date":"2025-03-08T17:19:06","date_gmt":"2025-03-08T17:19:06","guid":{"rendered":"https:\/\/bigfunhobby.com\/butikk\/14005-endeavour\/"},"modified":"2026-03-03T12:26:26","modified_gmt":"2026-03-03T10:26:26","slug":"14005-endeavour","status":"publish","type":"product","link":"https:\/\/bigfunhobby.com\/da\/butikk\/14005-endeavour\/","title":{"rendered":"14005 - Endeavour"},"content":{"rendered":"<p>Dykk ned i verden av modellbygging med v\u00e5rt treskipsmodell byggesett, 14005 &#8211; Endeavour. Dette er en unik mulighet til \u00e5 gjenoppleve en historisk reise tilbake til en tid hvor disse praktfulle skipene hersket p\u00e5 havene.<\/p>\n<p>Skipet Endeavour ble bygget i juni 1764 av Thomas Fishburn, opprinnelig under navnet Earl of Pembroke. Det hadde en fortrengning p\u00e5 368 tonn med en total lengde p\u00e5 106 fot, en kj\u00f8llengde p\u00e5 97 fot, og en maksimal bredde p\u00e5 29 fot. Skipet var kvadratrigger med en bred avrundet baug, en flat akterende, og ble opprinnelig brukt som kollier for transport av kull.<\/p>\n<p>Den 5. april 1768 ble skipet tatt i bruk av Royal Navy, gitt navnet Endeavour, og utstyrt for oppdagelsesreiser. Denne utrustningen fant sted p\u00e5 Deptford skipsverft n\u00e6r London, der det ble gjort klart for sin f\u00f8rste reise med nye dekk, kabiner og rom for offiserer, forskere, tjenere, marinesoldater og besetning &#8211; totalt 94 menn. Skipet Endeavour seilte rundt verden under kommandoen til Kaptein James Cook, og startet fra Plymouth, England, den 8. august 1768 og ankom tilbake i London den 13. juli 1771. Hensikten med denne ekspedisjonen var \u00e5 observere Venus&#8217; passasje mellom Jorden og solen, samt \u00e5 estimere avstanden mellom stjernene for \u00e5 beregne universets parametere.<\/p>\n<p>Se hvordan du, trinn for trinn, kan replikere en modell ned til den minste detalj og v\u00e6re tro mot det opprinnelige skipet. Vi inviterer deg til \u00e5 la deg rive med og sette opp rom for kreativ fritid der du kan nyte dette fantastiske modellskipet.<\/p>\n<p>Er du klar for \u00e5 ta steget inn i modellbyggingens fascinerende verden? Bestill ditt treskipsmodell byggesett, 14005 &#8211; Endeavour, i dag og start reisen tilbake i tid. Perfekt for b\u00e5de nybegynnere og erfarne entusiaster av modellbygging.<\/p>","protected":false},"excerpt":{"rendered":"<p>Gjenopplev historien med byggesettet 14005 &#8211; Endeavour, en detaljert treskipsmodell av det ber\u00f8mte skipet som seilte under kommando av Kaptein James Cook. Perfekt for entusiaster av modellbygging.<\/p>","protected":false},"featured_media":8812,"comment_status":"open","ping_status":"closed","template":"","meta":[],"product_brand":[95],"product_cat":[67],"product_tag":[],"class_list":{"0":"post-8813","1":"product","2":"type-product","3":"status-publish","4":"has-post-thumbnail","6":"product_brand-occre","7":"product_cat-bater-occre","9":"first","10":"instock","11":"taxable","12":"shipping-taxable","13":"purchasable","14":"product-type-simple"},"_links":{"self":[{"href":"https:\/\/bigfunhobby.com\/da\/wp-json\/wp\/v2\/product\/8813","targetHints":{"allow":["GET"]}}],"collection":[{"href":"https:\/\/bigfunhobby.com\/da\/wp-json\/wp\/v2\/product"}],"about":[{"href":"https:\/\/bigfunhobby.com\/da\/wp-json\/wp\/v2\/types\/product"}],"replies":[{"embeddable":true,"href":"https:\/\/bigfunhobby.com\/da\/wp-json\/wp\/v2\/comments?post=8813"}],"wp:featuredmedia":[{"embeddable":true,"href":"https:\/\/bigfunhobby.com\/da\/wp-json\/wp\/v2\/media\/8812"}],"wp:attachment":[{"href":"https:\/\/bigfunhobby.com\/da\/wp-json\/wp\/v2\/media?parent=8813"}],"wp:term":[{"taxonomy":"product_brand","embeddable":true,"href":"https:\/\/bigfunhobby.com\/da\/wp-json\/wp\/v2\/product_brand?post=8813"},{"taxonomy":"product_cat","embeddable":true,"href":"https:\/\/bigfunhobby.com\/da\/wp-json\/wp\/v2\/product_cat?post=8813"},{"taxonomy":"product_tag","embeddable":true,"href":"https:\/\/bigfunhobby.com\/da\/wp-json\/wp\/v2\/product_tag?post=8813"}],"curies":[{"name":"wp","href":"https:\/\/api.w.org\/{rel}","templated":true}]}}