{"id":8817,"date":"2025-03-08T17:19:08","date_gmt":"2025-03-08T17:19:08","guid":{"rendered":"https:\/\/bigfunhobby.com\/butikk\/san-juan\/"},"modified":"2026-03-03T12:26:27","modified_gmt":"2026-03-03T10:26:27","slug":"san-juan","status":"publish","type":"product","link":"https:\/\/bigfunhobby.com\/da\/butikk\/san-juan\/","title":{"rendered":"San Juan"},"content":{"rendered":"<p>Ta et dypdykk i sj\u00f8fartshistorien med treskipsmodellen &#8216;San Juan&#8217;. Dette byggesettet er en skattekiste for alle som elsker modellbygging, og gir deg muligheten til \u00e5 gjenoppleve en era hvor majestetiske seilskuter dominerte havene.<\/p>\n<p>Etter uavhengighetskrigen, da Spania mistet sine amerikanske kolonier, ble handelsskipene nesten utryddet fra halv\u00f8ya. Kun sm\u00e5 kystseilb\u00e5ter gjensto for \u00e5 gjenopprette rutene til Antillene. Det var gjennom en kongelig forordning utstedt av Charles III, at handelen ble gjen\u00e5pnet med de koloniene som forble lojale. Den f\u00f8rste reisen ble gjennomf\u00f8rt av feluccaen &#8216;San Juan&#8217;.<\/p>\n<p>V\u00e5r modell er tro mot originalen, og byggesettet inneholder alle elementer n\u00f8dvendige for \u00e5 sikre autentisiteten av din modellb\u00e5t, ned til minste nautiske detalj. Dette gj\u00f8r &#8216;San Juan&#8217; til et fantastisk prosjekt for b\u00e5de nybegynnere og erfarne entusiaster innen modellbygging.<\/p>\n<ul>\n<li>Produkttype: Treskipsmodell<\/li>\n<li>Modell: San Juan<\/li>\n<li>Kategori: Byggesett i tre<\/li>\n<\/ul>\n<p>Nyt timene med kreativt h\u00e5ndverk og opplev gleden ved \u00e5 se &#8216;San Juan&#8217; ta form. Dette byggesettet er mer enn bare en hobby, det er en reise tilbake i tid og en unik mulighet til \u00e5 skape et minne for livet.<\/p>\n<p>Er du klar for \u00e5 begynne p\u00e5 dette eventyret? Utforsk v\u00e5rt utvalg og bestill ditt &#8216;San Juan&#8217; byggesett i dag. Lykke til med modellbyggingen!<\/p>","protected":false},"excerpt":{"rendered":"<p>Oppdag &#8216;San Juan&#8217;, en unik treskipsmodell som tar deg tilbake til seilskutenes storhetstid. Perfekt for b\u00e5de nybegynnere og erfarne innen modellbygging.<\/p>","protected":false},"featured_media":8816,"comment_status":"open","ping_status":"closed","template":"","meta":[],"product_brand":[95],"product_cat":[67],"product_tag":[],"class_list":{"0":"post-8817","1":"product","2":"type-product","3":"status-publish","4":"has-post-thumbnail","6":"product_brand-occre","7":"product_cat-bater-occre","9":"first","10":"instock","11":"taxable","12":"shipping-taxable","13":"purchasable","14":"product-type-simple"},"_links":{"self":[{"href":"https:\/\/bigfunhobby.com\/da\/wp-json\/wp\/v2\/product\/8817","targetHints":{"allow":["GET"]}}],"collection":[{"href":"https:\/\/bigfunhobby.com\/da\/wp-json\/wp\/v2\/product"}],"about":[{"href":"https:\/\/bigfunhobby.com\/da\/wp-json\/wp\/v2\/types\/product"}],"replies":[{"embeddable":true,"href":"https:\/\/bigfunhobby.com\/da\/wp-json\/wp\/v2\/comments?post=8817"}],"wp:featuredmedia":[{"embeddable":true,"href":"https:\/\/bigfunhobby.com\/da\/wp-json\/wp\/v2\/media\/8816"}],"wp:attachment":[{"href":"https:\/\/bigfunhobby.com\/da\/wp-json\/wp\/v2\/media?parent=8817"}],"wp:term":[{"taxonomy":"product_brand","embeddable":true,"href":"https:\/\/bigfunhobby.com\/da\/wp-json\/wp\/v2\/product_brand?post=8817"},{"taxonomy":"product_cat","embeddable":true,"href":"https:\/\/bigfunhobby.com\/da\/wp-json\/wp\/v2\/product_cat?post=8817"},{"taxonomy":"product_tag","embeddable":true,"href":"https:\/\/bigfunhobby.com\/da\/wp-json\/wp\/v2\/product_tag?post=8817"}],"curies":[{"name":"wp","href":"https:\/\/api.w.org\/{rel}","templated":true}]}}