{"id":8819,"date":"2025-03-08T17:19:09","date_gmt":"2025-03-08T17:19:09","guid":{"rendered":"https:\/\/bigfunhobby.com\/butikk\/12000-palamos-145\/"},"modified":"2026-04-13T23:05:44","modified_gmt":"2026-04-13T21:05:44","slug":"12000-palamos-145","status":"publish","type":"product","link":"https:\/\/bigfunhobby.com\/da\/butikk\/12000-palamos-145\/","title":{"rendered":"12000 - Palam\u00f3s 1:45"},"content":{"rendered":"<p>Dyk ned i modelleringens verden med vores Palam\u00f3s 1:45 tr\u00e6skibsmodel. Denne model tager dig tilbage til en tid, hvor s\u00e5danne majest\u00e6tiske skibe var et almindeligt syn p\u00e5 Middelhavskysten.<\/p>\n<p>Palam\u00f3s er en b\u00e5d, der er designet til at fiske t\u00e6t p\u00e5 kysten, med et multifunktionelt skrog, der passer perfekt til konturerne og forholdene ved Middelhavskysten. Det er en fart\u00f8jstype, der er almindelig ved Spaniens kyster.<\/p>\n<p>Dette er en traditionel h\u00e5ndlavet b\u00e5d, som dem, der regelm\u00e6ssigt produceres af mange af v\u00e6rfterne langs den spanske kyst. Med dette s\u00e6t kan du trin for trin genskabe en model ned til mindste detalje og tro mod det originale skib.<\/p>\n<p>Denne tr\u00e6skibsmodel er ideel til dem, der er nye inden for modelbygning, men vil ogs\u00e5 v\u00e6re et sp\u00e6ndende projekt for mere erfarne entusiaster. Vi inviterer dig til at lade dig rive med og indrette kreative fritidsomr\u00e5der, hvor du kan nyde denne fantastiske tr\u00e6skibsmodel.<\/p>\n<p><strong>Specifikationer:<\/strong><\/p>\n<ul>\n<li>Skala: 1:45<\/li>\n<li>L\u00e6ngde: 410 mm<\/li>\n<li>Bredde: 120 mm<\/li>\n<li>H\u00f8jde: 275 mm<\/li>\n<li>Sv\u00e6rhedsgrad: begyndere<\/li>\n<\/ul>\n<p>Med dette tr\u00e6skibsmodels\u00e6t kan du udforske en ny hobby, forbedre dine tekniske f\u00e6rdigheder og skabe et smukt mesterv\u00e6rk, som du kan v\u00e6re stolt af. Hvis du er klar til en sjov og tilfredsstillende udfordring, s\u00e5 bestil Palam\u00f3s 1:45 tr\u00e6skibsmodel i dag!<\/p>","protected":false},"excerpt":{"rendered":"<p>Oplev gl\u00e6den ved at bygge modeller med Palam\u00f3s 1:45 tr\u00e6skibsmodel. Et detaljeret s\u00e6t, der er perfekt til begyndere, og som er inspireret af traditionelle spanske fiskerb\u00e5de.<\/p>","protected":false},"featured_media":8818,"comment_status":"open","ping_status":"closed","template":"","meta":[],"product_brand":[95],"product_cat":[67],"product_tag":[],"class_list":{"0":"post-8819","1":"product","2":"type-product","3":"status-publish","4":"has-post-thumbnail","6":"product_brand-occre","7":"product_cat-bater-occre","9":"first","10":"instock","11":"taxable","12":"shipping-taxable","13":"purchasable","14":"product-type-simple"},"_links":{"self":[{"href":"https:\/\/bigfunhobby.com\/da\/wp-json\/wp\/v2\/product\/8819","targetHints":{"allow":["GET"]}}],"collection":[{"href":"https:\/\/bigfunhobby.com\/da\/wp-json\/wp\/v2\/product"}],"about":[{"href":"https:\/\/bigfunhobby.com\/da\/wp-json\/wp\/v2\/types\/product"}],"replies":[{"embeddable":true,"href":"https:\/\/bigfunhobby.com\/da\/wp-json\/wp\/v2\/comments?post=8819"}],"wp:featuredmedia":[{"embeddable":true,"href":"https:\/\/bigfunhobby.com\/da\/wp-json\/wp\/v2\/media\/8818"}],"wp:attachment":[{"href":"https:\/\/bigfunhobby.com\/da\/wp-json\/wp\/v2\/media?parent=8819"}],"wp:term":[{"taxonomy":"product_brand","embeddable":true,"href":"https:\/\/bigfunhobby.com\/da\/wp-json\/wp\/v2\/product_brand?post=8819"},{"taxonomy":"product_cat","embeddable":true,"href":"https:\/\/bigfunhobby.com\/da\/wp-json\/wp\/v2\/product_cat?post=8819"},{"taxonomy":"product_tag","embeddable":true,"href":"https:\/\/bigfunhobby.com\/da\/wp-json\/wp\/v2\/product_tag?post=8819"}],"curies":[{"name":"wp","href":"https:\/\/api.w.org\/{rel}","templated":true}]}}