{"id":8821,"date":"2025-03-08T17:19:10","date_gmt":"2025-03-08T17:19:10","guid":{"rendered":"https:\/\/bigfunhobby.com\/butikk\/the-flying-dutchman\/"},"modified":"2026-03-03T12:26:27","modified_gmt":"2026-03-03T10:26:27","slug":"the-flying-dutchman","status":"publish","type":"product","link":"https:\/\/bigfunhobby.com\/da\/butikk\/the-flying-dutchman\/","title":{"rendered":"Den flyvende holl\u00e6nder"},"content":{"rendered":"<p>Opplev byggegleden med treskipsmodell byggesettet av The Flying Dutchman. Dette h\u00f8ykvalitets byggesettet inkluderer over 500 forskjellige deler for \u00e5 gi deg en realistisk og utfordrende byggeopplevelse.<\/p>\n<ul>\n<li>Enkeltskroget b\u00e5tskrog med side\u00e5pning for \u00e5 avsl\u00f8re innholdet inni<\/li>\n<li>Med mulighet for \u00e5 belyse innsiden av skroget og lanternene ved hjelp av Led Lights Kit (solgt separat)<\/li>\n<li>Numeriske detaljer inne i skroget, komplette kanoner, ammunisjon, hengek\u00f8yer, varer, t\u00f8nner, og mer<\/li>\n<li>Ultrarealistisk st\u00f8ping<\/li>\n<li>Trinn for trinn videooppl\u00e6ring<\/li>\n<li>Veiledning p\u00e5 5 spr\u00e5k<\/li>\n<li>HD-trinn for trinn bilder<\/li>\n<li>Deler liste med m\u00e5l og materialer<\/li>\n<li>IP-ark for \u00e5 identifisere delene<\/li>\n<li>Skala tegninger<\/li>\n<li>Levetidsgaranti<\/li>\n<\/ul>\n<h2>Legenden om skipet The Flying Dutchman<\/h2>\n<p>Legenden om The Flying Dutchman har fanget fantasien i \u00e5rhundrer. Historien forteller at skyggene av de ford\u00f8mte, skipet og mannskapet er d\u00f8mt til \u00e5 vandre over verdens hav for evig, uten \u00e5 n\u00e5 land, alt p\u00e5 grunn av kapteinens skjebnesvangre beslutning om \u00e5 seile i d\u00f8delige farvann.<\/p>\n<h2>Tekniske spesifikasjoner for modellen The Flying Dutchman<\/h2>\n<p>Skala: 1\/50<br \/>Bredde: 300mm<br \/>H\u00f8yde: 654mm<br \/>Lengde: 775mm<\/p>\n<p>For \u00e5 virkelig bringe modellen til live, vurder disse viktige tilbeh\u00f8rene (solgt separat):<br \/>\n&#8211; Malingsett<br \/>\n&#8211; Eksklusiv utstillingsbase for denne modellen<br \/>\n&#8211; Led Lights Kit<\/p>\n<p>Dette er det perfekte byggesettet for voksne som har en lidenskap for modellbygging. Vent ikke lenger, opplev gleden ved \u00e5 bygge din egen Flying Dutchman i dag!<\/p>","protected":false},"excerpt":{"rendered":"<p>The Flying Dutchman er et detaljert treskipsmodell byggesett med over 500 ulike deler. Dette h\u00f8ykvalitets byggesettet gir b\u00e5de utfordring og underholdning for modellbyggingsentusiaster.<\/p>","protected":false},"featured_media":8820,"comment_status":"open","ping_status":"closed","template":"","meta":[],"product_brand":[95],"product_cat":[67],"product_tag":[],"class_list":{"0":"post-8821","1":"product","2":"type-product","3":"status-publish","4":"has-post-thumbnail","6":"product_brand-occre","7":"product_cat-bater-occre","9":"first","10":"instock","11":"taxable","12":"shipping-taxable","13":"purchasable","14":"product-type-simple"},"_links":{"self":[{"href":"https:\/\/bigfunhobby.com\/da\/wp-json\/wp\/v2\/product\/8821","targetHints":{"allow":["GET"]}}],"collection":[{"href":"https:\/\/bigfunhobby.com\/da\/wp-json\/wp\/v2\/product"}],"about":[{"href":"https:\/\/bigfunhobby.com\/da\/wp-json\/wp\/v2\/types\/product"}],"replies":[{"embeddable":true,"href":"https:\/\/bigfunhobby.com\/da\/wp-json\/wp\/v2\/comments?post=8821"}],"wp:featuredmedia":[{"embeddable":true,"href":"https:\/\/bigfunhobby.com\/da\/wp-json\/wp\/v2\/media\/8820"}],"wp:attachment":[{"href":"https:\/\/bigfunhobby.com\/da\/wp-json\/wp\/v2\/media?parent=8821"}],"wp:term":[{"taxonomy":"product_brand","embeddable":true,"href":"https:\/\/bigfunhobby.com\/da\/wp-json\/wp\/v2\/product_brand?post=8821"},{"taxonomy":"product_cat","embeddable":true,"href":"https:\/\/bigfunhobby.com\/da\/wp-json\/wp\/v2\/product_cat?post=8821"},{"taxonomy":"product_tag","embeddable":true,"href":"https:\/\/bigfunhobby.com\/da\/wp-json\/wp\/v2\/product_tag?post=8821"}],"curies":[{"name":"wp","href":"https:\/\/api.w.org\/{rel}","templated":true}]}}