{"id":8825,"date":"2025-03-08T17:19:12","date_gmt":"2025-03-08T17:19:12","guid":{"rendered":"https:\/\/bigfunhobby.com\/butikk\/gauge-ho-article-no-46662-freight-car-set\/"},"modified":"2025-12-04T11:01:04","modified_gmt":"2025-12-04T09:01:04","slug":"gauge-ho-article-no-46662-freight-car-set","status":"publish","type":"product","link":"https:\/\/bigfunhobby.com\/da\/butikk\/gauge-ho-article-no-46662-freight-car-set\/","title":{"rendered":"Sporvidde HO - varenr. 46662 Godsvognss\u00e6t"},"content":{"rendered":"<p>Dette HO-skala vognsettet (artikkel nummer 46662) er en perfekt tillegg til din modelljernbane. Settet inneholder fire forskjellige design av tyske f\u00f8derale jernbanefraktvogner, slik de s\u00e5 ut fra 1962. <\/p>\n<p><strong>Prototypen:<\/strong> Settet inkluderer en type Rms 31 godsvogn med lave sidevegger og staker av presset plate, en type Rmrs 31 godsvogn med lave sidevegger og staker av presset plate, en type Ommi 51 dumper-vogn uten skinneklemmer, og en type Hbcs 300 \/ Gltmms 62 boksvogn med endestoler. <\/p>\n<p><strong>Modellerne:<\/strong> B\u00e5de Rms og Rmrs-vognene har stagstenger og oppbevaringsbokser p\u00e5 understellet. Rms-vognen inkluderer friksjonsaksel-lagre og akselhetter med \u00e5pninger, mens Rmrs-vognen inkluderer rulleaksel-lagre og akselhetter uten \u00e5pninger. Stakene for installasjon p\u00e5 vognene er inkludert. Dumper-vognen har ikke en bremseplattform og er lastet med skala-st\u00f8rrelse ballast. Endevegg-d\u00f8rene er modellert p\u00e5 boksvognen. Alle vognene har forskjellige vognnumre og er individuelt pakket. Total lengde over buffere er omtrent 55 cm \/ 21-5\/8&#8242;. DC hjulsett E700580.<\/p>\n<p><strong>H\u00f8ydepunktene<\/strong><\/p>\n<ul>\n<li>Nye verkt\u00f8y for Rms\/Rmrs 31-vognene.<\/li>\n<li>Dumper-vogn lastet med skala-st\u00f8rrelse ballast.<\/li>\n<\/ul>\n<p>Dette settet er en flott utvidelse for enhver modelljernbane-entusiast, enten du er en nybegynner eller erfaren modellbygger. Med dette vognsettet kan du legge til mer autentisitet og detaljer til din modelljernbane. <\/p>\n<p>Ikke vent, <strong>bestill dette HO-skala vognsettet i dag<\/strong> og ta din modelljernbane til et nytt niv\u00e5 av realisme.<\/p>","protected":false},"excerpt":{"rendered":"<p>Dette HO-skala vognsettet inkluderer fire forskjellige tyske godsvogner. Nye verkt\u00f8y for Rms\/Rmrs 31-vognene og ballastlastet tippvogn utgj\u00f8r h\u00f8ydepunktene i settet.<\/p>","protected":false},"featured_media":8824,"comment_status":"open","ping_status":"closed","template":"","meta":[],"product_brand":[107],"product_cat":[72],"product_tag":[],"class_list":{"0":"post-8825","1":"product","2":"type-product","3":"status-publish","4":"has-post-thumbnail","6":"product_brand-marklin","7":"product_cat-marklin-h0-originalen","9":"first","10":"instock","11":"taxable","12":"shipping-taxable","13":"purchasable","14":"product-type-simple"},"_links":{"self":[{"href":"https:\/\/bigfunhobby.com\/da\/wp-json\/wp\/v2\/product\/8825","targetHints":{"allow":["GET"]}}],"collection":[{"href":"https:\/\/bigfunhobby.com\/da\/wp-json\/wp\/v2\/product"}],"about":[{"href":"https:\/\/bigfunhobby.com\/da\/wp-json\/wp\/v2\/types\/product"}],"replies":[{"embeddable":true,"href":"https:\/\/bigfunhobby.com\/da\/wp-json\/wp\/v2\/comments?post=8825"}],"wp:featuredmedia":[{"embeddable":true,"href":"https:\/\/bigfunhobby.com\/da\/wp-json\/wp\/v2\/media\/8824"}],"wp:attachment":[{"href":"https:\/\/bigfunhobby.com\/da\/wp-json\/wp\/v2\/media?parent=8825"}],"wp:term":[{"taxonomy":"product_brand","embeddable":true,"href":"https:\/\/bigfunhobby.com\/da\/wp-json\/wp\/v2\/product_brand?post=8825"},{"taxonomy":"product_cat","embeddable":true,"href":"https:\/\/bigfunhobby.com\/da\/wp-json\/wp\/v2\/product_cat?post=8825"},{"taxonomy":"product_tag","embeddable":true,"href":"https:\/\/bigfunhobby.com\/da\/wp-json\/wp\/v2\/product_tag?post=8825"}],"curies":[{"name":"wp","href":"https:\/\/api.w.org\/{rel}","templated":true}]}}