{"id":8829,"date":"2025-03-08T17:19:13","date_gmt":"2025-03-08T17:19:13","guid":{"rendered":"https:\/\/bigfunhobby.com\/butikk\/gauge-ho-article-no-70381-distant-signal\/"},"modified":"2025-12-04T11:01:04","modified_gmt":"2025-12-04T09:01:04","slug":"maler-ho-varenr-70381-fjernsignal","status":"publish","type":"product","link":"https:\/\/bigfunhobby.com\/da\/butikk\/gauge-ho-article-no-70381-distant-signal\/","title":{"rendered":"Sporvidde HO - artikel nr. 70381 Fjernsignal"},"content":{"rendered":"<p>Gauge HO 70381 fjernsignal er et uundv\u00e6rligt tilbeh\u00f8r, der tilf\u00f8jer naturtro detaljer til din modeljernbane. Signalet er ikke kun smukt udformet, men har ogs\u00e5 funktioner, der l\u00f8fter oplevelsen af modeljernbanen til et nyt niveau.<\/p>\n<p>Produktet har b\u00e5de en bev\u00e6gelig arm og skive for et realistisk udseende. Desuden kan signallyset \u00e6ndres fra gul\/gul til gr\u00f8n\/gr\u00f8n eller til gul\/gr\u00f8n, hvilket giver ekstra liv til din modeljernbane.<\/p>\n<ul>\n<li>Artikel nummer: 70381<\/li>\n<li>Skala: HO<\/li>\n<li>Funktioner: Bev\u00e6gelig arm og skive, udskifteligt signallys<\/li>\n<li>Antal servoer: 2<\/li>\n<\/ul>\n<p>Uanset om du er ny inden for modelbygning eller en garvet entusiast, vil dette fjernsignal give dit togs\u00e6t en autentisk fornemmelse. Det er ikke kun en god tilf\u00f8jelse til din egen samling, men det kan ogs\u00e5 v\u00e6re en unik gave til andre modeljernbaneentusiaster.<\/p>\n<p>Vent ikke, opgrader din modeljernbane i dag. K\u00f8b Gauge HO 70381 Remote Signal, og giv din modeljernbane de ekstra detaljer, den fortjener.<\/p>\n<p>&#8216;<\/p>","protected":false},"excerpt":{"rendered":"<p>Gauge HO 70381 Remote Signal er en sofistikeret tilf\u00f8jelse til enhver modeljernbane med en bev\u00e6gelig arm og skive og mulighed for at skifte signallys. Perfekt til b\u00e5de begyndere og erfarne modeljernbanesamlere.<\/p>","protected":false},"featured_media":8828,"comment_status":"open","ping_status":"closed","template":"","meta":[],"product_brand":[107],"product_cat":[72],"product_tag":[],"class_list":{"0":"post-8829","1":"product","2":"type-product","3":"status-publish","4":"has-post-thumbnail","6":"product_brand-marklin","7":"product_cat-marklin-h0-originalen","9":"first","10":"instock","11":"taxable","12":"shipping-taxable","13":"purchasable","14":"product-type-simple"},"_links":{"self":[{"href":"https:\/\/bigfunhobby.com\/da\/wp-json\/wp\/v2\/product\/8829","targetHints":{"allow":["GET"]}}],"collection":[{"href":"https:\/\/bigfunhobby.com\/da\/wp-json\/wp\/v2\/product"}],"about":[{"href":"https:\/\/bigfunhobby.com\/da\/wp-json\/wp\/v2\/types\/product"}],"replies":[{"embeddable":true,"href":"https:\/\/bigfunhobby.com\/da\/wp-json\/wp\/v2\/comments?post=8829"}],"wp:featuredmedia":[{"embeddable":true,"href":"https:\/\/bigfunhobby.com\/da\/wp-json\/wp\/v2\/media\/8828"}],"wp:attachment":[{"href":"https:\/\/bigfunhobby.com\/da\/wp-json\/wp\/v2\/media?parent=8829"}],"wp:term":[{"taxonomy":"product_brand","embeddable":true,"href":"https:\/\/bigfunhobby.com\/da\/wp-json\/wp\/v2\/product_brand?post=8829"},{"taxonomy":"product_cat","embeddable":true,"href":"https:\/\/bigfunhobby.com\/da\/wp-json\/wp\/v2\/product_cat?post=8829"},{"taxonomy":"product_tag","embeddable":true,"href":"https:\/\/bigfunhobby.com\/da\/wp-json\/wp\/v2\/product_tag?post=8829"}],"curies":[{"name":"wp","href":"https:\/\/api.w.org\/{rel}","templated":true}]}}