{"id":8831,"date":"2025-03-08T17:19:13","date_gmt":"2025-03-08T17:19:13","guid":{"rendered":"https:\/\/bigfunhobby.com\/butikk\/gauge-ho-article-no-70411-home-signal-with-a-narrow-mast\/"},"modified":"2025-12-04T11:01:04","modified_gmt":"2025-12-04T09:01:04","slug":"gauge-ho-artikel-nr-70411-hjemmesignal-med-smal-mast","status":"publish","type":"product","link":"https:\/\/bigfunhobby.com\/da\/butikk\/gauge-ho-article-no-70411-home-signal-with-a-narrow-mast\/","title":{"rendered":"Sporvidde HO - artikel nr. 70411 Hjemmesignal med smal mast"},"content":{"rendered":"<p>Gauge HO-hjemmesignalet med smal mast (artikelnr. 70411) er et ideelt tilbeh\u00f8r til din modeljernbane. Med sin smalle og \u00e5bne mast og to uafh\u00e6ngige semaforer tilf\u00f8jer dette hjemmesignal realisme til din modeljernbane.<\/p>\n<p><strong>Specifikationer:<\/strong><\/p>\n<ul>\n<li>Skala: HO<\/li>\n<li>Artikel nummer: 70411<\/li>\n<li>Har to uafh\u00e6ngige semaforer<\/li>\n<li>Semaforerne skifter farve fra r\u00f8d til gr\u00f8n og fra r\u00f8d til gr\u00f8n\/gul.<\/li>\n<li>\u00c5ben smal mast<\/li>\n<\/ul>\n<p>Dette hjemmesignal er fremstillet med stor opm\u00e6rksomhed p\u00e5 detaljer, hvilket g\u00f8r det til en fantastisk tilf\u00f8jelse til enhver modeljernbane. Det er designet til at v\u00e6re nemt at installere, hvilket g\u00f8r det til et godt valg for b\u00e5de begyndere og erfarne modelbyggere.<\/p>\n<p>Modeljernbaner er en hobby med en lang historie, og med tilbeh\u00f8r som dette hjemmesignal kan du skabe en realistisk og detaljeret miniatureverden. Uanset om du bygger en modeljernbane for at genopleve barndomsminder, for at udfordre din kreativitet og dine f\u00e6rdigheder eller bare for at have en afslappende hobby, vil dette hjemmesignal v\u00e6re en god tilf\u00f8jelse til din samling.<\/p>\n<p>Udforsk modelverdenen, og g\u00f8r din modeljernbane endnu bedre med Gauge HO smalmast-hjemmesignalet. K\u00f8b her for at tage dit modeljernbaneprojekt til det n\u00e6ste niveau!<\/p>","protected":false},"excerpt":{"rendered":"<p>Sporvidde HO-hjemmesignal med smal mast (artikelnr. 70411) er et realistisk modeljernbanetilbeh\u00f8r med to uafh\u00e6ngige semaforer, der skifter farve fra r\u00f8d til gr\u00f8n eller r\u00f8d til gr\u00f8n\/gul.<\/p>","protected":false},"featured_media":8830,"comment_status":"open","ping_status":"closed","template":"","meta":[],"product_brand":[107],"product_cat":[72],"product_tag":[],"class_list":{"0":"post-8831","1":"product","2":"type-product","3":"status-publish","4":"has-post-thumbnail","6":"product_brand-marklin","7":"product_cat-marklin-h0-originalen","9":"first","10":"instock","11":"taxable","12":"shipping-taxable","13":"purchasable","14":"product-type-simple"},"_links":{"self":[{"href":"https:\/\/bigfunhobby.com\/da\/wp-json\/wp\/v2\/product\/8831","targetHints":{"allow":["GET"]}}],"collection":[{"href":"https:\/\/bigfunhobby.com\/da\/wp-json\/wp\/v2\/product"}],"about":[{"href":"https:\/\/bigfunhobby.com\/da\/wp-json\/wp\/v2\/types\/product"}],"replies":[{"embeddable":true,"href":"https:\/\/bigfunhobby.com\/da\/wp-json\/wp\/v2\/comments?post=8831"}],"wp:featuredmedia":[{"embeddable":true,"href":"https:\/\/bigfunhobby.com\/da\/wp-json\/wp\/v2\/media\/8830"}],"wp:attachment":[{"href":"https:\/\/bigfunhobby.com\/da\/wp-json\/wp\/v2\/media?parent=8831"}],"wp:term":[{"taxonomy":"product_brand","embeddable":true,"href":"https:\/\/bigfunhobby.com\/da\/wp-json\/wp\/v2\/product_brand?post=8831"},{"taxonomy":"product_cat","embeddable":true,"href":"https:\/\/bigfunhobby.com\/da\/wp-json\/wp\/v2\/product_cat?post=8831"},{"taxonomy":"product_tag","embeddable":true,"href":"https:\/\/bigfunhobby.com\/da\/wp-json\/wp\/v2\/product_tag?post=8831"}],"curies":[{"name":"wp","href":"https:\/\/api.w.org\/{rel}","templated":true}]}}