{"id":8835,"date":"2025-03-08T17:19:14","date_gmt":"2025-03-08T17:19:14","guid":{"rendered":"https:\/\/bigfunhobby.com\/butikk\/gauge-ho-article-no-72178-small-locomotive-shed-building-kit\/"},"modified":"2025-12-04T11:01:04","modified_gmt":"2025-12-04T09:01:04","slug":"gauge-ho-article-no-72178-small-locomotive-shed-building-kit","status":"publish","type":"product","link":"https:\/\/bigfunhobby.com\/da\/butikk\/gauge-ho-article-no-72178-small-locomotive-shed-building-kit\/","title":{"rendered":"Gauge HO- Article no 72178 Small Locomotive Shed Building Kit"},"content":{"rendered":"<p>Dette byggesettet gir deg muligheten til \u00e5 lage en liten lokomotivstall i skala HO, spesielt designet for sm\u00e5 lokomotiver som K&ouml;f II, K&ouml;f III, og lignende. Med dette settet kan du tilf\u00f8re ditt modelljernbane landskap et autentisk og realistisk preg.<\/p>\n<p><strong>Specifikationer:<\/strong><\/p>\n<ul>\n<li>Spesielt for sm\u00e5 lokomotiver.<\/li>\n<li>Realistisk fargeskjema.<\/li>\n<li>\u00c5pnebar d\u00f8r.<\/li>\n<li>Passer for mange tidsperioder (Era II til VI).<\/li>\n<\/ul>\n<p><strong>Materialer:<\/strong><\/p>\n<p>Alle deler er presisjonskutt med laser fra h\u00f8ykvalitets arkitekturkartong. D\u00f8ren har utseendet av blikkst\u00e5l og kan \u00e5pnes manuelt. Vindusglassene er modellert for \u00e5 se ut som st\u00e5l. Alle delene kommer i en prototypisk grunnleggende fargeskjema, men kan ogs\u00e5 v\u00e6res og males videre uten problem.<\/p>\n<p><strong>St\u00f8rrelse:<\/strong><\/p>\n<p>St\u00f8rrelsen p\u00e5 den ferdige modellen er omtrent: Lengde 130 mm \/ 5&#8242;, bredde 55 mm \/ 2&#8242;, h\u00f8yde 70 mm \/ 3&#8242;. D\u00f8r\u00e5pningens m\u00e5l er bredde 42 mm \/ 1-5\/8&#8242; x h\u00f8yde 50 mm \/ 2&#8242;.<\/p>\n<p>Enten du er en erfaren modellbygger eller en nybegynner innen modelljernbane, vil dette byggesettet for en liten lokomotivstall v\u00e6re en flott tillegg til ditt landskap. Bestill n\u00e5 og ta din modelljernbane hobby til nye h\u00f8yder.<\/p>","protected":false},"excerpt":{"rendered":"<p>Byggesett for en liten lokomotivstall i skala HO, artikkel nr. 72178. Ideell for sm\u00e5 lokomotiver, med realistiske detaljer og \u00e5pnebar d\u00f8r.<\/p>","protected":false},"featured_media":8834,"comment_status":"open","ping_status":"closed","template":"","meta":[],"product_brand":[107],"product_cat":[72],"product_tag":[],"class_list":{"0":"post-8835","1":"product","2":"type-product","3":"status-publish","4":"has-post-thumbnail","6":"product_brand-marklin","7":"product_cat-marklin-h0-originalen","9":"first","10":"instock","11":"taxable","12":"shipping-taxable","13":"purchasable","14":"product-type-simple"},"_links":{"self":[{"href":"https:\/\/bigfunhobby.com\/da\/wp-json\/wp\/v2\/product\/8835","targetHints":{"allow":["GET"]}}],"collection":[{"href":"https:\/\/bigfunhobby.com\/da\/wp-json\/wp\/v2\/product"}],"about":[{"href":"https:\/\/bigfunhobby.com\/da\/wp-json\/wp\/v2\/types\/product"}],"replies":[{"embeddable":true,"href":"https:\/\/bigfunhobby.com\/da\/wp-json\/wp\/v2\/comments?post=8835"}],"wp:featuredmedia":[{"embeddable":true,"href":"https:\/\/bigfunhobby.com\/da\/wp-json\/wp\/v2\/media\/8834"}],"wp:attachment":[{"href":"https:\/\/bigfunhobby.com\/da\/wp-json\/wp\/v2\/media?parent=8835"}],"wp:term":[{"taxonomy":"product_brand","embeddable":true,"href":"https:\/\/bigfunhobby.com\/da\/wp-json\/wp\/v2\/product_brand?post=8835"},{"taxonomy":"product_cat","embeddable":true,"href":"https:\/\/bigfunhobby.com\/da\/wp-json\/wp\/v2\/product_cat?post=8835"},{"taxonomy":"product_tag","embeddable":true,"href":"https:\/\/bigfunhobby.com\/da\/wp-json\/wp\/v2\/product_tag?post=8835"}],"curies":[{"name":"wp","href":"https:\/\/api.w.org\/{rel}","templated":true}]}}