{"id":8839,"date":"2025-03-08T17:19:15","date_gmt":"2025-03-08T17:19:15","guid":{"rendered":"https:\/\/bigfunhobby.com\/butikk\/gauge-ho-article-no-72752-turnout-control-box-start-up-assortment\/"},"modified":"2025-12-04T11:01:04","modified_gmt":"2025-12-04T09:01:04","slug":"gauge-ho-varenr-72752-sporskifte-kontrolboks-opstartssortiment","status":"publish","type":"product","link":"https:\/\/bigfunhobby.com\/da\/butikk\/gauge-ho-article-no-72752-turnout-control-box-start-up-assortment\/","title":{"rendered":"Sporvidde HO - artikel nr. 72752 Sporskiftekontrolboks (opstartssortiment)"},"content":{"rendered":"<p>G\u00f8r din modeljernbaneoplevelse endnu bedre med Gauge HO-kontrolboksen, artikelnr. 72752. Denne kontrolboks giver dig mulighed for at betjene op til fire sporskifter, hvilket giver dig fuld kontrol over din modeljernbane.<\/p>\n<p>Kontrolboksen giver automatisk feedback p\u00e5 tilbeh\u00f8rsindstillingerne ved hj\u00e6lp af LED-indikatorer. Det giver dig en \u00f8jeblikkelig visuel bekr\u00e6ftelse p\u00e5, at du har aktiveret sporskifterne korrekt. Kontrolboksen leveres ogs\u00e5 med et 4-ledet kabel med medf\u00f8lgende stik, som g\u00f8r det nemt at tilslutte flere controllere.<\/p>\n<p>Dette er en ideel tilf\u00f8jelse til b\u00e5de begyndere og erfarne modeljernbaneentusiaster. Kontrolboksen er nem at bruge, men giver ogs\u00e5 mulighed for mere komplekse operationer for de mere erfarne. Det g\u00f8r den til et fantastisk v\u00e6rkt\u00f8j til at udvide din modeljernbane.<\/p>\n<ul>\n<li>Artikel nr. 72752<\/li>\n<li>Styr op til 4 kontakter<\/li>\n<li>Automatisk feedback af tilbeh\u00f8rsindstillinger<\/li>\n<li>LED-indikatorer for nem kontrol<\/li>\n<li>4-leders kabel med stik medf\u00f8lger til tilslutning af flere controllere<\/li>\n<\/ul>\n<p>Kontrolboksen er en del af Gauge HO-serien, der er kendt for sin h\u00f8je kvalitet og p\u00e5lidelighed. Det er en serie, der er designet til at give maksimal underholdning og kontrol til alle modeljernbaneentusiaster.<\/p>\n<p>G\u00e5 ikke glip af denne mulighed for at tage din modeljernbane til det n\u00e6ste niveau. K\u00f8b Gauge HO-kontrolboksen artikel nr. 72752 i dag, og f\u00e5 fuld kontrol over din modeljernbane!<\/p>","protected":false},"excerpt":{"rendered":"<p>Styr op til 4 sporskifter med Gauge HO-kontrolboksen artikelnr. 72752, der er udstyret med automatisk feedback og LED-indikatorer. Ideel til modeljernbaneentusiaster.<\/p>","protected":false},"featured_media":8838,"comment_status":"open","ping_status":"closed","template":"","meta":[],"product_brand":[107],"product_cat":[72],"product_tag":[],"class_list":{"0":"post-8839","1":"product","2":"type-product","3":"status-publish","4":"has-post-thumbnail","6":"product_brand-marklin","7":"product_cat-marklin-h0-originalen","9":"first","10":"instock","11":"taxable","12":"shipping-taxable","13":"purchasable","14":"product-type-simple"},"_links":{"self":[{"href":"https:\/\/bigfunhobby.com\/da\/wp-json\/wp\/v2\/product\/8839","targetHints":{"allow":["GET"]}}],"collection":[{"href":"https:\/\/bigfunhobby.com\/da\/wp-json\/wp\/v2\/product"}],"about":[{"href":"https:\/\/bigfunhobby.com\/da\/wp-json\/wp\/v2\/types\/product"}],"replies":[{"embeddable":true,"href":"https:\/\/bigfunhobby.com\/da\/wp-json\/wp\/v2\/comments?post=8839"}],"wp:featuredmedia":[{"embeddable":true,"href":"https:\/\/bigfunhobby.com\/da\/wp-json\/wp\/v2\/media\/8838"}],"wp:attachment":[{"href":"https:\/\/bigfunhobby.com\/da\/wp-json\/wp\/v2\/media?parent=8839"}],"wp:term":[{"taxonomy":"product_brand","embeddable":true,"href":"https:\/\/bigfunhobby.com\/da\/wp-json\/wp\/v2\/product_brand?post=8839"},{"taxonomy":"product_cat","embeddable":true,"href":"https:\/\/bigfunhobby.com\/da\/wp-json\/wp\/v2\/product_cat?post=8839"},{"taxonomy":"product_tag","embeddable":true,"href":"https:\/\/bigfunhobby.com\/da\/wp-json\/wp\/v2\/product_tag?post=8839"}],"curies":[{"name":"wp","href":"https:\/\/api.w.org\/{rel}","templated":true}]}}