{"id":8853,"date":"2025-03-08T17:19:18","date_gmt":"2025-03-08T17:19:18","guid":{"rendered":"https:\/\/bigfunhobby.com\/butikk\/gauge-ho-article-no-76495-color-light-home-signal-with-a-color-light-distant-signal\/"},"modified":"2025-12-04T11:01:05","modified_gmt":"2025-12-04T09:01:05","slug":"gauge-ho-artikel-nr-76495-farvelys-hjemsignal-med-farvelys-fjernsignal","status":"publish","type":"product","link":"https:\/\/bigfunhobby.com\/da\/butikk\/gauge-ho-article-no-76495-color-light-home-signal-with-a-color-light-distant-signal\/","title":{"rendered":"Sporvidde HO - artikel nr. 76495 Farvelys hjemsignal med et farvelys fjernsignal"},"content":{"rendered":"<p>Dette lette hjemmesignal i skala HO med farvesignal til fjernsignal (varenr. 76495) er et s\u00e6t af h\u00f8j kvalitet til modeljernbaneentusiaster. Inspireret af den tyske jernbanestandard giver dette signal en autentisk fornemmelse til dit modeljernbaneprojekt.<\/p>\n<p><strong>Specifikationer for modellen:<\/strong><\/p>\n<p>Signalet er udstyret med to integrerede elektroniske signalkredsl\u00f8b og en separat signaldekoder. Fjernsignalet kan bruges til alle hjemmesignaler. Alle funktioner kan styres digitalt med den medf\u00f8lgende signaldekoder eller i konventionel drift med en 72760-kontrolboks. Signaldekoderen kan installeres under C-spor eller under banen. H\u00f8jden uden sokkel er 78,0 mm.<\/p>\n<p><strong>Funktioner:<\/strong><\/p>\n<ul>\n<li>2 signaler p\u00e5 en mast uden yderligere tilslutninger.<\/li>\n<li>Blokeringssignal til brug p\u00e5 hovedlinjer.<\/li>\n<li>Fjernsignal til brug f\u00f8r et blokeringssignal eller et indgangssignal.<\/li>\n<\/ul>\n<p>Dette er et ideelt tilbeh\u00f8r til enhver modeljernbane, som tilf\u00f8jer b\u00e5de dybde og realisme til dit layout. Uanset om du er en erfaren modelbygger eller nybegynder i hobbyen, vil dette signal tilf\u00f8je en ekstra dimension til din modeljernbane.<\/p>\n<p>S\u00e6t et professionelt pr\u00e6g p\u00e5 din modeljernbane med dette lette hjemmesignal i HO-skala med farvefjernsignal. <strong>Book nu<\/strong> til at tage din modeljernbane til det n\u00e6ste niveau.<\/p>","protected":false},"excerpt":{"rendered":"<p>Lys-hjemmesignal i HO-skala med farvesignal til fjernsignalering, ideelt til realistisk modeljernbanebyggeri. Kompleks funktionalitet med integrerede elektroniske signalkredsl\u00f8b og separat signaldekoder.<\/p>","protected":false},"featured_media":8852,"comment_status":"open","ping_status":"closed","template":"","meta":[],"product_brand":[107],"product_cat":[72],"product_tag":[],"class_list":{"0":"post-8853","1":"product","2":"type-product","3":"status-publish","4":"has-post-thumbnail","6":"product_brand-marklin","7":"product_cat-marklin-h0-originalen","9":"first","10":"instock","11":"taxable","12":"shipping-taxable","13":"purchasable","14":"product-type-simple"},"_links":{"self":[{"href":"https:\/\/bigfunhobby.com\/da\/wp-json\/wp\/v2\/product\/8853","targetHints":{"allow":["GET"]}}],"collection":[{"href":"https:\/\/bigfunhobby.com\/da\/wp-json\/wp\/v2\/product"}],"about":[{"href":"https:\/\/bigfunhobby.com\/da\/wp-json\/wp\/v2\/types\/product"}],"replies":[{"embeddable":true,"href":"https:\/\/bigfunhobby.com\/da\/wp-json\/wp\/v2\/comments?post=8853"}],"wp:featuredmedia":[{"embeddable":true,"href":"https:\/\/bigfunhobby.com\/da\/wp-json\/wp\/v2\/media\/8852"}],"wp:attachment":[{"href":"https:\/\/bigfunhobby.com\/da\/wp-json\/wp\/v2\/media?parent=8853"}],"wp:term":[{"taxonomy":"product_brand","embeddable":true,"href":"https:\/\/bigfunhobby.com\/da\/wp-json\/wp\/v2\/product_brand?post=8853"},{"taxonomy":"product_cat","embeddable":true,"href":"https:\/\/bigfunhobby.com\/da\/wp-json\/wp\/v2\/product_cat?post=8853"},{"taxonomy":"product_tag","embeddable":true,"href":"https:\/\/bigfunhobby.com\/da\/wp-json\/wp\/v2\/product_tag?post=8853"}],"curies":[{"name":"wp","href":"https:\/\/api.w.org\/{rel}","templated":true}]}}