{"id":8855,"date":"2025-03-08T17:19:18","date_gmt":"2025-03-08T17:19:18","guid":{"rendered":"https:\/\/bigfunhobby.com\/butikk\/gauge-ho-article-no-76497\/"},"modified":"2025-12-04T11:01:05","modified_gmt":"2025-12-04T09:01:05","slug":"gauge-ho-article-no-76497","status":"publish","type":"product","link":"https:\/\/bigfunhobby.com\/da\/butikk\/gauge-ho-article-no-76497\/","title":{"rendered":"Sporvidde HO - artikel nr. 76497"},"content":{"rendered":"<p>Oppdag gleden av modelljernbanebygging med &#8216;Gauge HO&#8217; modelljernbanesignal, artikkel nr. 76497. Dette byggesettet representerer et tysk standarddesign innkj\u00f8ringssignal med et fjernt signal p\u00e5 samme mast, noe som gir din modelljernbane en autentisk f\u00f8lelse.<\/p>\n<p><strong>Specifikationer:<\/strong> Modellen har 2 innebygde elektroniske signal kretser og en separat signal dekoder. Fjernsignalet kan brukes for alle innsignaler. Kontroll av alle funksjoner er mulig i det digitale systemet med signaldekoderen som f\u00f8lger med signalet, eller i konvensjonell drift med en 72760 kontrollboks. Signaldekoderen kan installeres under C-sporet eller under oppsettet. H\u00f8yden uten base er 78,0 mm.<\/p>\n<p><strong>Utforming:<\/strong> Dette byggesettet er laget for \u00e5 gi en autentisk f\u00f8lelse av en modelljernbane. Det er designet med to signaler p\u00e5 en mast uten ekstra tilkoblinger. Inngangssignalet kan brukes f\u00f8r stasjoner, mens fjernsignalet kan brukes f\u00f8r et utgangssignal.<\/p>\n<p><strong>Historie:<\/strong> Modellen er basert p\u00e5 det tyske f\u00f8derale jernbanes (DB) standarddesign inngangssignal. Dette gir en ekstra autentisk touch til din modelljernbane.<\/p>\n<p>Enten du er en erfaren modelljernbaneentusiast eller en nybegynner, vil denne modellen gi deg timer med byggeglede og et fantastisk tillegg til din modelljernbane. Ikke g\u00e5 glipp av denne muligheten til \u00e5 forbedre din modelljernbane. <strong>Kj\u00f8p her!<\/strong><\/p>","protected":false},"excerpt":{"rendered":"<p>Gauge HO&#8217; modelljernbanesignal, artikkel nr 76497, er et tysk standard design innkj\u00f8ringssignal med et fjernt signal p\u00e5 samme mast. Dette byggesettet er perfekt for b\u00e5de nybegynnere og erfarne modelljernbaneentusiaster.<\/p>","protected":false},"featured_media":8854,"comment_status":"open","ping_status":"closed","template":"","meta":[],"product_brand":[107],"product_cat":[72],"product_tag":[],"class_list":{"0":"post-8855","1":"product","2":"type-product","3":"status-publish","4":"has-post-thumbnail","6":"product_brand-marklin","7":"product_cat-marklin-h0-originalen","9":"first","10":"instock","11":"taxable","12":"shipping-taxable","13":"purchasable","14":"product-type-simple"},"_links":{"self":[{"href":"https:\/\/bigfunhobby.com\/da\/wp-json\/wp\/v2\/product\/8855","targetHints":{"allow":["GET"]}}],"collection":[{"href":"https:\/\/bigfunhobby.com\/da\/wp-json\/wp\/v2\/product"}],"about":[{"href":"https:\/\/bigfunhobby.com\/da\/wp-json\/wp\/v2\/types\/product"}],"replies":[{"embeddable":true,"href":"https:\/\/bigfunhobby.com\/da\/wp-json\/wp\/v2\/comments?post=8855"}],"wp:featuredmedia":[{"embeddable":true,"href":"https:\/\/bigfunhobby.com\/da\/wp-json\/wp\/v2\/media\/8854"}],"wp:attachment":[{"href":"https:\/\/bigfunhobby.com\/da\/wp-json\/wp\/v2\/media?parent=8855"}],"wp:term":[{"taxonomy":"product_brand","embeddable":true,"href":"https:\/\/bigfunhobby.com\/da\/wp-json\/wp\/v2\/product_brand?post=8855"},{"taxonomy":"product_cat","embeddable":true,"href":"https:\/\/bigfunhobby.com\/da\/wp-json\/wp\/v2\/product_cat?post=8855"},{"taxonomy":"product_tag","embeddable":true,"href":"https:\/\/bigfunhobby.com\/da\/wp-json\/wp\/v2\/product_tag?post=8855"}],"curies":[{"name":"wp","href":"https:\/\/api.w.org\/{rel}","templated":true}]}}