{"id":8859,"date":"2025-03-08T17:19:20","date_gmt":"2025-03-08T17:19:20","guid":{"rendered":"https:\/\/bigfunhobby.com\/butikk\/90554-san-felipe-paints-pack\/"},"modified":"2026-03-03T12:26:27","modified_gmt":"2026-03-03T10:26:27","slug":"90554-san-felipe-paints-pack","status":"publish","type":"product","link":"https:\/\/bigfunhobby.com\/da\/butikk\/90554-san-felipe-paints-pack\/","title":{"rendered":"90554 San FELIPE maling PACK"},"content":{"rendered":"<p>Giv dine modelprojekter liv med vores San Felipe-malingss\u00e6t. S\u00e6ttet er ideelt til b\u00e5de begyndere og erfarne modelbyggere og er designet til at give dine tr\u00e6- og plastmodeller et autentisk og detaljeret udseende.<\/p>\n<p>S\u00e6ttet indeholder f\u00f8lgende farver: 19141 \/ 19142 \/ 19209 \/ 19210 \/ 19211 \/ 19300 \/ 19301 \/ 19307 \/ 19310 \/ 19313 \/ 19380 \/ 19381. Hver farve er n\u00f8je udvalgt til at passe perfekt til San Felipe-modellen, men kan ogs\u00e5 bruges til en lang r\u00e6kke andre modelprojekter.<\/p>\n<ul>\n<li>Specifikationer: San Felipe farves\u00e6t 90554<\/li>\n<li>Farvekoder: 19141 \/ 19142 \/ 19209 \/ 19210 \/ 19211 \/ 19300 \/ 19301 \/ 19307 \/ 19310 \/ 19313 \/ 19380 \/ 19381<\/li>\n<li>Pakken indeholder 12 forskellige farver<\/li>\n<\/ul>\n<p>Malingen er designet til at give en glat og j\u00e6vn finish, som er afg\u00f8rende for at opn\u00e5 det realistiske udseende, der er s\u00e5 vigtigt i modelbygning. Uanset om du arbejder med skibsmodeller af tr\u00e6, plastikmodeller eller andre typer s\u00e6t, vil dette malingss\u00e6t hj\u00e6lpe med at give dine projekter det professionelle udseende, de fortjener.<\/p>\n<p>Bestil San Felipe-malingss\u00e6ttet nu, og tag din modelbygning til det n\u00e6ste niveau. Med den rigtige maling bliver selv det mest udfordrende s\u00e6t en forn\u00f8jelse at arbejde med. Vent ikke, men nyd gl\u00e6den ved at skabe noget helt unikt i dag!<\/p>","protected":false},"excerpt":{"rendered":"<p>San Felipe-malingss\u00e6ttet indeholder en r\u00e6kke farver, der er specielt designet til modelbyggere, begyndere og entusiaster, til at give dine tr\u00e6- og plastmodeller et autentisk og detaljeret udseende.<\/p>","protected":false},"featured_media":8858,"comment_status":"open","ping_status":"closed","template":"","meta":[],"product_brand":[95],"product_cat":[78],"product_tag":[],"class_list":{"0":"post-8859","1":"product","2":"type-product","3":"status-publish","4":"has-post-thumbnail","6":"product_brand-occre","7":"product_cat-occre-maling","9":"first","10":"instock","11":"taxable","12":"shipping-taxable","13":"purchasable","14":"product-type-simple"},"_links":{"self":[{"href":"https:\/\/bigfunhobby.com\/da\/wp-json\/wp\/v2\/product\/8859","targetHints":{"allow":["GET"]}}],"collection":[{"href":"https:\/\/bigfunhobby.com\/da\/wp-json\/wp\/v2\/product"}],"about":[{"href":"https:\/\/bigfunhobby.com\/da\/wp-json\/wp\/v2\/types\/product"}],"replies":[{"embeddable":true,"href":"https:\/\/bigfunhobby.com\/da\/wp-json\/wp\/v2\/comments?post=8859"}],"wp:featuredmedia":[{"embeddable":true,"href":"https:\/\/bigfunhobby.com\/da\/wp-json\/wp\/v2\/media\/8858"}],"wp:attachment":[{"href":"https:\/\/bigfunhobby.com\/da\/wp-json\/wp\/v2\/media?parent=8859"}],"wp:term":[{"taxonomy":"product_brand","embeddable":true,"href":"https:\/\/bigfunhobby.com\/da\/wp-json\/wp\/v2\/product_brand?post=8859"},{"taxonomy":"product_cat","embeddable":true,"href":"https:\/\/bigfunhobby.com\/da\/wp-json\/wp\/v2\/product_cat?post=8859"},{"taxonomy":"product_tag","embeddable":true,"href":"https:\/\/bigfunhobby.com\/da\/wp-json\/wp\/v2\/product_tag?post=8859"}],"curies":[{"name":"wp","href":"https:\/\/api.w.org\/{rel}","templated":true}]}}