{"id":8863,"date":"2025-03-08T17:19:21","date_gmt":"2025-03-08T17:19:21","guid":{"rendered":"https:\/\/bigfunhobby.com\/butikk\/billing-boats-copper-wire-0-5-mm\/"},"modified":"2025-12-04T11:01:07","modified_gmt":"2025-12-04T09:01:07","slug":"billing-bade-kobbertrad-0-5-mm","status":"publish","type":"product","link":"https:\/\/bigfunhobby.com\/da\/butikk\/billing-boats-copper-wire-0-5-mm\/","title":{"rendered":"Billing Boats Kobbertr\u00e5d 0,5 mm"},"content":{"rendered":"<p>Detaljeringsgraden kan g\u00f8re forskellen mellem en god model og en fantastisk model. Med Billing Boats kobbertr\u00e5d 0,5 mm kan du tilf\u00f8je de fineste detaljer til dine modelprojekter, uanset om det er tr\u00e6skibsmodeller, plastikmodeller, modeljernbaner eller fjernstyrede k\u00f8ret\u00f8jer.<\/p>\n<p><strong>Specifikationer:<\/strong><\/p>\n<ul>\n<li>Type: Kobbertr\u00e5d<\/li>\n<li>Tykkelse: 0,5 mm<\/li>\n<\/ul>\n<p>Kobbertr\u00e5den er lavet af materiale af h\u00f8j kvalitet, hvilket sikrer en lang levetid og fremragende ydeevne. Dens alsidighed g\u00f8r den til et ideelt tilbeh\u00f8r til forskellige typer modellering, herunder tr\u00e6skibsmodeller og plastikmodeller.<\/p>\n<p>Brug af kobbertr\u00e5d i modelbygning har en lang historie. Fra gamle sejlskibsmodeller til moderne modeljernbaner har kobbertr\u00e5d v\u00e6ret et uvurderligt v\u00e6rkt\u00f8j til at tilf\u00f8je realistiske detaljer.<\/p>\n<p>Uanset om du er ny inden for modelbygning eller en erfaren entusiast, vil Billing Boats 0,5 mm kobbertr\u00e5d hj\u00e6lpe dig med at tage dine projekter til det n\u00e6ste niveau. Med dens hj\u00e6lp kan du tilf\u00f8je de sm\u00e5 detaljer, der g\u00f8r dine modeller unikke og realistiske.<\/p>\n<p>G\u00f8r dine modeller mere livagtige og detaljerede med Billing Boats 0,5 mm kobbertr\u00e5d. <strong>Se hele vores sortiment og bestil nu!<\/strong><\/p>","protected":false},"excerpt":{"rendered":"<p>Billing Boats kobbertr\u00e5d 0,5 mm er et vigtigt tilbeh\u00f8r til detaljeret modelbygning, ideelt til b\u00e5de begyndere og erfarne entusiaster.<\/p>","protected":false},"featured_media":8862,"comment_status":"open","ping_status":"closed","template":"","meta":[],"product_brand":[96],"product_cat":[60],"product_tag":[],"class_list":{"0":"post-8863","1":"product","2":"type-product","3":"status-publish","4":"has-post-thumbnail","6":"product_brand-billing-boats","7":"product_cat-tilbehor-trebyggesett","9":"first","10":"outofstock","11":"taxable","12":"shipping-taxable","13":"purchasable","14":"product-type-simple"},"_links":{"self":[{"href":"https:\/\/bigfunhobby.com\/da\/wp-json\/wp\/v2\/product\/8863","targetHints":{"allow":["GET"]}}],"collection":[{"href":"https:\/\/bigfunhobby.com\/da\/wp-json\/wp\/v2\/product"}],"about":[{"href":"https:\/\/bigfunhobby.com\/da\/wp-json\/wp\/v2\/types\/product"}],"replies":[{"embeddable":true,"href":"https:\/\/bigfunhobby.com\/da\/wp-json\/wp\/v2\/comments?post=8863"}],"wp:featuredmedia":[{"embeddable":true,"href":"https:\/\/bigfunhobby.com\/da\/wp-json\/wp\/v2\/media\/8862"}],"wp:attachment":[{"href":"https:\/\/bigfunhobby.com\/da\/wp-json\/wp\/v2\/media?parent=8863"}],"wp:term":[{"taxonomy":"product_brand","embeddable":true,"href":"https:\/\/bigfunhobby.com\/da\/wp-json\/wp\/v2\/product_brand?post=8863"},{"taxonomy":"product_cat","embeddable":true,"href":"https:\/\/bigfunhobby.com\/da\/wp-json\/wp\/v2\/product_cat?post=8863"},{"taxonomy":"product_tag","embeddable":true,"href":"https:\/\/bigfunhobby.com\/da\/wp-json\/wp\/v2\/product_tag?post=8863"}],"curies":[{"name":"wp","href":"https:\/\/api.w.org\/{rel}","templated":true}]}}