{"id":8865,"date":"2025-03-08T17:19:22","date_gmt":"2025-03-08T17:19:22","guid":{"rendered":"https:\/\/bigfunhobby.com\/butikk\/1-350-bismarck-fra-revell\/"},"modified":"2025-12-04T11:01:07","modified_gmt":"2025-12-04T09:01:07","slug":"1-350-bismarck-fra-revell","status":"publish","type":"product","link":"https:\/\/bigfunhobby.com\/da\/butikk\/1-350-bismarck-fra-revell\/","title":{"rendered":"1\/350 Bismarck fra REVELL"},"content":{"rendered":"<p>Du har n\u00e5 muligheten til \u00e5 bygge din egen modell av det legendariske slagskipet Bismarck. Dette byggesettet i skala 1\/350 fra REVELL er perfekt for b\u00e5de nybegynnere og erfarne entusiaster innen modellbygging.<\/p>\n<p><b>Specifikationer:<\/b><\/p>\n<ul>\n<li>Fire detaljerte t\u00e5rn p\u00e5 38 cm<\/li>\n<li>Tolv 15 cm kanoner<\/li>\n<li>Seksten 10,5 cm kanoner<\/li>\n<li>S\u00f8kelys med gjennomsiktige deler<\/li>\n<li>Ti livb\u00e5ter<\/li>\n<li>To Arado 196 sj\u00f8fly med glasscockpit<\/li>\n<li>To fullt detaljerte kraner<\/li>\n<li>Utstillingsstand<\/li>\n<li>Kamuflasjeskjema instruksjoner og klistremerkesett for to operasjonsomr\u00e5der<\/li>\n<\/ul>\n<p>Byggesettet er laget av h\u00f8ykvalitets plast og inneholder 659 enkeltdeler. Den ferdige modellen vil m\u00e5le 71,8 cm i lengde.<\/p>\n<p><b>Historie:<\/b><\/p>\n<p>Bismarck var p\u00e5 sin tid verdens st\u00f8rste og mest moderne slagskip. Skipet er kjent for sitt slag mot det britiske slagskipet HMS Hood i 1941. Dette byggesettet gir deg muligheten til \u00e5 dykke inn i historien og oppleve skipet p\u00e5 en helt ny m\u00e5te.<\/p>\n<p>Byggesettet passer for alderen 14 \u00e5r og oppover. Det er en flott gave til alle som er interessert i historie, maritim kultur eller modellbygging. Ta steget inn i en verden av presisjon, detaljer og historie med dette fantastiske byggesettet.<\/p>\n<p>Klar for en ny utfordring? Kj\u00f8p ditt Bismarck byggesett i dag og begynn reisen inn i modellbyggingens fascinerende verden.<\/p>","protected":false},"excerpt":{"rendered":"<p>Bygg din egen skalamodell av det legendariske slagskipet Bismarck med dette detaljerte byggesettet fra REVELL. Passer perfekt for b\u00e5de nybegynnere og erfarne modellbyggere.<\/p>","protected":false},"featured_media":8864,"comment_status":"open","ping_status":"closed","template":"","meta":[],"product_brand":[104],"product_cat":[56],"product_tag":[],"class_list":{"0":"post-8865","1":"product","2":"type-product","3":"status-publish","4":"has-post-thumbnail","6":"product_brand-revell","7":"product_cat-bater","9":"first","10":"outofstock","11":"taxable","12":"shipping-taxable","13":"purchasable","14":"product-type-simple"},"_links":{"self":[{"href":"https:\/\/bigfunhobby.com\/da\/wp-json\/wp\/v2\/product\/8865","targetHints":{"allow":["GET"]}}],"collection":[{"href":"https:\/\/bigfunhobby.com\/da\/wp-json\/wp\/v2\/product"}],"about":[{"href":"https:\/\/bigfunhobby.com\/da\/wp-json\/wp\/v2\/types\/product"}],"replies":[{"embeddable":true,"href":"https:\/\/bigfunhobby.com\/da\/wp-json\/wp\/v2\/comments?post=8865"}],"wp:featuredmedia":[{"embeddable":true,"href":"https:\/\/bigfunhobby.com\/da\/wp-json\/wp\/v2\/media\/8864"}],"wp:attachment":[{"href":"https:\/\/bigfunhobby.com\/da\/wp-json\/wp\/v2\/media?parent=8865"}],"wp:term":[{"taxonomy":"product_brand","embeddable":true,"href":"https:\/\/bigfunhobby.com\/da\/wp-json\/wp\/v2\/product_brand?post=8865"},{"taxonomy":"product_cat","embeddable":true,"href":"https:\/\/bigfunhobby.com\/da\/wp-json\/wp\/v2\/product_cat?post=8865"},{"taxonomy":"product_tag","embeddable":true,"href":"https:\/\/bigfunhobby.com\/da\/wp-json\/wp\/v2\/product_tag?post=8865"}],"curies":[{"name":"wp","href":"https:\/\/api.w.org\/{rel}","templated":true}]}}