{"id":8871,"date":"2025-03-08T17:19:23","date_gmt":"2025-03-08T17:19:23","guid":{"rendered":"https:\/\/bigfunhobby.com\/butikk\/15007-belle-poule-190\/"},"modified":"2026-03-03T12:26:27","modified_gmt":"2026-03-03T10:26:27","slug":"15007-smuk-hone-190","status":"publish","type":"product","link":"https:\/\/bigfunhobby.com\/da\/butikk\/15007-belle-poule-190\/","title":{"rendered":"15007 SMUK H\u00d8NE 1:90"},"content":{"rendered":"<h1>Modelskibss\u00e6t - Belle Poule 1:90<\/h1>\n<p>Dr\u00f8m dig v\u00e6k med vores h\u00f8jkvalitets tr\u00e6skibsmodel Belle Poule 1:90. Dette s\u00e6t er perfekt til modelbygningsentusiaster og indeholder alt, hvad du skal bruge for at skabe en tro gengivelse ned til de mest specifikke detaljer.<\/p>\n<ul>\n<li>Inkluderer en st\u00f8bt plakette med modellens navn<\/li>\n<li>Enkelt byggestativ medf\u00f8lger<\/li>\n<li>Inkluderer sejl<\/li>\n<li>Trin-for-trin videovejledninger<\/li>\n<li>Instruktioner p\u00e5 5 sprog<\/li>\n<li>Trin-for-trin-billeder i HD<\/li>\n<li>Reservedelsliste med m\u00e5l og materialer<\/li>\n<li>IP-ark til at identificere dele<\/li>\n<li>Planer i m\u00e5lestok<\/li>\n<li>Livstidsgaranti<\/li>\n<\/ul>\n<h2>Specifikationer for Belle Poule Modelskibsbygges\u00e6t<\/h2>\n<ul>\n<li>Skala: 1\/90<\/li>\n<li>Bredde: 385mm<\/li>\n<li>H\u00f8jde: 765 mm<\/li>\n<li>L\u00e6ngde: 1085mm<\/li>\n<li>Antal dele: over 6600<\/li>\n<li>Sv\u00e6rhedsgrad: Medium<\/li>\n<\/ul>\n<h2>Historien om skibet Belle Poule<\/h2>\n<p>Belle Poule var en fregat i den franske fl\u00e5de med 60 kanoner. Byggeriet begyndte i 1828, men skibet blev f\u00f8rst s\u00f8sat i 1834. Belle Poule blev ber\u00f8mt for hjemsendelsen af Napoleons aske fra \u00f8en Sankt Helena til Frankrig, en begivenhed, der markerede afslutningen p\u00e5 Napoleonstiden.<\/p>\n<p>Oplev gl\u00e6den ved at bygge modeller med Belle Poule tr\u00e6skibsmodellen. Perfekt til b\u00e5de begyndere og erfarne modelbyggere. K\u00f8b her, og start din modelbyggerrejse i dag!<\/p>","protected":false},"excerpt":{"rendered":"<p>Den historiske tr\u00e6skibsmodel Belle Poule 1:90 er et bygges\u00e6t af h\u00f8j kvalitet til entusiaster. Leveres med over 6.600 dele, detaljerede instruktioner og livstidsgaranti.<\/p>","protected":false},"featured_media":8870,"comment_status":"open","ping_status":"closed","template":"","meta":[],"product_brand":[95],"product_cat":[67],"product_tag":[],"class_list":{"0":"post-8871","1":"product","2":"type-product","3":"status-publish","4":"has-post-thumbnail","6":"product_brand-occre","7":"product_cat-bater-occre","9":"first","10":"instock","11":"taxable","12":"shipping-taxable","13":"purchasable","14":"product-type-simple"},"_links":{"self":[{"href":"https:\/\/bigfunhobby.com\/da\/wp-json\/wp\/v2\/product\/8871","targetHints":{"allow":["GET"]}}],"collection":[{"href":"https:\/\/bigfunhobby.com\/da\/wp-json\/wp\/v2\/product"}],"about":[{"href":"https:\/\/bigfunhobby.com\/da\/wp-json\/wp\/v2\/types\/product"}],"replies":[{"embeddable":true,"href":"https:\/\/bigfunhobby.com\/da\/wp-json\/wp\/v2\/comments?post=8871"}],"wp:featuredmedia":[{"embeddable":true,"href":"https:\/\/bigfunhobby.com\/da\/wp-json\/wp\/v2\/media\/8870"}],"wp:attachment":[{"href":"https:\/\/bigfunhobby.com\/da\/wp-json\/wp\/v2\/media?parent=8871"}],"wp:term":[{"taxonomy":"product_brand","embeddable":true,"href":"https:\/\/bigfunhobby.com\/da\/wp-json\/wp\/v2\/product_brand?post=8871"},{"taxonomy":"product_cat","embeddable":true,"href":"https:\/\/bigfunhobby.com\/da\/wp-json\/wp\/v2\/product_cat?post=8871"},{"taxonomy":"product_tag","embeddable":true,"href":"https:\/\/bigfunhobby.com\/da\/wp-json\/wp\/v2\/product_tag?post=8871"}],"curies":[{"name":"wp","href":"https:\/\/api.w.org\/{rel}","templated":true}]}}