{"id":8873,"date":"2025-03-08T17:19:25","date_gmt":"2025-03-08T17:19:25","guid":{"rendered":"https:\/\/bigfunhobby.com\/butikk\/solid-oak-base-2-brass-cast-iron-brackets\/"},"modified":"2026-03-03T12:26:27","modified_gmt":"2026-03-03T10:26:27","slug":"base-af-massivt-egetrae-2-messingbeslag-af-stobejern","status":"publish","type":"product","link":"https:\/\/bigfunhobby.com\/da\/butikk\/solid-oak-base-2-brass-cast-iron-brackets\/","title":{"rendered":"Massiv egetr\u00e6sbase + 2 messingbeslag af st\u00f8bejern"},"content":{"rendered":"<p>Denne robuste egetr\u00e6ssokkel med to elegante, st\u00f8bte messingst\u00f8tter er det perfekte tilbeh\u00f8r til udstilling af din tr\u00e6skibsmodel. Uanset om du er en erfaren modelbygger eller en nybegynder, vil denne base give din model den udstilling, den fortjener.<\/p>\n<p><strong>Specifikationer:<\/strong><\/p>\n<ul>\n<li>Dimensioner: 250x120x15 mm<\/li>\n<li>Materialer: Massiv eg og st\u00f8bt messing<\/li>\n<\/ul>\n<p>Basen er lavet af massivt egetr\u00e6, der giver et naturligt og robust look, som passer til alle typer skibsmodeller af tr\u00e6. De st\u00f8bte messingst\u00f8tter tilf\u00f8jer et ekstra strejf af elegance og holdbarhed. Uanset om du bygger en skalamodel af et gammelt sejlskib eller et moderne krigsskib, vil denne base v\u00e6re perfekt til at fremvise det f\u00e6rdige resultat.<\/p>\n<p>Modelbygning er en hobby, der kombinerer kreativitet, pr\u00e6cision og t\u00e5lmodighed. Ved at udstille din f\u00e6rdige model p\u00e5 en base som denne kan du virkelig vise det h\u00e5rde arbejde og de mange detaljer, der er lagt i s\u00e6ttet.<\/p>\n<p>T\u00f8v ikke, giv din skibsmodel af tr\u00e6 den udstilling, den fortjener. K\u00f8b denne solide egetr\u00e6sbase med st\u00f8bte messingst\u00f8tter i dag, og tag din modelbygning til det n\u00e6ste niveau.<\/p>","protected":false},"excerpt":{"rendered":"<p>Massiv egetr\u00e6sbase med to st\u00f8tter i st\u00f8bt messing. Perfekt til at udstille din tr\u00e6skibsmodel med stil.<\/p>","protected":false},"featured_media":8872,"comment_status":"open","ping_status":"closed","template":"","meta":[],"product_brand":[95],"product_cat":[60],"product_tag":[],"class_list":{"0":"post-8873","1":"product","2":"type-product","3":"status-publish","4":"has-post-thumbnail","6":"product_brand-occre","7":"product_cat-tilbehor-trebyggesett","9":"first","10":"instock","11":"taxable","12":"shipping-taxable","13":"purchasable","14":"product-type-simple"},"_links":{"self":[{"href":"https:\/\/bigfunhobby.com\/da\/wp-json\/wp\/v2\/product\/8873","targetHints":{"allow":["GET"]}}],"collection":[{"href":"https:\/\/bigfunhobby.com\/da\/wp-json\/wp\/v2\/product"}],"about":[{"href":"https:\/\/bigfunhobby.com\/da\/wp-json\/wp\/v2\/types\/product"}],"replies":[{"embeddable":true,"href":"https:\/\/bigfunhobby.com\/da\/wp-json\/wp\/v2\/comments?post=8873"}],"wp:featuredmedia":[{"embeddable":true,"href":"https:\/\/bigfunhobby.com\/da\/wp-json\/wp\/v2\/media\/8872"}],"wp:attachment":[{"href":"https:\/\/bigfunhobby.com\/da\/wp-json\/wp\/v2\/media?parent=8873"}],"wp:term":[{"taxonomy":"product_brand","embeddable":true,"href":"https:\/\/bigfunhobby.com\/da\/wp-json\/wp\/v2\/product_brand?post=8873"},{"taxonomy":"product_cat","embeddable":true,"href":"https:\/\/bigfunhobby.com\/da\/wp-json\/wp\/v2\/product_cat?post=8873"},{"taxonomy":"product_tag","embeddable":true,"href":"https:\/\/bigfunhobby.com\/da\/wp-json\/wp\/v2\/product_tag?post=8873"}],"curies":[{"name":"wp","href":"https:\/\/api.w.org\/{rel}","templated":true}]}}