{"id":8875,"date":"2025-03-08T17:19:26","date_gmt":"2025-03-08T17:19:26","guid":{"rendered":"https:\/\/bigfunhobby.com\/butikk\/90559-belle-poule-acrylic-paint-pack\/"},"modified":"2026-03-03T12:26:28","modified_gmt":"2026-03-03T10:26:28","slug":"90559-smuk-hone-akrylmalingspakke","status":"publish","type":"product","link":"https:\/\/bigfunhobby.com\/da\/butikk\/90559-belle-poule-acrylic-paint-pack\/","title":{"rendered":"90559 Belle Poule akrylmalingspakke"},"content":{"rendered":"<p>90559 Belle Poule Acrylic Paint Pack er det ideelle valg for modelbyggerentusiaster, is\u00e6r dem, der arbejder med skibsmodeller af tr\u00e6. Med dette s\u00e6t kan du give din Belle Poule-skibsmodel den perfekte finish, den fortjener.<\/p>\n<ul>\n<li>S\u00e6ttet indeholder 8 flasker med de n\u00f8dvendige farver, farvestoffer og lakker.<\/li>\n<li>De inkluderede farver er 19141, 19142, 19300, 19301, 19383, 19209, 19210, 19212.<\/li>\n<\/ul>\n<p>Dette akrylmalingss\u00e6t er specielt udviklet til Belle Poule-skibsmodellen, men det kan ogs\u00e5 bruges p\u00e5 andre tr\u00e6skibsmodeller for at give dem et autentisk og realistisk udseende. At male modelskibe kan v\u00e6re en udfordrende og tidskr\u00e6vende proces, men med Belle Poule Acrylic Paint Pack kan du v\u00e6re sikker p\u00e5 holdbare resultater af h\u00f8j kvalitet.<\/p>\n<p>Uanset om du er en erfaren modelbygger eller lige er begyndt p\u00e5 denne fascinerende hobby, vil Belle Poule Acrylic Paint Pack give dig mulighed for at udtrykke din kreativitet og sans for detaljer. Det er en v\u00e6rdifuld tilf\u00f8jelse til ethvert voksent models\u00e6t.<\/p>\n<p>Vent ikke l\u00e6ngere, bestil Belle Poule Acrylic Paint Pack nu, og tag din tr\u00e6skibsmodel til det n\u00e6ste niveau!<\/p>","protected":false},"excerpt":{"rendered":"<p>Belle Poule akrylmalingss\u00e6t indeholder alt, hvad du skal bruge for at give din tr\u00e6skibsmodel en perfekt finish. S\u00e6ttet indeholder 8 flasker med farver, farvestoffer og lak.<\/p>","protected":false},"featured_media":8874,"comment_status":"open","ping_status":"closed","template":"","meta":[],"product_brand":[95],"product_cat":[78],"product_tag":[],"class_list":{"0":"post-8875","1":"product","2":"type-product","3":"status-publish","4":"has-post-thumbnail","6":"product_brand-occre","7":"product_cat-occre-maling","9":"first","10":"instock","11":"taxable","12":"shipping-taxable","13":"purchasable","14":"product-type-simple"},"_links":{"self":[{"href":"https:\/\/bigfunhobby.com\/da\/wp-json\/wp\/v2\/product\/8875","targetHints":{"allow":["GET"]}}],"collection":[{"href":"https:\/\/bigfunhobby.com\/da\/wp-json\/wp\/v2\/product"}],"about":[{"href":"https:\/\/bigfunhobby.com\/da\/wp-json\/wp\/v2\/types\/product"}],"replies":[{"embeddable":true,"href":"https:\/\/bigfunhobby.com\/da\/wp-json\/wp\/v2\/comments?post=8875"}],"wp:featuredmedia":[{"embeddable":true,"href":"https:\/\/bigfunhobby.com\/da\/wp-json\/wp\/v2\/media\/8874"}],"wp:attachment":[{"href":"https:\/\/bigfunhobby.com\/da\/wp-json\/wp\/v2\/media?parent=8875"}],"wp:term":[{"taxonomy":"product_brand","embeddable":true,"href":"https:\/\/bigfunhobby.com\/da\/wp-json\/wp\/v2\/product_brand?post=8875"},{"taxonomy":"product_cat","embeddable":true,"href":"https:\/\/bigfunhobby.com\/da\/wp-json\/wp\/v2\/product_cat?post=8875"},{"taxonomy":"product_tag","embeddable":true,"href":"https:\/\/bigfunhobby.com\/da\/wp-json\/wp\/v2\/product_tag?post=8875"}],"curies":[{"name":"wp","href":"https:\/\/api.w.org\/{rel}","templated":true}]}}