{"id":8883,"date":"2025-03-08T17:19:29","date_gmt":"2025-03-08T17:19:29","guid":{"rendered":"https:\/\/bigfunhobby.com\/butikk\/billing-boats-ymer-plastic-hull-photo-manual\/"},"modified":"2026-02-23T01:23:16","modified_gmt":"2026-02-22T23:23:16","slug":"billing-boats-ymer-plastic-hull-photo-manual","status":"publish","type":"product","link":"https:\/\/bigfunhobby.com\/da\/butikk\/billing-boats-ymer-plastic-hull-photo-manual\/","title":{"rendered":"Billing Boats YMER - Plastskrog - fotomanual"},"content":{"rendered":"<p>Billing Boats YMER plastskrogs\u00e6t er det perfekte valg for b\u00e5de begyndere og erfarne modelbyggere. Dette er en skalamodel, der vil give mange timers engagerende og givende h\u00e5ndarbejde.<\/p>\n<p>Specifikationerne omfatter et plastskrog, som g\u00f8r det lettere at bygge for dem, der ikke har s\u00e5 meget erfaring med modellering, men som stadig giver et resultat af h\u00f8j kvalitet. Modellen er pr\u00e6cis og detaljeret og giver en autentisk gengivelse af det originale skib.<\/p>\n<p>Modellen leveres med en detaljeret fotovejledning, der guider dig gennem hvert trin i samleprocessen. Det g\u00f8r det lettere at bygge din model, uanset om du er en erfaren modelbygger eller en nybegynder.<\/p>\n<p>S\u00e6ttet er en del af Billing Boats' omfattende sortiment af modelskibe. De er kendt for deres h\u00f8je standarder og er et popul\u00e6rt valg blandt modelbyggere over hele verden.<\/p>\n<p>Forbered dig p\u00e5 timevis af engagerende og givende h\u00e5ndarbejde. Uanset om du er en erfaren modelbygger eller lige er begyndt, vil dette s\u00e6t give dig en fantastisk oplevelse og et imponerende resultat.<\/p>\n<p>Vent ikke, start din modelrejse med Billing Boats YMER i dag. K\u00f8b nu og begynd at bygge din egen skalamodel.<\/p>","protected":false},"excerpt":{"rendered":"<p>Billing Boats YMER-s\u00e6ttet med plastskrog er en detaljeret skalamodel, der vil engagere alle modelbygningsentusiaster. Komplet med fotovejledning til nem samling.<\/p>","protected":false},"featured_media":8882,"comment_status":"open","ping_status":"closed","template":"","meta":[],"product_brand":[96],"product_cat":[53],"product_tag":[],"class_list":{"0":"post-8883","1":"product","2":"type-product","3":"status-publish","4":"has-post-thumbnail","6":"product_brand-billing-boats","7":"product_cat-bater-billing-boats","9":"first","10":"outofstock","11":"taxable","12":"shipping-taxable","13":"purchasable","14":"product-type-simple"},"_links":{"self":[{"href":"https:\/\/bigfunhobby.com\/da\/wp-json\/wp\/v2\/product\/8883","targetHints":{"allow":["GET"]}}],"collection":[{"href":"https:\/\/bigfunhobby.com\/da\/wp-json\/wp\/v2\/product"}],"about":[{"href":"https:\/\/bigfunhobby.com\/da\/wp-json\/wp\/v2\/types\/product"}],"replies":[{"embeddable":true,"href":"https:\/\/bigfunhobby.com\/da\/wp-json\/wp\/v2\/comments?post=8883"}],"wp:featuredmedia":[{"embeddable":true,"href":"https:\/\/bigfunhobby.com\/da\/wp-json\/wp\/v2\/media\/8882"}],"wp:attachment":[{"href":"https:\/\/bigfunhobby.com\/da\/wp-json\/wp\/v2\/media?parent=8883"}],"wp:term":[{"taxonomy":"product_brand","embeddable":true,"href":"https:\/\/bigfunhobby.com\/da\/wp-json\/wp\/v2\/product_brand?post=8883"},{"taxonomy":"product_cat","embeddable":true,"href":"https:\/\/bigfunhobby.com\/da\/wp-json\/wp\/v2\/product_cat?post=8883"},{"taxonomy":"product_tag","embeddable":true,"href":"https:\/\/bigfunhobby.com\/da\/wp-json\/wp\/v2\/product_tag?post=8883"}],"curies":[{"name":"wp","href":"https:\/\/api.w.org\/{rel}","templated":true}]}}