{"id":8885,"date":"2025-03-08T17:19:30","date_gmt":"2025-03-08T17:19:30","guid":{"rendered":"https:\/\/bigfunhobby.com\/butikk\/billing-boats-1-60-progress-plastskrog\/"},"modified":"2025-12-04T11:01:07","modified_gmt":"2025-12-04T09:01:07","slug":"billing-boats-1-60-progress-plastskrog","status":"publish","type":"product","link":"https:\/\/bigfunhobby.com\/da\/butikk\/billing-boats-1-60-progress-plastskrog\/","title":{"rendered":"Billing Boats 1\/60 Progress &#8211; plastskrog"},"content":{"rendered":"<p>\nUtforsk gleden ved modellbygging med v\u00e5rt byggesett av fiskeb\u00e5ten Progress. Dette er en autentisk skalamodell i 1\/60, perfekt for b\u00e5de nybegynnere og erfarne modellbyggere.\n<\/p>\n<p>\nByggesettet inneholder et ABS-plastskrog, lasersk\u00e5rne tredeler og andre detaljer laget i passende materialer. Dette gir deg muligheten til \u00e5 bygge et realistisk treskipsmodell, som er b\u00e5de detaljert og holdbart.\n<\/p>\n<p>\nProgress er en typisk fiskeb\u00e5t som du vil finne i Nordsj\u00f8en. \u00c5 bygge denne modellen gir deg ikke bare en innsikt i modellbygging, men ogs\u00e5 i norsk fiskehistorie.\n<\/p>\n<ul>\n<li>Produktnavn: Billing Boats 1\/60 Progress<\/li>\n<li>Skala: 1\/60<\/li>\n<li>Materialer: ABS-plastskrog, lasersk\u00e5rne tredeler<\/li>\n<\/ul>\n<p>\nDette byggesettet er et fantastisk prosjekt for de som elsker modellbygging. Det gir en autentisk opplevelse og et vakkert sluttresultat som du kan v\u00e6re stolt av.\n<\/p>\n<p>\nEr du klar til \u00e5 ta fatt p\u00e5 ditt neste modellbyggingsprosjekt? Kj\u00f8p Billing Boats 1\/60 Progress her og start byggeprosessen n\u00e5. Du vil garantert finne glede i prosessen og stolthet i det ferdige produktet.<\/p>","protected":false},"excerpt":{"rendered":"<p>Bygg ditt eget treskipsmodell med dette byggesettet av fiskeb\u00e5ten Progress. Skalamodell i 1\/60 med plastskrog, lasersk\u00e5rne tredeler og detaljer i egnet materiale.<\/p>","protected":false},"featured_media":8884,"comment_status":"open","ping_status":"closed","template":"","meta":[],"product_brand":[96],"product_cat":[53],"product_tag":[],"class_list":{"0":"post-8885","1":"product","2":"type-product","3":"status-publish","4":"has-post-thumbnail","6":"product_brand-billing-boats","7":"product_cat-bater-billing-boats","9":"first","10":"outofstock","11":"taxable","12":"shipping-taxable","13":"purchasable","14":"product-type-simple"},"_links":{"self":[{"href":"https:\/\/bigfunhobby.com\/da\/wp-json\/wp\/v2\/product\/8885","targetHints":{"allow":["GET"]}}],"collection":[{"href":"https:\/\/bigfunhobby.com\/da\/wp-json\/wp\/v2\/product"}],"about":[{"href":"https:\/\/bigfunhobby.com\/da\/wp-json\/wp\/v2\/types\/product"}],"replies":[{"embeddable":true,"href":"https:\/\/bigfunhobby.com\/da\/wp-json\/wp\/v2\/comments?post=8885"}],"wp:featuredmedia":[{"embeddable":true,"href":"https:\/\/bigfunhobby.com\/da\/wp-json\/wp\/v2\/media\/8884"}],"wp:attachment":[{"href":"https:\/\/bigfunhobby.com\/da\/wp-json\/wp\/v2\/media?parent=8885"}],"wp:term":[{"taxonomy":"product_brand","embeddable":true,"href":"https:\/\/bigfunhobby.com\/da\/wp-json\/wp\/v2\/product_brand?post=8885"},{"taxonomy":"product_cat","embeddable":true,"href":"https:\/\/bigfunhobby.com\/da\/wp-json\/wp\/v2\/product_cat?post=8885"},{"taxonomy":"product_tag","embeddable":true,"href":"https:\/\/bigfunhobby.com\/da\/wp-json\/wp\/v2\/product_tag?post=8885"}],"curies":[{"name":"wp","href":"https:\/\/api.w.org\/{rel}","templated":true}]}}