{"id":8890,"date":"2025-03-08T17:19:31","date_gmt":"2025-03-08T17:19:31","guid":{"rendered":"https:\/\/bigfunhobby.com\/butikk\/16002-uss-missouri-1200\/"},"modified":"2026-03-03T12:26:28","modified_gmt":"2026-03-03T10:26:28","slug":"16002-uss-missouri-1200","status":"publish","type":"product","link":"https:\/\/bigfunhobby.com\/da\/butikk\/16002-uss-missouri-1200\/","title":{"rendered":"16002 - USS Missouri 1:200"},"content":{"rendered":"<p>Hvis du er modelbygningsentusiast, kan du overveje at tilf\u00f8je dette imponerende s\u00e6t af <strong>USS Missouri<\/strong> i din samling. Denne model i skala 1:200 repr\u00e6senterer det ikoniske slagskib, som har gjort tjeneste i flere krige, herunder Anden Verdenskrig, Koreakrigen og Golfkrigen.<\/p>\n<p>USS Missouri er bedst kendt for at v\u00e6re v\u00e6rt for Japans formelle overgivelse i september 1945, der markerede afslutningen p\u00e5 Anden Verdenskrig. I l\u00f8bet af sin tjeneste fik USS Missouri (BB-63) i alt 11 Battle Stars for sin indsats i disse krige.<\/p>\n<p><strong>Specifikationer:<\/strong><\/p>\n<ul>\n<li>M\u00e5lestok: 1:200<\/li>\n<li>L\u00e6ngde: 1355 mm<\/li>\n<li>Bredde: 178 mm<\/li>\n<li>H\u00f8jde: 320 mm<\/li>\n<li>Sv\u00e6rhedsgrad: Avanceret<\/li>\n<\/ul>\n<p>Denne skalamodel er lavet med stor opm\u00e6rksomhed p\u00e5 detaljer, hvilket g\u00f8r den til et ideelt s\u00e6t for voksne og erfarne modelbyggere. Den h\u00f8je sv\u00e6rhedsgrad betyder, at det er en givende udfordring for dem, der er interesserede i modelbygning.<\/p>\n<p>Ved at bygge USS Missouri f\u00e5r du ikke bare en flot skalamodel at vise frem, men du f\u00e5r ogs\u00e5 et indblik i dette bem\u00e6rkelsesv\u00e6rdige skibs historie og de krige, det har udk\u00e6mpet.<\/p>\n<p>Start din USS Missouri 1:200-modelrejse i dag, og oplev gl\u00e6den ved at bringe historien til live. K\u00f8b din model her!<\/p>","protected":false},"excerpt":{"rendered":"<p>Bygges\u00e6t i skala 1:200 af det ikoniske slagskib USS Missouri, der er ber\u00f8mt for at v\u00e6re v\u00e6rt for Japans formelle overgivelse, som markerede afslutningen p\u00e5 Anden Verdenskrig.<\/p>","protected":false},"featured_media":8889,"comment_status":"open","ping_status":"closed","template":"","meta":[],"product_brand":[95],"product_cat":[67],"product_tag":[],"class_list":{"0":"post-8890","1":"product","2":"type-product","3":"status-publish","4":"has-post-thumbnail","6":"product_brand-occre","7":"product_cat-bater-occre","9":"first","10":"instock","11":"taxable","12":"shipping-taxable","13":"purchasable","14":"product-type-simple"},"_links":{"self":[{"href":"https:\/\/bigfunhobby.com\/da\/wp-json\/wp\/v2\/product\/8890","targetHints":{"allow":["GET"]}}],"collection":[{"href":"https:\/\/bigfunhobby.com\/da\/wp-json\/wp\/v2\/product"}],"about":[{"href":"https:\/\/bigfunhobby.com\/da\/wp-json\/wp\/v2\/types\/product"}],"replies":[{"embeddable":true,"href":"https:\/\/bigfunhobby.com\/da\/wp-json\/wp\/v2\/comments?post=8890"}],"wp:featuredmedia":[{"embeddable":true,"href":"https:\/\/bigfunhobby.com\/da\/wp-json\/wp\/v2\/media\/8889"}],"wp:attachment":[{"href":"https:\/\/bigfunhobby.com\/da\/wp-json\/wp\/v2\/media?parent=8890"}],"wp:term":[{"taxonomy":"product_brand","embeddable":true,"href":"https:\/\/bigfunhobby.com\/da\/wp-json\/wp\/v2\/product_brand?post=8890"},{"taxonomy":"product_cat","embeddable":true,"href":"https:\/\/bigfunhobby.com\/da\/wp-json\/wp\/v2\/product_cat?post=8890"},{"taxonomy":"product_tag","embeddable":true,"href":"https:\/\/bigfunhobby.com\/da\/wp-json\/wp\/v2\/product_tag?post=8890"}],"curies":[{"name":"wp","href":"https:\/\/api.w.org\/{rel}","templated":true}]}}