{"id":8892,"date":"2025-03-08T17:19:32","date_gmt":"2025-03-08T17:19:32","guid":{"rendered":"https:\/\/bigfunhobby.com\/butikk\/160-billing-boats-carli-plastic-hull-photo-manual\/"},"modified":"2025-12-04T11:01:07","modified_gmt":"2025-12-04T09:01:07","slug":"160-billing-boats-carli-plastic-hull-photo-manual","status":"publish","type":"product","link":"https:\/\/bigfunhobby.com\/da\/butikk\/160-billing-boats-carli-plastic-hull-photo-manual\/","title":{"rendered":"1:60 Billing Boats Carli &#8211; plastic hull &#8211; photo manual"},"content":{"rendered":"<p>Bli kjent med 1:60 skalamodellen av fraktskipet Carli, et dansk skip bygget i 1902. Dette byggesettet gir b\u00e5de nye og erfarne modellbyggere en autentisk opplevelse.<\/p>\n<ul>\n<li>Produktnavn: 1:60 Billing Boats Carli<\/li>\n<li>Type: Plastmodell med bildeveiledning<\/li>\n<li>Historisk bakgrunn: Basert p\u00e5 et dansk fraktskip bygget i 1902<\/li>\n<\/ul>\n<p>Modellen er basert p\u00e5 det danske fraktskipet som ble bygget i 1902 i Svendborg under et annet navn. Fra 1933 til 1942 seilte det under navnet \u201cCARLI\u201d. I 1944, mens det var p\u00e5 vei fra Wismar til Odense lastet med kull, traff det en mine og sank. Bare 2 av de 5 mannskapene ombord overlevde.<\/p>\n<p>Dette byggesettet i plast inneholder en detaljert fotomanual, noe som gj\u00f8r byggeprosessen lett \u00e5 f\u00f8lge. Med en skalast\u00f8rrelse p\u00e5 1:60 gir dette byggesettet en realistisk reproduksjon av det historiske skipet, noe som gj\u00f8r det til et flott tillegg til enhver samling av modellskip.<\/p>\n<p>Enten du er en erfaren modellbygger, eller du er ny i hobbyen, er dette byggesettet en fantastisk mulighet til \u00e5 dykke ned i historien og skape din egen modell av det ikoniske danske fraktskipet Carli.<\/p>\n<p>Ikke vent, start byggeprosessen i dag. Kj\u00f8p her!<\/p>","protected":false},"excerpt":{"rendered":"<p>Ta del i historien med denne skalamodellen av fraktskipet Carli. Perfekt for entusiaster innen modellbygging og historie.<\/p>","protected":false},"featured_media":8891,"comment_status":"open","ping_status":"closed","template":"","meta":[],"product_brand":[96],"product_cat":[53],"product_tag":[],"class_list":{"0":"post-8892","1":"product","2":"type-product","3":"status-publish","4":"has-post-thumbnail","6":"product_brand-billing-boats","7":"product_cat-bater-billing-boats","9":"first","10":"instock","11":"taxable","12":"shipping-taxable","13":"purchasable","14":"product-type-simple"},"_links":{"self":[{"href":"https:\/\/bigfunhobby.com\/da\/wp-json\/wp\/v2\/product\/8892","targetHints":{"allow":["GET"]}}],"collection":[{"href":"https:\/\/bigfunhobby.com\/da\/wp-json\/wp\/v2\/product"}],"about":[{"href":"https:\/\/bigfunhobby.com\/da\/wp-json\/wp\/v2\/types\/product"}],"replies":[{"embeddable":true,"href":"https:\/\/bigfunhobby.com\/da\/wp-json\/wp\/v2\/comments?post=8892"}],"wp:featuredmedia":[{"embeddable":true,"href":"https:\/\/bigfunhobby.com\/da\/wp-json\/wp\/v2\/media\/8891"}],"wp:attachment":[{"href":"https:\/\/bigfunhobby.com\/da\/wp-json\/wp\/v2\/media?parent=8892"}],"wp:term":[{"taxonomy":"product_brand","embeddable":true,"href":"https:\/\/bigfunhobby.com\/da\/wp-json\/wp\/v2\/product_brand?post=8892"},{"taxonomy":"product_cat","embeddable":true,"href":"https:\/\/bigfunhobby.com\/da\/wp-json\/wp\/v2\/product_cat?post=8892"},{"taxonomy":"product_tag","embeddable":true,"href":"https:\/\/bigfunhobby.com\/da\/wp-json\/wp\/v2\/product_tag?post=8892"}],"curies":[{"name":"wp","href":"https:\/\/api.w.org\/{rel}","templated":true}]}}