{"id":8906,"date":"2025-03-08T17:19:37","date_gmt":"2025-03-08T17:19:37","guid":{"rendered":"https:\/\/bigfunhobby.com\/butikk\/mar-74862-gauge-ho-c-track-turntable\/"},"modified":"2025-12-04T11:01:07","modified_gmt":"2025-12-04T09:01:07","slug":"mar-74862-sporvidde-ho-c-spor-drejeskive","status":"publish","type":"product","link":"https:\/\/bigfunhobby.com\/da\/butikk\/mar-74862-gauge-ho-c-track-turntable\/","title":{"rendered":"MAR-74862 Drejeskive til sporvidde HO C"},"content":{"rendered":"<p>Med et standarddesign p\u00e5 23 meter \/ 74 fod 9 tommer er MAR-74862 Gauge HO C Track Turntable et godt valg for alle modeljernbaneentusiaster. Denne drejeskive er designet til b\u00e5de konventionel og digital togdrift, hvilket g\u00f8r den til en alsidig tilf\u00f8jelse til din modeljernbaneops\u00e6tning.<\/p>\n<p>Drejeskiven har et fjernstyret d\u00e6k med indbygget motor. Den kan kun styres digitalt med Mobile Station 2 og Central-Station 2 og 3 (medf\u00f8lger ikke). Styring med Central-Station 2 og 3 er s\u00e6rlig nem ved hj\u00e6lp af sporindeksering (efter en opdatering) eller med forskellige digitale centralstyringer, der bruger DCC digitalt format.<\/p>\n<ul>\n<li>Pladespillerens diameter er 378 mm \/ 15-1\/32\u2032 med en rille, der vender mod hinanden.<\/li>\n<li>Grubens diameter uden riller er 278 mm \/ 10-15\/16\u2032.<\/li>\n<li>D\u00e6kkets l\u00e6ngde er 263 mm \/ 10-3\/8\u2032.<\/li>\n<li>Lydfunktioner kan styres.<\/li>\n<li>LED-belysning i f\u00f8rerkabinen.<\/li>\n<li>Den udvendige belysning kan styres.<\/li>\n<\/ul>\n<p>Dette produkt har et nyt farveskema i forhold til den tidligere 74861 drejeskive, f.eks: \"blinde forbindelsesstykker\" i C-sporets farveskema med ekstra modellering af tr\u00e6plankerne.<\/p>\n<p>Uanset om du er nybegynder inden for modelbygning eller en erfaren entusiast, vil denne drejeskive give dig timevis af kreativ sjov. K\u00f8b din MAR-74862 Gauge HO C Track Turntable i dag, og tag dit modeljernbanelayout til nye h\u00f8jder!<\/p>","protected":false},"excerpt":{"rendered":"<p>MAR-74862 Gauge HO C Track Turntable er en standard 23 meter lang drejeskive til modeljernbaner med indbygget motor og fjernbetjening, der er optimal til b\u00e5de konventionel og digital togdrift.<\/p>","protected":false},"featured_media":8905,"comment_status":"open","ping_status":"closed","template":"","meta":[],"product_brand":[107],"product_cat":[72],"product_tag":[],"class_list":{"0":"post-8906","1":"product","2":"type-product","3":"status-publish","4":"has-post-thumbnail","6":"product_brand-marklin","7":"product_cat-marklin-h0-originalen","9":"first","10":"instock","11":"taxable","12":"shipping-taxable","13":"purchasable","14":"product-type-simple"},"_links":{"self":[{"href":"https:\/\/bigfunhobby.com\/da\/wp-json\/wp\/v2\/product\/8906","targetHints":{"allow":["GET"]}}],"collection":[{"href":"https:\/\/bigfunhobby.com\/da\/wp-json\/wp\/v2\/product"}],"about":[{"href":"https:\/\/bigfunhobby.com\/da\/wp-json\/wp\/v2\/types\/product"}],"replies":[{"embeddable":true,"href":"https:\/\/bigfunhobby.com\/da\/wp-json\/wp\/v2\/comments?post=8906"}],"wp:featuredmedia":[{"embeddable":true,"href":"https:\/\/bigfunhobby.com\/da\/wp-json\/wp\/v2\/media\/8905"}],"wp:attachment":[{"href":"https:\/\/bigfunhobby.com\/da\/wp-json\/wp\/v2\/media?parent=8906"}],"wp:term":[{"taxonomy":"product_brand","embeddable":true,"href":"https:\/\/bigfunhobby.com\/da\/wp-json\/wp\/v2\/product_brand?post=8906"},{"taxonomy":"product_cat","embeddable":true,"href":"https:\/\/bigfunhobby.com\/da\/wp-json\/wp\/v2\/product_cat?post=8906"},{"taxonomy":"product_tag","embeddable":true,"href":"https:\/\/bigfunhobby.com\/da\/wp-json\/wp\/v2\/product_tag?post=8906"}],"curies":[{"name":"wp","href":"https:\/\/api.w.org\/{rel}","templated":true}]}}