{"id":8910,"date":"2025-03-08T17:19:38","date_gmt":"2025-03-08T17:19:38","guid":{"rendered":"https:\/\/bigfunhobby.com\/butikk\/gauge-h0-article-no-47546-type-zans-tank-car-set\/"},"modified":"2025-12-04T11:01:07","modified_gmt":"2025-12-04T09:01:07","slug":"gauge-h0-article-no-47546-type-zans-tank-car-set","status":"publish","type":"product","link":"https:\/\/bigfunhobby.com\/da\/butikk\/gauge-h0-article-no-47546-type-zans-tank-car-set\/","title":{"rendered":"Sporvidde H0 - Artikel nr. 47546 Type Zans Tankvognss\u00e6t"},"content":{"rendered":"<p>Gauge H0 &#8211; Zans Tankvogn sett er et flott tillegg til din modelljernbane. Dette byggesettet best\u00e5r av seks fire-akslede Zans tankvogner med en kapasitet p\u00e5 95 kubikkmeter. De privateide vognene tilh\u00f8rer GATX Rail Tyskland og har spesielle bokstaver for fraktlasten &#8216;JET-A1&#8217;. De er registrert i Tyskland og har en grunnfarge i antrasittgr\u00e5tt. Vognene gjenskaper hvordan de s\u00e5 ut fra 2017.<\/p>\n<p><strong>Specifikationer:<\/strong><\/p>\n<ul>\n<li>Truckene er av den moderne typen Y25 Lsd1 med doble bremseklosser.<\/li>\n<li>Bremseinnretning, r\u00f8r for t\u00f8mming, kuppelformet deksel, og mange andre h\u00e5ndtak er separat p\u00e5f\u00f8rt.<\/li>\n<li>Vognene har rektangul\u00e6re buffere, 6 tankb\u00e5nd og et stort informasjonsbrett for lasten.<\/li>\n<li>Alle vognene er omfattende preget og har forskjellige vognnumre.<\/li>\n<li>Lengden over buffere per vogn er omtrent 19,6 cm.<\/li>\n<\/ul>\n<p>Dette byggesettet for voksne gir deg en detaljert gjengivelse med mange separat p\u00e5f\u00f8rte h\u00e5ndtak og bremser. Alle vognene er omfattende preget og har unike vognnumre, noe som gir hvert sett en autentisk og realistisk f\u00f8lelse.<\/p>\n<p>I tillegg til \u00e5 v\u00e6re en flott tillegg til din modelljernbane, er dette byggesettet ogs\u00e5 en flott gave til modellbyggingsentusiaster. Enten du er en erfaren modellbygger eller en nybegynner, vil du sette pris p\u00e5 detaljene og kvaliteten p\u00e5 dette settet.<\/p>\n<p>S\u00e5 ikke vent lenger, legg til Gauge H0 &#8211; Zans Tankvogn sett i din samling i dag. Klikk p\u00e5 &#8216;Kj\u00f8p her&#8217; for \u00e5 starte ditt neste modellbyggingsprosjekt.<\/p>","protected":false},"excerpt":{"rendered":"<p>Oppdag Gauge H0 &#8211; Zans Tankvogn sett i skala, perfekt for din modelljernbane. Med detaljert utf\u00f8relse og unike vognnummer er dette et must for alle modellbyggingsentusiaster.<\/p>","protected":false},"featured_media":8909,"comment_status":"open","ping_status":"closed","template":"","meta":[],"product_brand":[107],"product_cat":[72],"product_tag":[],"class_list":{"0":"post-8910","1":"product","2":"type-product","3":"status-publish","4":"has-post-thumbnail","6":"product_brand-marklin","7":"product_cat-marklin-h0-originalen","9":"first","10":"outofstock","11":"taxable","12":"shipping-taxable","13":"purchasable","14":"product-type-simple"},"_links":{"self":[{"href":"https:\/\/bigfunhobby.com\/da\/wp-json\/wp\/v2\/product\/8910","targetHints":{"allow":["GET"]}}],"collection":[{"href":"https:\/\/bigfunhobby.com\/da\/wp-json\/wp\/v2\/product"}],"about":[{"href":"https:\/\/bigfunhobby.com\/da\/wp-json\/wp\/v2\/types\/product"}],"replies":[{"embeddable":true,"href":"https:\/\/bigfunhobby.com\/da\/wp-json\/wp\/v2\/comments?post=8910"}],"wp:featuredmedia":[{"embeddable":true,"href":"https:\/\/bigfunhobby.com\/da\/wp-json\/wp\/v2\/media\/8909"}],"wp:attachment":[{"href":"https:\/\/bigfunhobby.com\/da\/wp-json\/wp\/v2\/media?parent=8910"}],"wp:term":[{"taxonomy":"product_brand","embeddable":true,"href":"https:\/\/bigfunhobby.com\/da\/wp-json\/wp\/v2\/product_brand?post=8910"},{"taxonomy":"product_cat","embeddable":true,"href":"https:\/\/bigfunhobby.com\/da\/wp-json\/wp\/v2\/product_cat?post=8910"},{"taxonomy":"product_tag","embeddable":true,"href":"https:\/\/bigfunhobby.com\/da\/wp-json\/wp\/v2\/product_tag?post=8910"}],"curies":[{"name":"wp","href":"https:\/\/api.w.org\/{rel}","templated":true}]}}