{"id":8914,"date":"2025-03-08T17:19:40","date_gmt":"2025-03-08T17:19:40","guid":{"rendered":"https:\/\/bigfunhobby.com\/butikk\/billing-boats-wsp10-passau-policeboat-plastic-hull-photo-manual\/"},"modified":"2025-12-04T11:01:07","modified_gmt":"2025-12-04T09:01:07","slug":"billing-boats-wsp10-passau-policeboat-plastic-hull-photo-manual","status":"publish","type":"product","link":"https:\/\/bigfunhobby.com\/da\/butikk\/billing-boats-wsp10-passau-policeboat-plastic-hull-photo-manual\/","title":{"rendered":"Billing Boats WSP10 Passau politib\u00e5d Plastskrog - fotomanual"},"content":{"rendered":"<p>Kast loss, og tag en tur ned ad Donau med dette sp\u00e6ndende models\u00e6t i plast af politib\u00e5den WSP10 Passau. Det er et ideelt projekt for b\u00e5de erfarne modelbyggere og dem, der lige er begyndt at udforske skalamodellernes verden.<\/p>\n<p>WSP10 Passau er en ber\u00f8mt politib\u00e5d, som blev bygget af Bodan-Werft GmbH Kressborn i 1989. Med sine to MAN-dieselmotorer p\u00e5 hver 300 hk opn\u00e5r denne b\u00e5d en hastighed p\u00e5 omkring 40 km\/t. Denne plastikmodel giver dig mulighed for at genopbygge denne ikoniske b\u00e5d i skala 1:20.<\/p>\n<p><b>Specifikationer:<\/b><\/p>\n<ul>\n<li>M\u00e5lestok: 1:20<\/li>\n<li>L\u00e6ngde: 15m (i fuld st\u00f8rrelse)<\/li>\n<li>Bredde: 3,90 m (i fuld st\u00f8rrelse)<\/li>\n<li>Hastighed: ca. 40 km\/t (fuld st\u00f8rrelse)<\/li>\n<li>Drift: 2 MAN-dieselmotorer p\u00e5 hver 300 hk (fuld st\u00f8rrelse)<\/li>\n<li>Ferdig bygget: L: 77cm B: 20cm H: 37cm<\/li>\n<\/ul>\n<p>Denne plastikmodel er en detaljeret gengivelse af originalen, komplet med moderne teknisk udstyr som radar, ekkolod, selvstyrende, fire radiosystemer og eksplosionsbeskyttelse.<\/p>\n<p>Med en bred vifte af opgaver, fra overv\u00e5gning af farligt gods til almindelige politi- og milj\u00f8opgaver, har WSP10 Passau v\u00e6ret en vigtig del af Wasserschutzpolizeidirektion Bayern. Models\u00e6ttet giver dig en unik mulighed for at dykke ned i historien og l\u00e6re mere om denne bem\u00e6rkelsesv\u00e6rdige b\u00e5d.<\/p>\n<p>Vent ikke, men tag p\u00e5 en sp\u00e6ndende modelrejse med WSP10 Passau-modelbygges\u00e6ttet i plast. K\u00f8b her, og start dit eventyr nu!<\/p>","protected":false},"excerpt":{"rendered":"<p>Genskab historien med plastikmodels\u00e6ttet af den ber\u00f8mte politib\u00e5d WSP10 Passau. Perfekt til entusiastiske modelbyggere.<\/p>","protected":false},"featured_media":8913,"comment_status":"open","ping_status":"closed","template":"","meta":[],"product_brand":[96],"product_cat":[53],"product_tag":[],"class_list":{"0":"post-8914","1":"product","2":"type-product","3":"status-publish","4":"has-post-thumbnail","6":"product_brand-billing-boats","7":"product_cat-bater-billing-boats","9":"first","10":"instock","11":"taxable","12":"shipping-taxable","13":"purchasable","14":"product-type-simple"},"_links":{"self":[{"href":"https:\/\/bigfunhobby.com\/da\/wp-json\/wp\/v2\/product\/8914","targetHints":{"allow":["GET"]}}],"collection":[{"href":"https:\/\/bigfunhobby.com\/da\/wp-json\/wp\/v2\/product"}],"about":[{"href":"https:\/\/bigfunhobby.com\/da\/wp-json\/wp\/v2\/types\/product"}],"replies":[{"embeddable":true,"href":"https:\/\/bigfunhobby.com\/da\/wp-json\/wp\/v2\/comments?post=8914"}],"wp:featuredmedia":[{"embeddable":true,"href":"https:\/\/bigfunhobby.com\/da\/wp-json\/wp\/v2\/media\/8913"}],"wp:attachment":[{"href":"https:\/\/bigfunhobby.com\/da\/wp-json\/wp\/v2\/media?parent=8914"}],"wp:term":[{"taxonomy":"product_brand","embeddable":true,"href":"https:\/\/bigfunhobby.com\/da\/wp-json\/wp\/v2\/product_brand?post=8914"},{"taxonomy":"product_cat","embeddable":true,"href":"https:\/\/bigfunhobby.com\/da\/wp-json\/wp\/v2\/product_cat?post=8914"},{"taxonomy":"product_tag","embeddable":true,"href":"https:\/\/bigfunhobby.com\/da\/wp-json\/wp\/v2\/product_tag?post=8914"}],"curies":[{"name":"wp","href":"https:\/\/api.w.org\/{rel}","templated":true}]}}