{"id":8916,"date":"2025-03-08T17:19:40","date_gmt":"2025-03-08T17:19:40","guid":{"rendered":"https:\/\/bigfunhobby.com\/butikk\/class-141-r-steam-locomotive-road-number-1244\/"},"modified":"2025-12-04T11:01:07","modified_gmt":"2025-12-04T09:01:07","slug":"klasse-141-r-damplokomotiv-vejnummer-1244","status":"publish","type":"product","link":"https:\/\/bigfunhobby.com\/da\/butikk\/class-141-r-steam-locomotive-road-number-1244\/","title":{"rendered":"Klasse 141.R. damplokomotiv. Vejnummer 1244"},"content":{"rendered":"<p>G\u00e5 p\u00e5 opdagelse i modelverdenen med denne unikke model af damplokomotivet klasse 141.R. Med vejnummeret 1244 giver denne model et levende indtryk af den franske statsbanes udseende. Modellen er baseret p\u00e5 den nuv\u00e6rende driftstilstand for Verein Mikado 1244 \/ Mikado Association 1244 i Brugg, Schweiz. <\/p>\n<p>Denne skalamodel har en mfx+ digital dekoder og omfattende lydfunktioner. Der er ogs\u00e5 en h\u00f8jtydende motor med svinghjul monteret i kedlen. Fire aksler er drevet, hvoraf tre bruger sidest\u00e6nger. Modellen leveres med b\u00e5de forlygter og r\u00f8de markeringslys, som kan styres digitalt og skifte med k\u00f8rselsretningen. Desuden kan man styre belysningen i f\u00f8rerhuset, l\u00f8behjulene og flammerne i br\u00e6ndkammeret separat.<\/p>\n<p>For at give en mere realistisk fornemmelse er lokomotivet og tenderen hovedsageligt lavet af metal. Der er ogs\u00e5 en fabriksmonteret r\u00f8ggenerator, som efterligner dampen fra et rigtigt damplokomotiv. Modellen har en t\u00e6t koblingsmekanisme mellem lokomotiv og tender, og bufferh\u00f8jden er i overensstemmelse med NEM-standarderne.<\/p>\n<ul>\n<li>Helt ny v\u00e6rkt\u00f8jsproduktion<\/li>\n<li>Klasse 141.R. i M\u00e4rklin-programmet for f\u00f8rste gang<\/li>\n<li>S\u00e6rligt indviklet metalkonstruktion<\/li>\n<li>En r\u00e6kke separat p\u00e5f\u00f8rte detaljer<\/li>\n<li>Fabriksinstalleret r\u00f8ggenerator<\/li>\n<li>Kabinebelysning, k\u00f8relys og flammeflimmer styres separat i digital tilstand<\/li>\n<li>World of Operation mfx+ digital dekoder med omfattende lys- og lydfunktioner<\/li>\n<li>Bufferh\u00f8jden er i overensstemmelse med NEM<\/li>\n<\/ul>\n<p>Med en l\u00e6ngde p\u00e5 ca. 27,9 cm er dette en ideel model for b\u00e5de begyndere og erfarne modelbyggere. Det er en perfekt modeljernbane til at udvide din samling eller som en start p\u00e5 din rejse som modelbygger. <\/p>\n<p>Vent ikke, men oplev gl\u00e6den ved at modellere. K\u00f8b damplokomotivet klasse 141.R. i dag, og tag din modelbygning til nye h\u00f8jder. Bestil det nu!<\/p>","protected":false},"excerpt":{"rendered":"<p>Oplev nostalgi med damplokomotivet Class 141.R., en unik modeljernbane med detaljeret design, avancerede lyd- og lysfunktioner og egen r\u00f8ggenerator.<\/p>","protected":false},"featured_media":8915,"comment_status":"open","ping_status":"closed","template":"","meta":[],"product_brand":[107],"product_cat":[114,72],"product_tag":[],"class_list":{"0":"post-8916","1":"product","2":"type-product","3":"status-publish","4":"has-post-thumbnail","6":"product_brand-marklin","7":"product_cat-locomotives","8":"product_cat-marklin-h0-originalen","10":"first","11":"instock","12":"taxable","13":"shipping-taxable","14":"purchasable","15":"product-type-simple"},"_links":{"self":[{"href":"https:\/\/bigfunhobby.com\/da\/wp-json\/wp\/v2\/product\/8916","targetHints":{"allow":["GET"]}}],"collection":[{"href":"https:\/\/bigfunhobby.com\/da\/wp-json\/wp\/v2\/product"}],"about":[{"href":"https:\/\/bigfunhobby.com\/da\/wp-json\/wp\/v2\/types\/product"}],"replies":[{"embeddable":true,"href":"https:\/\/bigfunhobby.com\/da\/wp-json\/wp\/v2\/comments?post=8916"}],"wp:featuredmedia":[{"embeddable":true,"href":"https:\/\/bigfunhobby.com\/da\/wp-json\/wp\/v2\/media\/8915"}],"wp:attachment":[{"href":"https:\/\/bigfunhobby.com\/da\/wp-json\/wp\/v2\/media?parent=8916"}],"wp:term":[{"taxonomy":"product_brand","embeddable":true,"href":"https:\/\/bigfunhobby.com\/da\/wp-json\/wp\/v2\/product_brand?post=8916"},{"taxonomy":"product_cat","embeddable":true,"href":"https:\/\/bigfunhobby.com\/da\/wp-json\/wp\/v2\/product_cat?post=8916"},{"taxonomy":"product_tag","embeddable":true,"href":"https:\/\/bigfunhobby.com\/da\/wp-json\/wp\/v2\/product_tag?post=8916"}],"curies":[{"name":"wp","href":"https:\/\/api.w.org\/{rel}","templated":true}]}}