{"id":8922,"date":"2025-03-08T17:19:44","date_gmt":"2025-03-08T17:19:44","guid":{"rendered":"https:\/\/bigfunhobby.com\/butikk\/grass-mat-flower-meadow\/"},"modified":"2025-12-04T11:01:09","modified_gmt":"2025-12-04T09:01:09","slug":"graesmatte-blomstereng","status":"publish","type":"product","link":"https:\/\/bigfunhobby.com\/da\/butikk\/grass-mat-flower-meadow\/","title":{"rendered":"Gr\u00e6sm\u00e5tte \"blomstereng\""},"content":{"rendered":"<p>Bring din modelverden til live med vores 'Flower Meadow'-gr\u00e6sm\u00e5tte. Denne realistiske gr\u00e6sm\u00e5tte giver dit landskab et autentisk pr\u00e6g, uanset om du bygger en modeljernbane, et tr\u00e6skib eller et andet bygges\u00e6t.<\/p>\n<p>Specifikationer: <\/p>\n<ul>\n<li>St\u00f8rrelse: 120 x 60 cm<\/li>\n<li>Skala: G,1,0,H0,H0M,H0E,TT,N,Z<\/li>\n<li>Materialer: Syntetisk gr\u00e6s med naturlige blomsterdetaljer<\/li>\n<\/ul>\n<p>Gr\u00e6sm\u00e5tten \"Flower Meadow\" er lavet med stor opm\u00e6rksomhed p\u00e5 detaljer for at gengive udseendet og f\u00f8lelsen af en \u00e6gte blomstereng. De forskellige farver og teksturer er med til at skabe en naturligt udseende eng, der giver en ekstra dimension af realisme til dine modelprojekter.<\/p>\n<p>Uanset om du er en erfaren modelbygger eller en nybegynder, er denne gr\u00e6sm\u00e5tte et fremragende valg til at forbedre dine modelprojekter. Den er nem at bruge og kan nemt tilpasses dine specifikke behov.<\/p>\n<p>Vent ikke - giv dine modelleringsprojekter det lille ekstra med denne livlige gr\u00e6sm\u00e5tte. Se hele vores sortiment, og bestil 'Flower Meadow'-gr\u00e6sm\u00e5tten i dag for at tage dine modelleringsprojekter til nye h\u00f8jder.<\/p>","protected":false},"excerpt":{"rendered":"<p>Gr\u00e6sm\u00e5tten 'Flower Meadow' er en smuk modelbaggrund p\u00e5 120 x 60 cm, som er perfekt til at skabe naturtro scener i din modeljernbane eller bygges\u00e6t.<\/p>","protected":false},"featured_media":8921,"comment_status":"open","ping_status":"closed","template":"","meta":[],"product_brand":[109],"product_cat":[80],"product_tag":[],"class_list":{"0":"post-8922","1":"product","2":"type-product","3":"status-publish","4":"has-post-thumbnail","6":"product_brand-noch","7":"product_cat-noch-landskap-og-detaljer","9":"first","10":"instock","11":"taxable","12":"shipping-taxable","13":"purchasable","14":"product-type-simple"},"_links":{"self":[{"href":"https:\/\/bigfunhobby.com\/da\/wp-json\/wp\/v2\/product\/8922","targetHints":{"allow":["GET"]}}],"collection":[{"href":"https:\/\/bigfunhobby.com\/da\/wp-json\/wp\/v2\/product"}],"about":[{"href":"https:\/\/bigfunhobby.com\/da\/wp-json\/wp\/v2\/types\/product"}],"replies":[{"embeddable":true,"href":"https:\/\/bigfunhobby.com\/da\/wp-json\/wp\/v2\/comments?post=8922"}],"wp:featuredmedia":[{"embeddable":true,"href":"https:\/\/bigfunhobby.com\/da\/wp-json\/wp\/v2\/media\/8921"}],"wp:attachment":[{"href":"https:\/\/bigfunhobby.com\/da\/wp-json\/wp\/v2\/media?parent=8922"}],"wp:term":[{"taxonomy":"product_brand","embeddable":true,"href":"https:\/\/bigfunhobby.com\/da\/wp-json\/wp\/v2\/product_brand?post=8922"},{"taxonomy":"product_cat","embeddable":true,"href":"https:\/\/bigfunhobby.com\/da\/wp-json\/wp\/v2\/product_cat?post=8922"},{"taxonomy":"product_tag","embeddable":true,"href":"https:\/\/bigfunhobby.com\/da\/wp-json\/wp\/v2\/product_tag?post=8922"}],"curies":[{"name":"wp","href":"https:\/\/api.w.org\/{rel}","templated":true}]}}