{"id":8932,"date":"2025-03-08T17:19:47","date_gmt":"2025-03-08T17:19:47","guid":{"rendered":"https:\/\/bigfunhobby.com\/butikk\/rock-boulders-hegau\/"},"modified":"2025-12-04T11:01:09","modified_gmt":"2025-12-04T09:01:09","slug":"klippeblokke-hegau","status":"publish","type":"product","link":"https:\/\/bigfunhobby.com\/da\/butikk\/rock-boulders-hegau\/","title":{"rendered":"Klippeblokke \"Hegau\""},"content":{"rendered":"<p>\u00d8nsker du at tilf\u00f8je nogle naturlige elementer til din modeljernbane? S\u00e5 er Rock Boulders 'Hegau' det perfekte valg for dig. Dette produkt er designet til at give landskabet omkring din modeljernbane et mere realistisk og naturligt udseende.<\/p>\n<p><b>Specifikationer:<\/b><\/p>\n<ul>\n<li>Produktnavn: Klippeblokke 'Hegau'<\/li>\n<li>V\u00e6gt: 250g<\/li>\n<li>Kompatibel med forskellige skalaer: G,1,0,H0,H0M,H0E,TT,N,Z<\/li>\n<\/ul>\n<p>Rock Boulders 'Hegau' kan bruges til b\u00e5de store og sm\u00e5 projekter og er et fremragende tilbeh\u00f8r til enhver modeljernbanesamling. De er lavet af holdbare materialer, der kan holde til tidens tand, og som giver landskabet omkring din modeljernbane en mere realistisk fornemmelse.<\/p>\n<p>K\u00f8b Rock Boulders 'Hegau' i dag, og tag dit modeljernbanebyggeri til nye h\u00f8jder. Uanset om du er en erfaren entusiast eller nybegynder, vil dette tilbeh\u00f8r give dig mulighed for at udtrykke din kreativitet og skabe et unikt landskab til din modeljernbane.<\/p>","protected":false},"excerpt":{"rendered":"<p>Rock Boulders 'Hegau' er et perfekt tilbeh\u00f8r til modeljernbaneentusiaster, ideelt til at give landskabet et realistisk og naturligt udseende. Kompatibel med flere skalaer.<\/p>","protected":false},"featured_media":8931,"comment_status":"open","ping_status":"closed","template":"","meta":[],"product_brand":[109],"product_cat":[80],"product_tag":[],"class_list":{"0":"post-8932","1":"product","2":"type-product","3":"status-publish","4":"has-post-thumbnail","6":"product_brand-noch","7":"product_cat-noch-landskap-og-detaljer","9":"first","10":"instock","11":"taxable","12":"shipping-taxable","13":"purchasable","14":"product-type-simple"},"_links":{"self":[{"href":"https:\/\/bigfunhobby.com\/da\/wp-json\/wp\/v2\/product\/8932","targetHints":{"allow":["GET"]}}],"collection":[{"href":"https:\/\/bigfunhobby.com\/da\/wp-json\/wp\/v2\/product"}],"about":[{"href":"https:\/\/bigfunhobby.com\/da\/wp-json\/wp\/v2\/types\/product"}],"replies":[{"embeddable":true,"href":"https:\/\/bigfunhobby.com\/da\/wp-json\/wp\/v2\/comments?post=8932"}],"wp:featuredmedia":[{"embeddable":true,"href":"https:\/\/bigfunhobby.com\/da\/wp-json\/wp\/v2\/media\/8931"}],"wp:attachment":[{"href":"https:\/\/bigfunhobby.com\/da\/wp-json\/wp\/v2\/media?parent=8932"}],"wp:term":[{"taxonomy":"product_brand","embeddable":true,"href":"https:\/\/bigfunhobby.com\/da\/wp-json\/wp\/v2\/product_brand?post=8932"},{"taxonomy":"product_cat","embeddable":true,"href":"https:\/\/bigfunhobby.com\/da\/wp-json\/wp\/v2\/product_cat?post=8932"},{"taxonomy":"product_tag","embeddable":true,"href":"https:\/\/bigfunhobby.com\/da\/wp-json\/wp\/v2\/product_tag?post=8932"}],"curies":[{"name":"wp","href":"https:\/\/api.w.org\/{rel}","templated":true}]}}