{"id":8940,"date":"2025-03-08T17:19:49","date_gmt":"2025-03-08T17:19:49","guid":{"rendered":"https:\/\/bigfunhobby.com\/butikk\/profi-ballast-granite-grey\/"},"modified":"2025-12-04T11:01:09","modified_gmt":"2025-12-04T09:01:09","slug":"profi-ballast-granite-grey","status":"publish","type":"product","link":"https:\/\/bigfunhobby.com\/da\/butikk\/profi-ballast-granite-grey\/","title":{"rendered":"PROFI Ballast \"Granit\", gr\u00e5"},"content":{"rendered":"<p>PROFI Ballast &#8216;Granite&#8217;, gr\u00e5 er et uunnv\u00e6rlig tilbeh\u00f8r for ethvert modelljernbane-prosjekt. Dette produktet gir en autentisk og realistisk granitt-effekt, noe som bidrar til \u00e5 forsterke helhetsinntrykket av dine skalamodeller.<\/p>\n<p>Produktet er produsert i h\u00f8y kvalitet og veier 250 g. Det er kompatibelt med H0 og TT skala modelljernbaner, noe som gj\u00f8r det til et sv\u00e6rt anvendelig tilbeh\u00f8r, uansett hvilken skala du jobber med.<\/p>\n<p>Ballasten er laget av slitesterke og holdbare materialer, noe som sikrer at den vil vare lenge og t\u00e5le gjentatt bruk. Det realistiske utseendet til denne ballasten bidrar til \u00e5 skape en mer livaktig og detaljert modelljernbane.<\/p>\n<p>Fra begynnelsen av modelljernbane-hobbyen har ballast v\u00e6rt et viktig tilbeh\u00f8r for \u00e5 skape realistiske landskap. Med PROFI Ballast &#8216;Granite&#8217;, gr\u00e5 kan du enkelt skape en mer autentisk og detaljert modelljernbane.<\/p>\n<p>Ikke vent lenger, forbedre din modelljernbane i dag med PROFI Ballast &#8216;Granite&#8217;, gr\u00e5. Kj\u00f8p her og begynn \u00e5 skape mer realistiske og detaljerte modelljernbaner n\u00e5.<\/p>","protected":false},"excerpt":{"rendered":"<p>PROFI Ballast &#8216;Granite&#8217;, gr\u00e5 er perfekt til modelljernbaner. Med en realistisk granitt-effekt forsterker dette produktet helhetsinntrykket av dine skalamodeller.<\/p>","protected":false},"featured_media":8939,"comment_status":"open","ping_status":"closed","template":"","meta":[],"product_brand":[109],"product_cat":[80],"product_tag":[],"class_list":{"0":"post-8940","1":"product","2":"type-product","3":"status-publish","4":"has-post-thumbnail","6":"product_brand-noch","7":"product_cat-noch-landskap-og-detaljer","9":"first","10":"instock","11":"taxable","12":"shipping-taxable","13":"purchasable","14":"product-type-simple"},"_links":{"self":[{"href":"https:\/\/bigfunhobby.com\/da\/wp-json\/wp\/v2\/product\/8940","targetHints":{"allow":["GET"]}}],"collection":[{"href":"https:\/\/bigfunhobby.com\/da\/wp-json\/wp\/v2\/product"}],"about":[{"href":"https:\/\/bigfunhobby.com\/da\/wp-json\/wp\/v2\/types\/product"}],"replies":[{"embeddable":true,"href":"https:\/\/bigfunhobby.com\/da\/wp-json\/wp\/v2\/comments?post=8940"}],"wp:featuredmedia":[{"embeddable":true,"href":"https:\/\/bigfunhobby.com\/da\/wp-json\/wp\/v2\/media\/8939"}],"wp:attachment":[{"href":"https:\/\/bigfunhobby.com\/da\/wp-json\/wp\/v2\/media?parent=8940"}],"wp:term":[{"taxonomy":"product_brand","embeddable":true,"href":"https:\/\/bigfunhobby.com\/da\/wp-json\/wp\/v2\/product_brand?post=8940"},{"taxonomy":"product_cat","embeddable":true,"href":"https:\/\/bigfunhobby.com\/da\/wp-json\/wp\/v2\/product_cat?post=8940"},{"taxonomy":"product_tag","embeddable":true,"href":"https:\/\/bigfunhobby.com\/da\/wp-json\/wp\/v2\/product_tag?post=8940"}],"curies":[{"name":"wp","href":"https:\/\/api.w.org\/{rel}","templated":true}]}}