{"id":8966,"date":"2025-03-08T17:19:58","date_gmt":"2025-03-08T17:19:58","guid":{"rendered":"https:\/\/bigfunhobby.com\/butikk\/benches-2\/"},"modified":"2025-12-04T11:01:10","modified_gmt":"2025-12-04T09:01:10","slug":"benches-2","status":"publish","type":"product","link":"https:\/\/bigfunhobby.com\/da\/butikk\/benches-2\/","title":{"rendered":"B\u00e6nke"},"content":{"rendered":"<p>Gj\u00f8r modelljernbanen din mer livlig og realistisk med disse Benches i H0-skala. Disse benkene er perfekte tilbeh\u00f8r til enhver modelljernbane, og gir en f\u00f8lelse av realisme og dybde til ditt toglandskap.<\/p>\n<p><b>Specifikationer:<\/b><\/p>\n<ul>\n<li>Skala: H0<\/li>\n<li>Stil: Realistiske parkbenker<\/li>\n<\/ul>\n<p>Dette produktet er laget med h\u00f8yeste n\u00f8yaktighet for \u00e5 sikre at hver eneste detalj er tro mot originalen. Benkene er designet for \u00e5 passe s\u00f8ml\u00f8st inn i ditt toglandskap, og vil utvilsomt tilf\u00f8re en ekstra dimensjon til din modelljernbane.<\/p>\n<p>Benches i H0-skala er et ideelt valg for b\u00e5de nybegynnere og erfarne entusiaster innen modellbygging. De er enkle \u00e5 plassere og flytte rundt p\u00e5, og gir deg muligheten til \u00e5 konstant forandre og forbedre ditt toglandskap.<\/p>\n<p>Ikke la modelljernbanen din bli st\u00e5ende ufullstendig. Gi den et preg av realisme med disse detaljerte Benches i H0-skala. Kj\u00f8p her og begynn \u00e5 forbedre ditt toglandskap i dag!<\/p>","protected":false},"excerpt":{"rendered":"<p>Benches i H0-skala er perfekte tilbeh\u00f8r til din modelljernbane. Disse realistiske benkene gir en ekstra touch av realisme til ditt toglandskap.<\/p>","protected":false},"featured_media":8965,"comment_status":"open","ping_status":"closed","template":"","meta":[],"product_brand":[109],"product_cat":[80],"product_tag":[],"class_list":{"0":"post-8966","1":"product","2":"type-product","3":"status-publish","4":"has-post-thumbnail","6":"product_brand-noch","7":"product_cat-noch-landskap-og-detaljer","9":"first","10":"instock","11":"taxable","12":"shipping-taxable","13":"purchasable","14":"product-type-simple"},"_links":{"self":[{"href":"https:\/\/bigfunhobby.com\/da\/wp-json\/wp\/v2\/product\/8966","targetHints":{"allow":["GET"]}}],"collection":[{"href":"https:\/\/bigfunhobby.com\/da\/wp-json\/wp\/v2\/product"}],"about":[{"href":"https:\/\/bigfunhobby.com\/da\/wp-json\/wp\/v2\/types\/product"}],"replies":[{"embeddable":true,"href":"https:\/\/bigfunhobby.com\/da\/wp-json\/wp\/v2\/comments?post=8966"}],"wp:featuredmedia":[{"embeddable":true,"href":"https:\/\/bigfunhobby.com\/da\/wp-json\/wp\/v2\/media\/8965"}],"wp:attachment":[{"href":"https:\/\/bigfunhobby.com\/da\/wp-json\/wp\/v2\/media?parent=8966"}],"wp:term":[{"taxonomy":"product_brand","embeddable":true,"href":"https:\/\/bigfunhobby.com\/da\/wp-json\/wp\/v2\/product_brand?post=8966"},{"taxonomy":"product_cat","embeddable":true,"href":"https:\/\/bigfunhobby.com\/da\/wp-json\/wp\/v2\/product_cat?post=8966"},{"taxonomy":"product_tag","embeddable":true,"href":"https:\/\/bigfunhobby.com\/da\/wp-json\/wp\/v2\/product_tag?post=8966"}],"curies":[{"name":"wp","href":"https:\/\/api.w.org\/{rel}","templated":true}]}}