{"id":8982,"date":"2025-03-08T17:20:07","date_gmt":"2025-03-08T17:20:07","guid":{"rendered":"https:\/\/bigfunhobby.com\/butikk\/railway-construction-group\/"},"modified":"2025-12-04T11:01:12","modified_gmt":"2025-12-04T09:01:12","slug":"railway-construction-group","status":"publish","type":"product","link":"https:\/\/bigfunhobby.com\/da\/butikk\/railway-construction-group\/","title":{"rendered":"Railway Construction Group"},"content":{"rendered":"<p>La oss ta deg med p\u00e5 en fascinerende reise inn i verdenen av modelljernbanebygging med Railway Construction Group. Dette byggesettet er en fantastisk m\u00e5te \u00e5 utforske hobbyen p\u00e5, uavhengig av om du er en nybegynner eller en erfaren entusiast.<\/p>\n<p>Med Railway Construction Group kan du bygge ditt eget jernbanesystem i H0 skala. Dette gir deg muligheten til \u00e5 skape ditt eget realistiske jernbanemilj\u00f8, helt ned til minste detalj.<\/p>\n<ul>\n<li>Perfekt for \u00e5 l\u00e6re om strukturen og funksjonaliteten til jernbaner<\/li>\n<li>Utvikler ferdighetene dine innen modellbygging og kreativ tenkning<\/li>\n<li>En flott aktivitet \u00e5 dele med venner og familie<\/li>\n<\/ul>\n<p>Jernbanebygging har en lang og rik historie, og med Railway Construction Group kan du bli en del av denne tradisjonen. Fra de tidligste dager av jernbaneutviklingen til moderne h\u00f8yhastighetstog, gir modelljernbanebygging deg muligheten til \u00e5 gjenskape denne historien i miniatyr.<\/p>\n<p>Dykk ned i verdenen av modelljernbanebygging og oppdag en ny, engasjerende hobby. Kj\u00f8p Railway Construction Group i dag og start din reise inn i denne fascinerende verdenen. Bestill n\u00e5!<\/p>","protected":false},"excerpt":{"rendered":"<p>Oppdag spenningen med modelljernbanebygging gjennom Railway Construction Group. Perfekt for b\u00e5de nybegynnere og erfarne entusiaster.<\/p>","protected":false},"featured_media":8981,"comment_status":"open","ping_status":"closed","template":"","meta":[],"product_brand":[109],"product_cat":[80],"product_tag":[],"class_list":{"0":"post-8982","1":"product","2":"type-product","3":"status-publish","4":"has-post-thumbnail","6":"product_brand-noch","7":"product_cat-noch-landskap-og-detaljer","9":"first","10":"instock","11":"taxable","12":"shipping-taxable","13":"purchasable","14":"product-type-simple"},"_links":{"self":[{"href":"https:\/\/bigfunhobby.com\/da\/wp-json\/wp\/v2\/product\/8982","targetHints":{"allow":["GET"]}}],"collection":[{"href":"https:\/\/bigfunhobby.com\/da\/wp-json\/wp\/v2\/product"}],"about":[{"href":"https:\/\/bigfunhobby.com\/da\/wp-json\/wp\/v2\/types\/product"}],"replies":[{"embeddable":true,"href":"https:\/\/bigfunhobby.com\/da\/wp-json\/wp\/v2\/comments?post=8982"}],"wp:featuredmedia":[{"embeddable":true,"href":"https:\/\/bigfunhobby.com\/da\/wp-json\/wp\/v2\/media\/8981"}],"wp:attachment":[{"href":"https:\/\/bigfunhobby.com\/da\/wp-json\/wp\/v2\/media?parent=8982"}],"wp:term":[{"taxonomy":"product_brand","embeddable":true,"href":"https:\/\/bigfunhobby.com\/da\/wp-json\/wp\/v2\/product_brand?post=8982"},{"taxonomy":"product_cat","embeddable":true,"href":"https:\/\/bigfunhobby.com\/da\/wp-json\/wp\/v2\/product_cat?post=8982"},{"taxonomy":"product_tag","embeddable":true,"href":"https:\/\/bigfunhobby.com\/da\/wp-json\/wp\/v2\/product_tag?post=8982"}],"curies":[{"name":"wp","href":"https:\/\/api.w.org\/{rel}","templated":true}]}}