{"id":8996,"date":"2025-03-08T17:20:13","date_gmt":"2025-03-08T17:20:13","guid":{"rendered":"https:\/\/bigfunhobby.com\/butikk\/farm-animals\/"},"modified":"2025-12-04T11:01:12","modified_gmt":"2025-12-04T09:01:12","slug":"farm-animals","status":"publish","type":"product","link":"https:\/\/bigfunhobby.com\/da\/butikk\/farm-animals\/","title":{"rendered":"Farm Animals"},"content":{"rendered":"<p>Ta modelljernbanen eller modellg\u00e5rden din til det neste niv\u00e5et med v\u00e5rt Farm Animals byggesett i H0-skala. Dette settet inneholder en rekke dyrefigurer med h\u00f8y detaljrikdom, som vil gi realisme og dybde til ditt modellandsskap.<\/p>\n<ul>\n<li><strong>Produktkategori:<\/strong> Modelljernbane \/ Modellbygging<\/li>\n<li><strong>Skala:<\/strong> H0<\/li>\n<li><strong>Materialer:<\/strong> H\u00f8ykvalitets plast<\/li>\n<\/ul>\n<p>Farm Animals byggesettet er ideelt for b\u00e5de nybegynnere og erfarne modellbyggere. Det er enkelt \u00e5 montere, og gir deg muligheten til \u00e5 tilpasse og detaljere ditt modelllandskap etter eget \u00f8nske.<\/p>\n<p>Modellbygging har en lang historie og har v\u00e6rt en popul\u00e6r hobby for mange i flere ti\u00e5r. Det gir en unik mulighet til \u00e5 uttrykke kreativitet, samtidig som det kan v\u00e6re b\u00e5de avslappende og givende.<\/p>\n<p>S\u00e5 hvorfor vente? Ta modelljernbanen eller modellg\u00e5rden din til et nytt niv\u00e5 med v\u00e5rt Farm Animals byggesett. Utforsk det store utvalget v\u00e5rt av byggesett og modellhobbyprodukter. Bestill ditt Farm Animals byggesett i dag!<\/p>","protected":false},"excerpt":{"rendered":"<p>Farm Animals er et detaljert byggesett i H0-skala, perfekt for \u00e5 gi liv til modelljernbanen din eller modellg\u00e5rden.<\/p>","protected":false},"featured_media":8995,"comment_status":"open","ping_status":"closed","template":"","meta":[],"product_brand":[109],"product_cat":[80],"product_tag":[],"class_list":{"0":"post-8996","1":"product","2":"type-product","3":"status-publish","4":"has-post-thumbnail","6":"product_brand-noch","7":"product_cat-noch-landskap-og-detaljer","9":"first","10":"instock","11":"taxable","12":"shipping-taxable","13":"purchasable","14":"product-type-simple"},"_links":{"self":[{"href":"https:\/\/bigfunhobby.com\/da\/wp-json\/wp\/v2\/product\/8996","targetHints":{"allow":["GET"]}}],"collection":[{"href":"https:\/\/bigfunhobby.com\/da\/wp-json\/wp\/v2\/product"}],"about":[{"href":"https:\/\/bigfunhobby.com\/da\/wp-json\/wp\/v2\/types\/product"}],"replies":[{"embeddable":true,"href":"https:\/\/bigfunhobby.com\/da\/wp-json\/wp\/v2\/comments?post=8996"}],"wp:featuredmedia":[{"embeddable":true,"href":"https:\/\/bigfunhobby.com\/da\/wp-json\/wp\/v2\/media\/8995"}],"wp:attachment":[{"href":"https:\/\/bigfunhobby.com\/da\/wp-json\/wp\/v2\/media?parent=8996"}],"wp:term":[{"taxonomy":"product_brand","embeddable":true,"href":"https:\/\/bigfunhobby.com\/da\/wp-json\/wp\/v2\/product_brand?post=8996"},{"taxonomy":"product_cat","embeddable":true,"href":"https:\/\/bigfunhobby.com\/da\/wp-json\/wp\/v2\/product_cat?post=8996"},{"taxonomy":"product_tag","embeddable":true,"href":"https:\/\/bigfunhobby.com\/da\/wp-json\/wp\/v2\/product_tag?post=8996"}],"curies":[{"name":"wp","href":"https:\/\/api.w.org\/{rel}","templated":true}]}}